{"id":1405,"date":"2015-06-11T13:02:54","date_gmt":"2015-06-11T13:02:54","guid":{"rendered":"http:\/\/www.heynekunstfabrik.de\/tape-it\/?page_id=1405"},"modified":"2024-06-24T14:51:03","modified_gmt":"2024-06-24T14:51:03","slug":"2015-tape-it-european-tape-art","status":"publish","type":"page","link":"https:\/\/heynekunstfabrik.de\/home\/2015-tape-it-european-tape-art\/","title":{"rendered":"2015 \u2013 TAPE IT European Tape Art"},"content":{"rendered":"<h2><span style=\"font-size: 14pt;\"><span style=\"color: #0093d2;\">12. Februar \u2013 2. April 2015<br \/>\n<\/span><br \/>\n<span style=\"color: #0093d2; font-size: 20pt;\">Die europaweit erste Tape Art<br \/>\nGruppen-Ausstellung<\/span><\/span><\/h2>\n<p><span style=\"color: #0093d2; font-size: 14pt;\">Von Februar bis Anfang April 2015 zeigte die Heyne Kunstfabrik die europaweit erste Tape Art Gruppen-Ausstellung mit mehr als 30 Tape-Werken \u2013&nbsp;von klassischen Bildformaten \u00fcber&nbsp;Rauminstallationen bis hin zu Performances&nbsp;in Offenbach und Frankfurt. Ein besonderes Highlight bot ein Kleinwagen, der zu diesem Anlass mit Klebeband gestaltet wurde.<\/span><\/p>\n<p><span style=\"color: #0093d2; font-size: 14pt;\">Arbeiten von 7 europ\u00e4ischen Tape-K\u00fcnstlern und 2 Kollektiven aus Berlin wurden ausgestellt:&nbsp;<span style=\"line-height: 1.5;\">Jonas Hohnke, Klebebande Berlin (Kolja Bultmann, Bruno Kolberg, Bodo H\u00f6bing), Bj\u00f6rn Koop, Evi Kupfer, Felix Rodewaldt, Tape That (Nicolas <span style=\"color: #0093d2;\">Lawin, Steffen Gorski), Noelia Villena, Daniel Wenk, Thomas Wenk und Max Zorn.<br \/>\n<\/span><\/span><\/span><\/p>\n<p>Kurator: Thomas Kypta<br \/>\nCo-Kuratorin: Berenike Eimler<\/p>\n<h4><span style=\"color: #808080;\"><span style=\"font-size: 18pt;\">Tape in der zeitgen\u00f6ssischen Kunst<br \/>\n<\/span><\/span><span style=\"color: #808080;\"><span style=\"font-size: 12pt;\">Tape Art&nbsp;entstand in d<span style=\"color: #808080;\">er Street Art Szene der 60er Jahre als Intervention im \u00f6ffentlichen Raum. Das sofort haftende Material kann jede Fl\u00e4che schnell okkupieren und umdefinieren. Heute ist die Tape Art als urbane und salonf\u00e4hige Kunst weltweit anerkannt. Es entste<\/span>hen minimalistische Unikat-Werke, gl\u00e4nzende Objekte, poppige Muster oder plastische Traumwelten. Die Ausstellung umfasst ein buntes Pottpourrie zeitgen\u00f6ssischer Tape-Kunst.<\/span><\/span><\/h4>\n\n\t\t<style type=\"text\/css\">\n\t\t\t#gallery-1 {\n\t\t\t\tmargin: auto;\n\t\t\t}\n\t\t\t#gallery-1 .gallery-item {\n\t\t\t\tfloat: left;\n\t\t\t\tmargin-top: 10px;\n\t\t\t\ttext-align: center;\n\t\t\t\twidth: 33%;\n\t\t\t}\n\t\t\t#gallery-1 img {\n\t\t\t\tborder: 2px solid #cfcfcf;\n\t\t\t}\n\t\t\t#gallery-1 .gallery-caption {\n\t\t\t\tmargin-left: 0;\n\t\t\t}\n\t\t\t\/* see gallery_shortcode() in wp-includes\/media.php *\/\n\t\t<\/style>\n\t\t<div id='gallery-1' class='gallery galleryid-1405 gallery-columns-3 gallery-size-medium'><dl class='gallery-item'>\n\t\t\t<dt class='gallery-icon landscape'>\n\t\t\t\t<img loading=\"lazy\" decoding=\"async\" width=\"300\" height=\"88\" src=\"https:\/\/heynekunstfabrik.de\/home\/wp-content\/uploads\/2015\/01\/Slider9_Hohnke-300x88.jpg\" class=\"attachment-medium size-medium\" alt=\"Tape It\" aria-describedby=\"gallery-1-131\" srcset=\"https:\/\/heynekunstfabrik.de\/home\/wp-content\/uploads\/2015\/01\/Slider9_Hohnke-300x88.jpg 300w, https:\/\/heynekunstfabrik.de\/home\/wp-content\/uploads\/2015\/01\/Slider9_Hohnke-1024x299.jpg 1024w, https:\/\/heynekunstfabrik.de\/home\/wp-content\/uploads\/2015\/01\/Slider9_Hohnke-150x44.jpg 150w, https:\/\/heynekunstfabrik.de\/home\/wp-content\/uploads\/2015\/01\/Slider9_Hohnke.jpg 1200w\" sizes=\"(max-width: 300px) 100vw, 300px\" \/>\n\t\t\t<\/dt>\n\t\t\t\t<dd class='wp-caption-text gallery-caption' id='gallery-1-131'>\n\t\t\t\tJonas Hohnke\n\t\t\t\t<\/dd><\/dl><dl class='gallery-item'>\n\t\t\t<dt class='gallery-icon landscape'>\n\t\t\t\t<img loading=\"lazy\" decoding=\"async\" width=\"300\" height=\"88\" src=\"https:\/\/heynekunstfabrik.de\/home\/wp-content\/uploads\/2015\/01\/Slider8_Klebebande-300x88.jpg\" class=\"attachment-medium size-medium\" alt=\"\" aria-describedby=\"gallery-1-129\" srcset=\"https:\/\/heynekunstfabrik.de\/home\/wp-content\/uploads\/2015\/01\/Slider8_Klebebande-300x88.jpg 300w, https:\/\/heynekunstfabrik.de\/home\/wp-content\/uploads\/2015\/01\/Slider8_Klebebande-1024x299.jpg 1024w, https:\/\/heynekunstfabrik.de\/home\/wp-content\/uploads\/2015\/01\/Slider8_Klebebande-150x44.jpg 150w, https:\/\/heynekunstfabrik.de\/home\/wp-content\/uploads\/2015\/01\/Slider8_Klebebande.jpg 1200w\" sizes=\"(max-width: 300px) 100vw, 300px\" \/>\n\t\t\t<\/dt>\n\t\t\t\t<dd class='wp-caption-text gallery-caption' id='gallery-1-129'>\n\t\t\t\tKlebebande\n\t\t\t\t<\/dd><\/dl><dl class='gallery-item'>\n\t\t\t<dt class='gallery-icon landscape'>\n\t\t\t\t<img loading=\"lazy\" decoding=\"async\" width=\"300\" height=\"88\" src=\"https:\/\/heynekunstfabrik.de\/home\/wp-content\/uploads\/2015\/01\/Slider2_Koob-300x88.jpg\" class=\"attachment-medium size-medium\" alt=\"\" aria-describedby=\"gallery-1-122\" srcset=\"https:\/\/heynekunstfabrik.de\/home\/wp-content\/uploads\/2015\/01\/Slider2_Koob-300x88.jpg 300w, https:\/\/heynekunstfabrik.de\/home\/wp-content\/uploads\/2015\/01\/Slider2_Koob-1024x299.jpg 1024w, https:\/\/heynekunstfabrik.de\/home\/wp-content\/uploads\/2015\/01\/Slider2_Koob-150x44.jpg 150w, https:\/\/heynekunstfabrik.de\/home\/wp-content\/uploads\/2015\/01\/Slider2_Koob.jpg 1200w\" sizes=\"(max-width: 300px) 100vw, 300px\" \/>\n\t\t\t<\/dt>\n\t\t\t\t<dd class='wp-caption-text gallery-caption' id='gallery-1-122'>\n\t\t\t\tBj\u00f6rn Koop\n\t\t\t\t<\/dd><\/dl><br style=\"clear: both\" \/><dl class='gallery-item'>\n\t\t\t<dt class='gallery-icon landscape'>\n\t\t\t\t<img loading=\"lazy\" decoding=\"async\" width=\"300\" height=\"88\" src=\"https:\/\/heynekunstfabrik.de\/home\/wp-content\/uploads\/2015\/01\/Slide3_Kupfer-300x88.jpg\" class=\"attachment-medium size-medium\" alt=\"\" aria-describedby=\"gallery-1-124\" srcset=\"https:\/\/heynekunstfabrik.de\/home\/wp-content\/uploads\/2015\/01\/Slide3_Kupfer-300x88.jpg 300w, https:\/\/heynekunstfabrik.de\/home\/wp-content\/uploads\/2015\/01\/Slide3_Kupfer-1024x299.jpg 1024w, https:\/\/heynekunstfabrik.de\/home\/wp-content\/uploads\/2015\/01\/Slide3_Kupfer-150x44.jpg 150w, https:\/\/heynekunstfabrik.de\/home\/wp-content\/uploads\/2015\/01\/Slide3_Kupfer.jpg 1200w\" sizes=\"(max-width: 300px) 100vw, 300px\" \/>\n\t\t\t<\/dt>\n\t\t\t\t<dd class='wp-caption-text gallery-caption' id='gallery-1-124'>\n\t\t\t\tEvi Kupfer\n\t\t\t\t<\/dd><\/dl><dl class='gallery-item'>\n\t\t\t<dt class='gallery-icon landscape'>\n\t\t\t\t<img loading=\"lazy\" decoding=\"async\" width=\"300\" height=\"88\" src=\"https:\/\/heynekunstfabrik.de\/home\/wp-content\/uploads\/2015\/01\/Slider1_Rodewaldt_1200x350-300x88.jpg\" class=\"attachment-medium size-medium\" alt=\"\" aria-describedby=\"gallery-1-120\" srcset=\"https:\/\/heynekunstfabrik.de\/home\/wp-content\/uploads\/2015\/01\/Slider1_Rodewaldt_1200x350-300x88.jpg 300w, https:\/\/heynekunstfabrik.de\/home\/wp-content\/uploads\/2015\/01\/Slider1_Rodewaldt_1200x350-1024x299.jpg 1024w, https:\/\/heynekunstfabrik.de\/home\/wp-content\/uploads\/2015\/01\/Slider1_Rodewaldt_1200x350-150x44.jpg 150w, https:\/\/heynekunstfabrik.de\/home\/wp-content\/uploads\/2015\/01\/Slider1_Rodewaldt_1200x350.jpg 1200w\" sizes=\"(max-width: 300px) 100vw, 300px\" \/>\n\t\t\t<\/dt>\n\t\t\t\t<dd class='wp-caption-text gallery-caption' id='gallery-1-120'>\n\t\t\t\tFelix Rodewaldt\n\t\t\t\t<\/dd><\/dl><dl class='gallery-item'>\n\t\t\t<dt class='gallery-icon landscape'>\n\t\t\t\t<img loading=\"lazy\" decoding=\"async\" width=\"300\" height=\"87\" src=\"https:\/\/heynekunstfabrik.de\/home\/wp-content\/uploads\/2015\/01\/Slider5_TapeThat-300x87.jpg\" class=\"attachment-medium size-medium\" alt=\"\" aria-describedby=\"gallery-1-127\" srcset=\"https:\/\/heynekunstfabrik.de\/home\/wp-content\/uploads\/2015\/01\/Slider5_TapeThat-300x87.jpg 300w, https:\/\/heynekunstfabrik.de\/home\/wp-content\/uploads\/2015\/01\/Slider5_TapeThat-1024x298.jpg 1024w, https:\/\/heynekunstfabrik.de\/home\/wp-content\/uploads\/2015\/01\/Slider5_TapeThat-150x44.jpg 150w, https:\/\/heynekunstfabrik.de\/home\/wp-content\/uploads\/2015\/01\/Slider5_TapeThat.jpg 1201w\" sizes=\"(max-width: 300px) 100vw, 300px\" \/>\n\t\t\t<\/dt>\n\t\t\t\t<dd class='wp-caption-text gallery-caption' id='gallery-1-127'>\n\t\t\t\tTape That\n\t\t\t\t<\/dd><\/dl><br style=\"clear: both\" \/><dl class='gallery-item'>\n\t\t\t<dt class='gallery-icon landscape'>\n\t\t\t\t<img loading=\"lazy\" decoding=\"async\" width=\"300\" height=\"88\" src=\"https:\/\/heynekunstfabrik.de\/home\/wp-content\/uploads\/2015\/01\/Slider4_Villena-300x88.jpg\" class=\"attachment-medium size-medium\" alt=\"\" aria-describedby=\"gallery-1-130\" srcset=\"https:\/\/heynekunstfabrik.de\/home\/wp-content\/uploads\/2015\/01\/Slider4_Villena-300x88.jpg 300w, https:\/\/heynekunstfabrik.de\/home\/wp-content\/uploads\/2015\/01\/Slider4_Villena-1024x299.jpg 1024w, https:\/\/heynekunstfabrik.de\/home\/wp-content\/uploads\/2015\/01\/Slider4_Villena-150x44.jpg 150w, https:\/\/heynekunstfabrik.de\/home\/wp-content\/uploads\/2015\/01\/Slider4_Villena.jpg 1200w\" sizes=\"(max-width: 300px) 100vw, 300px\" \/>\n\t\t\t<\/dt>\n\t\t\t\t<dd class='wp-caption-text gallery-caption' id='gallery-1-130'>\n\t\t\t\tNoelia Villena\n\t\t\t\t<\/dd><\/dl><dl class='gallery-item'>\n\t\t\t<dt class='gallery-icon landscape'>\n\t\t\t\t<img loading=\"lazy\" decoding=\"async\" width=\"300\" height=\"88\" src=\"https:\/\/heynekunstfabrik.de\/home\/wp-content\/uploads\/2015\/01\/Slider6_Wenk-300x88.jpg\" class=\"attachment-medium size-medium\" alt=\"\" aria-describedby=\"gallery-1-128\" srcset=\"https:\/\/heynekunstfabrik.de\/home\/wp-content\/uploads\/2015\/01\/Slider6_Wenk-300x88.jpg 300w, https:\/\/heynekunstfabrik.de\/home\/wp-content\/uploads\/2015\/01\/Slider6_Wenk-1024x299.jpg 1024w, https:\/\/heynekunstfabrik.de\/home\/wp-content\/uploads\/2015\/01\/Slider6_Wenk-150x44.jpg 150w, https:\/\/heynekunstfabrik.de\/home\/wp-content\/uploads\/2015\/01\/Slider6_Wenk.jpg 1200w\" sizes=\"(max-width: 300px) 100vw, 300px\" \/>\n\t\t\t<\/dt>\n\t\t\t\t<dd class='wp-caption-text gallery-caption' id='gallery-1-128'>\n\t\t\t\tDaniel Wenk und Thomas Wenk\n\t\t\t\t<\/dd><\/dl><dl class='gallery-item'>\n\t\t\t<dt class='gallery-icon landscape'>\n\t\t\t\t<img loading=\"lazy\" decoding=\"async\" width=\"300\" height=\"87\" src=\"https:\/\/heynekunstfabrik.de\/home\/wp-content\/uploads\/2015\/01\/Slider7_Zorn-300x87.jpg\" class=\"attachment-medium size-medium\" alt=\"\" aria-describedby=\"gallery-1-126\" srcset=\"https:\/\/heynekunstfabrik.de\/home\/wp-content\/uploads\/2015\/01\/Slider7_Zorn-300x87.jpg 300w, https:\/\/heynekunstfabrik.de\/home\/wp-content\/uploads\/2015\/01\/Slider7_Zorn-1024x298.jpg 1024w, https:\/\/heynekunstfabrik.de\/home\/wp-content\/uploads\/2015\/01\/Slider7_Zorn-150x44.jpg 150w, https:\/\/heynekunstfabrik.de\/home\/wp-content\/uploads\/2015\/01\/Slider7_Zorn.jpg 1201w\" sizes=\"(max-width: 300px) 100vw, 300px\" \/>\n\t\t\t<\/dt>\n\t\t\t\t<dd class='wp-caption-text gallery-caption' id='gallery-1-126'>\n\t\t\t\tMax Zorn\n\t\t\t\t<\/dd><\/dl><br style=\"clear: both\" \/>\n\t\t<\/div>\n\nngg_shortcode_0_placeholder\n","protected":false},"excerpt":{"rendered":"<p>12. Februar \u2013 2. April 2015 Die europaweit erste Tape Art Gruppen-Ausstellung Von Februar bis Anfang April 2015 zeigte die Heyne Kunstfabrik die europaweit erste Tape Art Gruppen-Ausstellung mit mehr als 30 Tape-Werken \u2013&nbsp;von klassischen Bildformaten \u00fcber&nbsp;Rauminstallationen bis hin zu Performances&nbsp;in Offenbach und Frankfurt. Ein besonderes Highlight bot ein Kleinwagen, der zu diesem Anlass mit [&hellip;]<\/p>\n","protected":false},"author":1,"featured_media":1534,"parent":0,"menu_order":0,"comment_status":"closed","ping_status":"closed","template":"templates\/fullwidth.php","meta":{"ngg_post_thumbnail":0,"footnotes":""},"_links":{"self":[{"href":"https:\/\/heynekunstfabrik.de\/home\/wp-json\/wp\/v2\/pages\/1405"}],"collection":[{"href":"https:\/\/heynekunstfabrik.de\/home\/wp-json\/wp\/v2\/pages"}],"about":[{"href":"https:\/\/heynekunstfabrik.de\/home\/wp-json\/wp\/v2\/types\/page"}],"author":[{"embeddable":true,"href":"https:\/\/heynekunstfabrik.de\/home\/wp-json\/wp\/v2\/users\/1"}],"replies":[{"embeddable":true,"href":"https:\/\/heynekunstfabrik.de\/home\/wp-json\/wp\/v2\/comments?post=1405"}],"version-history":[{"count":22,"href":"https:\/\/heynekunstfabrik.de\/home\/wp-json\/wp\/v2\/pages\/1405\/revisions"}],"predecessor-version":[{"id":3378,"href":"https:\/\/heynekunstfabrik.de\/home\/wp-json\/wp\/v2\/pages\/1405\/revisions\/3378"}],"wp:featuredmedia":[{"embeddable":true,"href":"https:\/\/heynekunstfabrik.de\/home\/wp-json\/wp\/v2\/media\/1534"}],"wp:attachment":[{"href":"https:\/\/heynekunstfabrik.de\/home\/wp-json\/wp\/v2\/media?parent=1405"}],"curies":[{"name":"wp","href":"https:\/\/api.w.org\/{rel}","templated":true}]}}