{"id":1541,"date":"2015-06-25T08:36:40","date_gmt":"2015-06-25T08:36:40","guid":{"rendered":"http:\/\/www.heynekunstfabrik.de\/home\/?page_id=1541"},"modified":"2026-01-16T09:25:27","modified_gmt":"2026-01-16T09:25:27","slug":"heyne-kunst-fabrik","status":"publish","type":"page","link":"https:\/\/heynekunstfabrik.de\/home\/heyne-kunst-fabrik\/","title":{"rendered":"Heyne Kunst Fabrik"},"content":{"rendered":"<p>Die HEYNE KUNST FABRIK gGmbH ist eine gemeinn\u00fctzige Kunst-Organisation. Begonnen hat die Ausstellungst\u00e4tigkeit in verschiedenen R\u00e4umlichkeiten in der Heyne Fabrik, am Offenbacher Hafen, zuletzt auf ca. 400 qm.<\/p>\n<p>Seit 2007 f\u00fchrt die Heyne Kunst Fabrik unter der Leitung von Kurator und Kunstsammler Thomas Kypta zeitgen\u00f6ssische Kunstausstellungen, eigenkuratierte Einzel- und Gruppenausstellungen und Kooperativen mit Kunstvereinen und anderen Kunstinstitutionen und Veranstaltern durch. Der Fokus liegt auf der F\u00f6rderung von jungen Talenten der Gegenwartskunst, des Ausbaus der Bekanntheit bereits etablierterer K\u00fcnstler und der F\u00f6rderung des internationalen Austauschs. Ziel ist es auch immer wieder neues und bisher ungesehenes zu entdecken und der interessierten \u00d6ffentlichkeit zu zeigen.<\/p>\n<p>Street Art und Tape Art sind im breiten F\u00e4cher der ausgestellten Genres ebenfalls stolz vertreten. 2015 fand in der Heyne Kunst Fabrik die bisher gr\u00f6\u00dfte Gruppenausstellung Europ\u00e4ischer Tape Art mit 13 K\u00fcnstlern statt. Diese war Initialz\u00fcndung und Begegnungsstt\u00e4tte f\u00fcr viele Akteure der Tape Art. Inspiriert durch diese erste Ausstellung europ\u00e4ischer Tape-Art in dieser Breite und Vielfalt resultierten die in den Folgejahren stattfindenden Tape Art Conventions in Berlin. Immer wieder auch ist die Heyne Kunst Fabrik auch Plattform f\u00fcr etablierte K\u00fcnstler im Rahmen von Retrospektiven oder Themenausstellungen<\/p>\n<p>Seit 2014 entwickelt Thomas Kypta unter dem Label BadOrb-Kreativquartier im historischen Zentrum der Kurstadt Bad Orb ein Quartier mit K\u00fcnstlerateliers, Galerien, Gastronomie und einer Dependance der Heyne Kunst Fabrik. Dazu wurde in 2018 ein Fachwerkhaus saniert und als Ausstellungsgeb\u00e4ude f\u00fcr die Heyne Kunst Fabrik umgebaut. Dieses Geb\u00e4ude soll Host f\u00fcr Artist in Residence Programme sein als auch ein musealer Ort, um Teil der Sammlung von Thomas Kypta in wechselnden H\u00e4ngungen zu zeigen.<\/p>\n<p>Das BadOrb-Kreativquartier ist sukzessive ausgebaut worden und verf\u00fcgt nun \u00fcber 5 kleine Galeriefl\u00e4chen, in 2026 wird eine weitere Galerie und ein Concept-Store dazu kommen.&nbsp;<\/p>\n<p>2026 wird zudem auch wieder um Aktivit\u00e4ten in der Innenstadt von Offenbach erweitert. 3 Ausstellungen sind f\u00fcr 2026 geplant.&nbsp;<\/p>\n","protected":false},"excerpt":{"rendered":"<p>Die HEYNE KUNST FABRIK gGmbH ist eine gemeinn\u00fctzige Kunst-Organisation. Begonnen hat die Ausstellungst\u00e4tigkeit in verschiedenen R\u00e4umlichkeiten in der Heyne Fabrik, am Offenbacher Hafen, zuletzt auf ca. 400 qm. Seit 2007 f\u00fchrt die Heyne Kunst Fabrik unter der Leitung von Kurator und Kunstsammler Thomas Kypta zeitgen\u00f6ssische Kunstausstellungen, eigenkuratierte Einzel- und Gruppenausstellungen und Kooperativen mit Kunstvereinen und [&hellip;]<\/p>\n","protected":false},"author":1,"featured_media":0,"parent":0,"menu_order":0,"comment_status":"closed","ping_status":"closed","template":"","meta":{"ngg_post_thumbnail":0,"footnotes":""},"_links":{"self":[{"href":"https:\/\/heynekunstfabrik.de\/home\/wp-json\/wp\/v2\/pages\/1541"}],"collection":[{"href":"https:\/\/heynekunstfabrik.de\/home\/wp-json\/wp\/v2\/pages"}],"about":[{"href":"https:\/\/heynekunstfabrik.de\/home\/wp-json\/wp\/v2\/types\/page"}],"author":[{"embeddable":true,"href":"https:\/\/heynekunstfabrik.de\/home\/wp-json\/wp\/v2\/users\/1"}],"replies":[{"embeddable":true,"href":"https:\/\/heynekunstfabrik.de\/home\/wp-json\/wp\/v2\/comments?post=1541"}],"version-history":[{"count":5,"href":"https:\/\/heynekunstfabrik.de\/home\/wp-json\/wp\/v2\/pages\/1541\/revisions"}],"predecessor-version":[{"id":3957,"href":"https:\/\/heynekunstfabrik.de\/home\/wp-json\/wp\/v2\/pages\/1541\/revisions\/3957"}],"wp:attachment":[{"href":"https:\/\/heynekunstfabrik.de\/home\/wp-json\/wp\/v2\/media?parent=1541"}],"curies":[{"name":"wp","href":"https:\/\/api.w.org\/{rel}","templated":true}]}}