{"id":1986,"date":"2015-10-29T09:29:09","date_gmt":"2015-10-29T09:29:09","guid":{"rendered":"http:\/\/www.heynekunstfabrik.de\/home\/?page_id=1986"},"modified":"2025-09-10T07:56:37","modified_gmt":"2025-09-10T07:56:37","slug":"kunst-quartier-in-bad-orb","status":"publish","type":"page","link":"https:\/\/heynekunstfabrik.de\/home\/kunst-quartier-in-bad-orb\/","title":{"rendered":"Kreativquartier"},"content":{"rendered":"<p>Ein ehemaliges Gasthaus wird zum Startpunkt f\u00fcr das Kreativquartier im Zentrum von Bad Orb. 2013 wurde die Immobilie ehemals Caf\u00e9 Carstens in Bad Orb am Quellenring 15 erworben. Das Geb\u00e4ude mit 300 QM Gescho\u00dffl\u00e4che wurde zuletzt als Gasthaus mit Fremdenzimmern genutzt und stand dann 10 Jahre leer, bzw. nur 1 Wohnung im Haus war durch die Eigent\u00fcmer belegt.<\/p>\n<p><a href=\"http:\/\/www.heynekunstfabrik.de\/home\/wp-content\/uploads\/2015\/10\/IMG_0862.jpg\"><img loading=\"lazy\" decoding=\"async\" class=\"alignnone size-medium wp-image-1987\" src=\"http:\/\/www.heynekunstfabrik.de\/home\/wp-content\/uploads\/2015\/10\/IMG_0862-300x200.jpg\" alt=\"IMG_0862\" width=\"300\" height=\"200\" srcset=\"https:\/\/heynekunstfabrik.de\/home\/wp-content\/uploads\/2015\/10\/IMG_0862-300x200.jpg 300w, https:\/\/heynekunstfabrik.de\/home\/wp-content\/uploads\/2015\/10\/IMG_0862-1024x683.jpg 1024w, https:\/\/heynekunstfabrik.de\/home\/wp-content\/uploads\/2015\/10\/IMG_0862-150x100.jpg 150w\" sizes=\"(max-width: 300px) 100vw, 300px\" \/><\/a><a href=\"http:\/\/www.heynekunstfabrik.de\/home\/wp-content\/uploads\/2015\/10\/IMG_9153.jpg\">&nbsp; <img loading=\"lazy\" decoding=\"async\" class=\"alignnone size-medium wp-image-1991\" src=\"http:\/\/www.heynekunstfabrik.de\/home\/wp-content\/uploads\/2015\/10\/IMG_9153-300x200.jpg\" alt=\"IMG_9153\" width=\"300\" height=\"200\" srcset=\"https:\/\/heynekunstfabrik.de\/home\/wp-content\/uploads\/2015\/10\/IMG_9153-300x200.jpg 300w, https:\/\/heynekunstfabrik.de\/home\/wp-content\/uploads\/2015\/10\/IMG_9153-1024x683.jpg 1024w, https:\/\/heynekunstfabrik.de\/home\/wp-content\/uploads\/2015\/10\/IMG_9153-150x100.jpg 150w\" sizes=\"(max-width: 300px) 100vw, 300px\" \/><\/a><\/p>\n<p>Thomas Kypta konzipierte eine neue Mischnutzung des Geb\u00e4udes aus Gastronomie im EG, Wohnen im 1. OG&nbsp; und K\u00fcnstlerateliers im 2. OG.&nbsp; 2013 zogen die ersten Ateliermieter ein, das langj\u00e4hrige Eigent\u00fcmerehepaar Carstens bewohnt weiterhin seine Wohnung und harmoniert mit den anderen Nutzern bestens. Frau Carstens ist die gute Seele des Hauses.<\/p>\n<p>Das Haus selbst ist vom Erdgescho\u00dfflur bis ins 2. Obergescho\u00df auch Galerie. Es sind Werke unterschiedlicher K\u00fcnstler zu sehen, Im Erdgescho\u00df betreibt seitlich im Haus Angelique Malekian das &#8222;Caf\u00e9 Palm&#8220; in den R\u00e4umen, die vor langer Zeit&nbsp; mal eine Metzgerei beherbergt haben. Die vordere Gastronomie ist seit Sommer 2016 in den H\u00e4nden der Familie Sidhu\/Kaur aus Nordindien. Mit dem Curry House &#8211; bieten sie original indische Spezialit\u00e4ten. Ein Genu\u00df f\u00fcr exotisch liebende Gaumen.<\/p>\n<p><a href=\"http:\/\/www.heynekunstfabrik.de\/home\/wp-content\/uploads\/2015\/10\/IMG_9239.jpg\"><img loading=\"lazy\" decoding=\"async\" class=\"alignnone size-medium wp-image-1988\" src=\"http:\/\/www.heynekunstfabrik.de\/home\/wp-content\/uploads\/2015\/10\/IMG_9239-300x200.jpg\" alt=\"IMG_9239\" width=\"300\" height=\"200\" srcset=\"https:\/\/heynekunstfabrik.de\/home\/wp-content\/uploads\/2015\/10\/IMG_9239-300x200.jpg 300w, https:\/\/heynekunstfabrik.de\/home\/wp-content\/uploads\/2015\/10\/IMG_9239-1024x683.jpg 1024w, https:\/\/heynekunstfabrik.de\/home\/wp-content\/uploads\/2015\/10\/IMG_9239-150x100.jpg 150w\" sizes=\"(max-width: 300px) 100vw, 300px\" \/>&nbsp; <\/a><a href=\"http:\/\/www.heynekunstfabrik.de\/home\/wp-content\/uploads\/2015\/10\/IMG_9465_Q15_mitSaline3.jpg\"><img loading=\"lazy\" decoding=\"async\" class=\"alignnone  wp-image-2004\" src=\"http:\/\/www.heynekunstfabrik.de\/home\/wp-content\/uploads\/2015\/10\/IMG_9465_Q15_mitSaline3-300x221.jpg\" alt=\"IMG_9465_Q15_mitSaline3\" width=\"266\" height=\"196\" srcset=\"https:\/\/heynekunstfabrik.de\/home\/wp-content\/uploads\/2015\/10\/IMG_9465_Q15_mitSaline3-300x221.jpg 300w, https:\/\/heynekunstfabrik.de\/home\/wp-content\/uploads\/2015\/10\/IMG_9465_Q15_mitSaline3-1024x755.jpg 1024w, https:\/\/heynekunstfabrik.de\/home\/wp-content\/uploads\/2015\/10\/IMG_9465_Q15_mitSaline3-150x111.jpg 150w, https:\/\/heynekunstfabrik.de\/home\/wp-content\/uploads\/2015\/10\/IMG_9465_Q15_mitSaline3.jpg 1082w\" sizes=\"(max-width: 266px) 100vw, 266px\" \/><\/a><a href=\"http:\/\/www.heynekunstfabrik.de\/home\/wp-content\/uploads\/2015\/10\/IMG_9236.jpg\">&nbsp;&nbsp; <img loading=\"lazy\" decoding=\"async\" class=\"alignnone size-medium wp-image-2010\" src=\"http:\/\/www.heynekunstfabrik.de\/home\/wp-content\/uploads\/2015\/10\/IMG_9236-300x200.jpg\" alt=\"IMG_9236\" width=\"300\" height=\"200\" srcset=\"https:\/\/heynekunstfabrik.de\/home\/wp-content\/uploads\/2015\/10\/IMG_9236-300x200.jpg 300w, https:\/\/heynekunstfabrik.de\/home\/wp-content\/uploads\/2015\/10\/IMG_9236-1024x683.jpg 1024w, https:\/\/heynekunstfabrik.de\/home\/wp-content\/uploads\/2015\/10\/IMG_9236-150x100.jpg 150w\" sizes=\"(max-width: 300px) 100vw, 300px\" \/><\/a><a href=\"http:\/\/www.heynekunstfabrik.de\/home\/wp-content\/uploads\/2015\/10\/IMG_3001.jpg\">&nbsp; <img loading=\"lazy\" decoding=\"async\" class=\"alignnone  wp-image-2192\" src=\"http:\/\/www.heynekunstfabrik.de\/home\/wp-content\/uploads\/2015\/10\/IMG_3001-300x198.jpg\" alt=\"IMG_3001\" width=\"291\" height=\"192\" srcset=\"https:\/\/heynekunstfabrik.de\/home\/wp-content\/uploads\/2015\/10\/IMG_3001-300x198.jpg 300w, https:\/\/heynekunstfabrik.de\/home\/wp-content\/uploads\/2015\/10\/IMG_3001-1024x675.jpg 1024w, https:\/\/heynekunstfabrik.de\/home\/wp-content\/uploads\/2015\/10\/IMG_3001-150x99.jpg 150w, https:\/\/heynekunstfabrik.de\/home\/wp-content\/uploads\/2015\/10\/IMG_3001.jpg 1900w\" sizes=\"(max-width: 291px) 100vw, 291px\" \/><\/a><a href=\"http:\/\/www.heynekunstfabrik.de\/home\/wp-content\/uploads\/2015\/10\/IMG_3167-e1511801760934.jpg\"><img loading=\"lazy\" decoding=\"async\" class=\"alignnone  wp-image-2189\" src=\"http:\/\/www.heynekunstfabrik.de\/home\/wp-content\/uploads\/2015\/10\/IMG_3167-e1511801760934-300x224.jpg\" alt=\"IMG_3167\" width=\"267\" height=\"199\" srcset=\"https:\/\/heynekunstfabrik.de\/home\/wp-content\/uploads\/2015\/10\/IMG_3167-e1511801760934-300x224.jpg 300w, https:\/\/heynekunstfabrik.de\/home\/wp-content\/uploads\/2015\/10\/IMG_3167-e1511801760934-150x112.jpg 150w, https:\/\/heynekunstfabrik.de\/home\/wp-content\/uploads\/2015\/10\/IMG_3167-e1511801760934.jpg 640w\" sizes=\"(max-width: 267px) 100vw, 267px\" \/><\/a><a href=\"http:\/\/www.heynekunstfabrik.de\/home\/wp-content\/uploads\/2015\/10\/IMG_7546.jpg\">&nbsp; <img loading=\"lazy\" decoding=\"async\" class=\"alignnone size-medium wp-image-2194\" src=\"http:\/\/www.heynekunstfabrik.de\/home\/wp-content\/uploads\/2015\/10\/IMG_7546-300x200.jpg\" alt=\"IMG_7546\" width=\"300\" height=\"200\" srcset=\"https:\/\/heynekunstfabrik.de\/home\/wp-content\/uploads\/2015\/10\/IMG_7546-300x200.jpg 300w, https:\/\/heynekunstfabrik.de\/home\/wp-content\/uploads\/2015\/10\/IMG_7546-1024x683.jpg 1024w, https:\/\/heynekunstfabrik.de\/home\/wp-content\/uploads\/2015\/10\/IMG_7546-150x100.jpg 150w\" sizes=\"(max-width: 300px) 100vw, 300px\" \/><\/a><a href=\"http:\/\/www.heynekunstfabrik.de\/home\/wp-content\/uploads\/2015\/10\/IMG_7534.jpg\">&nbsp; <img loading=\"lazy\" decoding=\"async\" class=\"alignnone size-medium wp-image-2193\" src=\"http:\/\/www.heynekunstfabrik.de\/home\/wp-content\/uploads\/2015\/10\/IMG_7534-300x200.jpg\" alt=\"IMG_7534\" width=\"300\" height=\"200\" srcset=\"https:\/\/heynekunstfabrik.de\/home\/wp-content\/uploads\/2015\/10\/IMG_7534-300x200.jpg 300w, https:\/\/heynekunstfabrik.de\/home\/wp-content\/uploads\/2015\/10\/IMG_7534-1024x683.jpg 1024w, https:\/\/heynekunstfabrik.de\/home\/wp-content\/uploads\/2015\/10\/IMG_7534-150x100.jpg 150w\" sizes=\"(max-width: 300px) 100vw, 300px\" \/><\/a><a href=\"http:\/\/www.heynekunstfabrik.de\/home\/wp-content\/uploads\/2015\/10\/IMG_8831.jpg\">&nbsp; <img loading=\"lazy\" decoding=\"async\" class=\"alignnone size-medium wp-image-2195\" src=\"http:\/\/www.heynekunstfabrik.de\/home\/wp-content\/uploads\/2015\/10\/IMG_8831-300x200.jpg\" alt=\"IMG_8831\" width=\"300\" height=\"200\" srcset=\"https:\/\/heynekunstfabrik.de\/home\/wp-content\/uploads\/2015\/10\/IMG_8831-300x200.jpg 300w, https:\/\/heynekunstfabrik.de\/home\/wp-content\/uploads\/2015\/10\/IMG_8831-1024x683.jpg 1024w, https:\/\/heynekunstfabrik.de\/home\/wp-content\/uploads\/2015\/10\/IMG_8831-150x100.jpg 150w\" sizes=\"(max-width: 300px) 100vw, 300px\" \/><\/a><\/p>\n<p>Zum Quellenring 15 (ca. Baujahr 1940) kamen die Geb\u00e4ude Quellenring 12 (Baujahr 1933) das Eckhaus links vom Quellenring 15, ein ehemaliger Schreibwarenladen mit Leihb\u00fccherei und Wohnhaus, sowie auf der anderen Seite direkt gegen\u00fcber in der Wendelinusstra\u00dfe 2 ein Fachwerkhaus (Baujahr ca. 1750-800).&nbsp;<\/p>\n<p>Im Fachwerkhaus wurde die Ladenfl\u00e4che saniert und beherbergt die Heyne Kunst Fabrik Galerie. Die erste Etage mit 130qm ist eine Mischung aus Ausstellungsfl\u00e4che und Ferienwohnung, mit modernster Technik und Ausstattung und mit viel Kunst und Design.&nbsp; Es gibt noch eine Ausbaureserve im 2. Obergescho\u00df, die sp\u00e4ter erschlossen wird. Auch im Erdgeschoss gibt es einen Lagerraum, der sp\u00e4ter zur Galerie zugeschlagen wird.&nbsp;<\/p>\n<p><a href=\"http:\/\/www.heynekunstfabrik.de\/home\/wp-content\/uploads\/2015\/10\/IMG_9773.jpg\"><img loading=\"lazy\" decoding=\"async\" class=\"alignnone size-medium wp-image-2003\" src=\"http:\/\/www.heynekunstfabrik.de\/home\/wp-content\/uploads\/2015\/10\/IMG_9773-300x200.jpg\" alt=\"IMG_9773\" width=\"300\" height=\"200\" srcset=\"https:\/\/heynekunstfabrik.de\/home\/wp-content\/uploads\/2015\/10\/IMG_9773-300x200.jpg 300w, https:\/\/heynekunstfabrik.de\/home\/wp-content\/uploads\/2015\/10\/IMG_9773-1024x683.jpg 1024w, https:\/\/heynekunstfabrik.de\/home\/wp-content\/uploads\/2015\/10\/IMG_9773-150x100.jpg 150w\" sizes=\"(max-width: 300px) 100vw, 300px\" \/><\/a><a href=\"http:\/\/www.heynekunstfabrik.de\/home\/wp-content\/uploads\/2015\/10\/IMG_7864.jpg\">&nbsp; <img loading=\"lazy\" decoding=\"async\" class=\"alignnone  wp-image-2001\" src=\"http:\/\/www.heynekunstfabrik.de\/home\/wp-content\/uploads\/2015\/10\/IMG_7864-300x225.jpg\" alt=\"IMG_7864\" width=\"267\" height=\"200\" srcset=\"https:\/\/heynekunstfabrik.de\/home\/wp-content\/uploads\/2015\/10\/IMG_7864-300x225.jpg 300w, https:\/\/heynekunstfabrik.de\/home\/wp-content\/uploads\/2015\/10\/IMG_7864-1024x768.jpg 1024w, https:\/\/heynekunstfabrik.de\/home\/wp-content\/uploads\/2015\/10\/IMG_7864-150x113.jpg 150w\" sizes=\"(max-width: 267px) 100vw, 267px\" \/><\/a><a href=\"http:\/\/www.heynekunstfabrik.de\/home\/wp-content\/uploads\/2015\/10\/IMG_0004.jpg\">&nbsp; <\/a><a href=\"http:\/\/www.heynekunstfabrik.de\/home\/wp-content\/uploads\/2015\/10\/IMG_0011.jpg\"><img loading=\"lazy\" decoding=\"async\" class=\"alignnone  wp-image-2201\" src=\"http:\/\/www.heynekunstfabrik.de\/home\/wp-content\/uploads\/2015\/10\/IMG_0011-300x225.jpg\" alt=\"IMG_0011\" width=\"267\" height=\"201\" srcset=\"https:\/\/heynekunstfabrik.de\/home\/wp-content\/uploads\/2015\/10\/IMG_0011-300x225.jpg 300w, https:\/\/heynekunstfabrik.de\/home\/wp-content\/uploads\/2015\/10\/IMG_0011-150x113.jpg 150w, https:\/\/heynekunstfabrik.de\/home\/wp-content\/uploads\/2015\/10\/IMG_0011.jpg 640w\" sizes=\"(max-width: 267px) 100vw, 267px\" \/>&nbsp; <\/a><a href=\"http:\/\/www.heynekunstfabrik.de\/home\/wp-content\/uploads\/2015\/10\/IMG_0014.jpg\"><img loading=\"lazy\" decoding=\"async\" class=\"alignnone  wp-image-2202\" src=\"http:\/\/www.heynekunstfabrik.de\/home\/wp-content\/uploads\/2015\/10\/IMG_0014-300x225.jpg\" alt=\"IMG_0014\" width=\"267\" height=\"200\" srcset=\"https:\/\/heynekunstfabrik.de\/home\/wp-content\/uploads\/2015\/10\/IMG_0014-300x225.jpg 300w, https:\/\/heynekunstfabrik.de\/home\/wp-content\/uploads\/2015\/10\/IMG_0014-150x113.jpg 150w, https:\/\/heynekunstfabrik.de\/home\/wp-content\/uploads\/2015\/10\/IMG_0014.jpg 640w\" sizes=\"(max-width: 267px) 100vw, 267px\" \/><\/a><a href=\"http:\/\/www.heynekunstfabrik.de\/home\/wp-content\/uploads\/2015\/10\/IMG_0004.jpg\"><img loading=\"lazy\" decoding=\"async\" class=\"alignnone  wp-image-2196\" src=\"http:\/\/www.heynekunstfabrik.de\/home\/wp-content\/uploads\/2015\/10\/IMG_0004-300x225.jpg\" alt=\"IMG_0004\" width=\"267\" height=\"200\" srcset=\"https:\/\/heynekunstfabrik.de\/home\/wp-content\/uploads\/2015\/10\/IMG_0004-300x225.jpg 300w, https:\/\/heynekunstfabrik.de\/home\/wp-content\/uploads\/2015\/10\/IMG_0004-150x113.jpg 150w, https:\/\/heynekunstfabrik.de\/home\/wp-content\/uploads\/2015\/10\/IMG_0004.jpg 640w\" sizes=\"(max-width: 267px) 100vw, 267px\" \/><\/a><\/p>\n<p>Im Geb\u00e4ude Quellenring 12, im ehemaligen Schreibwarenladen befindet sich die Produzentengalerie von Gennady Gorbaty, Mitglied im BBK im vorderen Bereich und dahinter weitere Galerier\u00e4ume, die der Kunstverein der Familie Schwital f\u00fcr Aussstellungen, Lesungen und musikalische Abende nutzt.&nbsp;<\/p>\n<p><a href=\"http:\/\/www.heynekunstfabrik.de\/home\/wp-content\/uploads\/2015\/10\/IMG_7598.jpg\">&nbsp;&nbsp;<img loading=\"lazy\" decoding=\"async\" class=\"alignnone size-medium wp-image-2041\" src=\"http:\/\/www.heynekunstfabrik.de\/home\/wp-content\/uploads\/2015\/10\/IMG_7598-300x200.jpg\" alt=\"IMG_7598\" width=\"300\" height=\"200\" srcset=\"https:\/\/heynekunstfabrik.de\/home\/wp-content\/uploads\/2015\/10\/IMG_7598-300x200.jpg 300w, https:\/\/heynekunstfabrik.de\/home\/wp-content\/uploads\/2015\/10\/IMG_7598-1024x683.jpg 1024w, https:\/\/heynekunstfabrik.de\/home\/wp-content\/uploads\/2015\/10\/IMG_7598-150x100.jpg 150w\" sizes=\"(max-width: 300px) 100vw, 300px\" \/><\/a><a href=\"http:\/\/www.heynekunstfabrik.de\/home\/wp-content\/uploads\/2015\/10\/IMG_7618.jpg\">&nbsp; <\/a><\/p>\n<p>Nebenan im gleichen Geb\u00e4ude wurde \u00f6kologisch mit Lehmputz saniert, Balken und Sichtsteinmauerwerk freigelegt. Dort befindet sich die Galerie der K\u00fcnstlerin Latif\u00e9 Birenheide, Mitglied des Kunstvereins Meerholz und mit Bad Orber Wurzeln.&nbsp;<\/p>\n<p><a href=\"http:\/\/www.heynekunstfabrik.de\/home\/wp-content\/uploads\/2015\/10\/Zitronengold_abends.jpg\"><img loading=\"lazy\" decoding=\"async\" class=\"alignnone size-medium wp-image-2168\" src=\"http:\/\/www.heynekunstfabrik.de\/home\/wp-content\/uploads\/2015\/10\/Zitronengold_abends-300x225.jpg\" alt=\"Zitronengold_abends\" width=\"300\" height=\"225\" srcset=\"https:\/\/heynekunstfabrik.de\/home\/wp-content\/uploads\/2015\/10\/Zitronengold_abends-300x225.jpg 300w, https:\/\/heynekunstfabrik.de\/home\/wp-content\/uploads\/2015\/10\/Zitronengold_abends-150x113.jpg 150w, https:\/\/heynekunstfabrik.de\/home\/wp-content\/uploads\/2015\/10\/Zitronengold_abends.jpg 400w\" sizes=\"(max-width: 300px) 100vw, 300px\" \/> <\/a>&nbsp;<a href=\"http:\/\/www.heynekunstfabrik.de\/home\/wp-content\/uploads\/2015\/10\/Zitronengold2.jpg\"><img loading=\"lazy\" decoding=\"async\" class=\"alignnone size-medium wp-image-2171\" src=\"http:\/\/www.heynekunstfabrik.de\/home\/wp-content\/uploads\/2015\/10\/Zitronengold2-300x225.jpg\" alt=\"Zitronengold2\" width=\"300\" height=\"225\" srcset=\"https:\/\/heynekunstfabrik.de\/home\/wp-content\/uploads\/2015\/10\/Zitronengold2-300x225.jpg 300w, https:\/\/heynekunstfabrik.de\/home\/wp-content\/uploads\/2015\/10\/Zitronengold2-150x113.jpg 150w, https:\/\/heynekunstfabrik.de\/home\/wp-content\/uploads\/2015\/10\/Zitronengold2.jpg 400w\" sizes=\"(max-width: 300px) 100vw, 300px\" \/> <\/a><a href=\"http:\/\/www.heynekunstfabrik.de\/home\/wp-content\/uploads\/2015\/10\/Zitronengold2.jpg\">&nbsp;<\/a><\/p>\n<p>2015 wurde eine weitere Immobilie an die K\u00fcnstlerin Simone Nuss verkauft, die seitdem das Kreativquartier bereichert. Es befindet sich in der Wendelinusstra\u00dfe 11-15.<\/p>\n<p>2025 hat sie ihr frisch saniertes Atelierhaus er\u00f6ffnet, die ehemalige Scheune am Wohnhaus. <a href=\"http:\/\/www.atelier-simone-nuss.de\/\">http:\/\/www.atelier-simone-nuss.de\/<\/a><\/p>\n<p>&nbsp;<\/p>\n<p>2025 hat ein weiteres Geb\u00e4ude den Besitzer gewechselt und wird das Kreativquartier um einen Ausstellungsraum im Erdgescho\u00df und hochwertige Wohnungen dar\u00fcber bereichern. Es befindet sich direkt gegen\u00fcber dem Atelier Simone Nuss und wird unter anderem die Art Cars der Sammlung Kypta zeigen.&nbsp;<\/p>\n<p>Um einen Anziehungspunkt f\u00fcr ausw\u00e4rtige und ans\u00e4ssige B\u00fcrger und Touristen zu erreichen, braucht es eine kritische Masse an Ausstellungsorten. Bad Orb bietet bereits einige Kunst- und Kulturorte an verschiedenen Stellen in der Stadt. Eine Ballung findet nun um den Quellenring und der Wendelinusstra\u00dfe statt. Weitere Ank\u00e4ufe sind denkbar, aber nur m\u00f6glich mit Unterst\u00fctzung von Spendern und Stiftern. Die Vision ist ein ganzer Stadtteil durchzogen von Galerien und Ateliers, inkl. auch Wohnraum f\u00fcr K\u00fcnstler und begleitet von Gastronomie.<\/p>\n<p>Ich pers\u00f6nlich und die Mitstreiter vor Ort freuen uns sehr \u00fcber Kontakt zu Menschen, die die Idee gut finden, im Zentrum von Bad Orb durch ein geballtes Kunst\/Design \/ Gastro- und kreatives Einzelhandelsangebot Stadtentwicklung f\u00fcr Bad Orb zu betreiben. Unterst\u00fctzer, Multiplikatoren, Mieter, Sponsoren sind herzlich willkommen! Anfragen bitte per Mail an kypta@heynekunstfabrik.de<\/p>\n","protected":false},"excerpt":{"rendered":"<p>Ein ehemaliges Gasthaus wird zum Startpunkt f\u00fcr das Kreativquartier im Zentrum von Bad Orb. 2013 wurde die Immobilie ehemals Caf\u00e9 Carstens in Bad Orb am Quellenring 15 erworben. Das Geb\u00e4ude mit 300 QM Gescho\u00dffl\u00e4che wurde zuletzt als Gasthaus mit Fremdenzimmern genutzt und stand dann 10 Jahre leer, bzw. nur 1 Wohnung im Haus war durch [&hellip;]<\/p>\n","protected":false},"author":1,"featured_media":0,"parent":0,"menu_order":0,"comment_status":"closed","ping_status":"closed","template":"","meta":{"ngg_post_thumbnail":0,"footnotes":""},"_links":{"self":[{"href":"https:\/\/heynekunstfabrik.de\/home\/wp-json\/wp\/v2\/pages\/1986"}],"collection":[{"href":"https:\/\/heynekunstfabrik.de\/home\/wp-json\/wp\/v2\/pages"}],"about":[{"href":"https:\/\/heynekunstfabrik.de\/home\/wp-json\/wp\/v2\/types\/page"}],"author":[{"embeddable":true,"href":"https:\/\/heynekunstfabrik.de\/home\/wp-json\/wp\/v2\/users\/1"}],"replies":[{"embeddable":true,"href":"https:\/\/heynekunstfabrik.de\/home\/wp-json\/wp\/v2\/comments?post=1986"}],"version-history":[{"count":28,"href":"https:\/\/heynekunstfabrik.de\/home\/wp-json\/wp\/v2\/pages\/1986\/revisions"}],"predecessor-version":[{"id":3840,"href":"https:\/\/heynekunstfabrik.de\/home\/wp-json\/wp\/v2\/pages\/1986\/revisions\/3840"}],"wp:attachment":[{"href":"https:\/\/heynekunstfabrik.de\/home\/wp-json\/wp\/v2\/media?parent=1986"}],"curies":[{"name":"wp","href":"https:\/\/api.w.org\/{rel}","templated":true}]}}