{"id":2530,"date":"2022-06-08T14:47:29","date_gmt":"2022-06-08T14:47:29","guid":{"rendered":"http:\/\/www.heynekunstfabrik.de\/home\/?page_id=2530"},"modified":"2022-06-08T15:20:04","modified_gmt":"2022-06-08T15:20:04","slug":"wohnen-im-kunsthaus","status":"publish","type":"page","link":"https:\/\/heynekunstfabrik.de\/home\/wohnen-im-kunsthaus\/","title":{"rendered":"Wohnen im Kunsthaus"},"content":{"rendered":"<p>Auf 130 QM in\u00a0f\u00fcnf\u00a0Zimmern gibt es viel Kunst und gem\u00fctliches Mobiliar aus verschiedenen Design-Epochen. Die W\u00e4nde sind mit echtem Lehm verputzt und mit \u00f6kologischer Kreidefarbe gestrichen. Die W\u00e4nde und B\u00f6den sind schief, die Dielen knarzen &#8211; das Haus lebt &#8211; das hat sein eigenes Flair.<\/p>\n<p>&nbsp;<\/p>\n\n\t\t<style type=\"text\/css\">\n\t\t\t#gallery-1 {\n\t\t\t\tmargin: auto;\n\t\t\t}\n\t\t\t#gallery-1 .gallery-item {\n\t\t\t\tfloat: left;\n\t\t\t\tmargin-top: 10px;\n\t\t\t\ttext-align: center;\n\t\t\t\twidth: 100%;\n\t\t\t}\n\t\t\t#gallery-1 img {\n\t\t\t\tborder: 2px solid #cfcfcf;\n\t\t\t}\n\t\t\t#gallery-1 .gallery-caption {\n\t\t\t\tmargin-left: 0;\n\t\t\t}\n\t\t\t\/* see gallery_shortcode() in wp-includes\/media.php *\/\n\t\t<\/style>\n\t\t<div id='gallery-1' class='gallery galleryid-2530 gallery-columns-1 gallery-size-large'><dl class='gallery-item'>\n\t\t\t<dt class='gallery-icon landscape'>\n\t\t\t\t<img loading=\"lazy\" decoding=\"async\" width=\"980\" height=\"735\" src=\"https:\/\/heynekunstfabrik.de\/home\/wp-content\/uploads\/2022\/06\/6_wozi1-1024x768.jpg\" class=\"attachment-large size-large\" alt=\"\" aria-describedby=\"gallery-1-2549\" srcset=\"https:\/\/heynekunstfabrik.de\/home\/wp-content\/uploads\/2022\/06\/6_wozi1-1024x768.jpg 1024w, https:\/\/heynekunstfabrik.de\/home\/wp-content\/uploads\/2022\/06\/6_wozi1-300x225.jpg 300w, https:\/\/heynekunstfabrik.de\/home\/wp-content\/uploads\/2022\/06\/6_wozi1-150x113.jpg 150w, https:\/\/heynekunstfabrik.de\/home\/wp-content\/uploads\/2022\/06\/6_wozi1.jpg 2016w\" sizes=\"(max-width: 980px) 100vw, 980px\" \/>\n\t\t\t<\/dt>\n\t\t\t\t<dd class='wp-caption-text gallery-caption' id='gallery-1-2549'>\n\t\t\t\tDas Wohnzimmer. \n\t\t\t\t<\/dd><\/dl><br style=\"clear: both\" \/><dl class='gallery-item'>\n\t\t\t<dt class='gallery-icon landscape'>\n\t\t\t\t<img loading=\"lazy\" decoding=\"async\" width=\"980\" height=\"871\" src=\"https:\/\/heynekunstfabrik.de\/home\/wp-content\/uploads\/2022\/06\/2_flur1-1024x910.jpg\" class=\"attachment-large size-large\" alt=\"\" aria-describedby=\"gallery-1-2547\" srcset=\"https:\/\/heynekunstfabrik.de\/home\/wp-content\/uploads\/2022\/06\/2_flur1-1024x910.jpg 1024w, https:\/\/heynekunstfabrik.de\/home\/wp-content\/uploads\/2022\/06\/2_flur1-300x266.jpg 300w, https:\/\/heynekunstfabrik.de\/home\/wp-content\/uploads\/2022\/06\/2_flur1-150x133.jpg 150w\" sizes=\"(max-width: 980px) 100vw, 980px\" \/>\n\t\t\t<\/dt>\n\t\t\t\t<dd class='wp-caption-text gallery-caption' id='gallery-1-2547'>\n\t\t\t\tFlur mit gro\u00dfem Spiegel\n\t\t\t\t<\/dd><\/dl><br style=\"clear: both\" \/><dl class='gallery-item'>\n\t\t\t<dt class='gallery-icon landscape'>\n\t\t\t\t<img loading=\"lazy\" decoding=\"async\" width=\"980\" height=\"735\" src=\"https:\/\/heynekunstfabrik.de\/home\/wp-content\/uploads\/2022\/06\/0_BadWaschtischWanne1-1024x768.jpg\" class=\"attachment-large size-large\" alt=\"\" aria-describedby=\"gallery-1-2546\" srcset=\"https:\/\/heynekunstfabrik.de\/home\/wp-content\/uploads\/2022\/06\/0_BadWaschtischWanne1-1024x768.jpg 1024w, https:\/\/heynekunstfabrik.de\/home\/wp-content\/uploads\/2022\/06\/0_BadWaschtischWanne1-300x225.jpg 300w, https:\/\/heynekunstfabrik.de\/home\/wp-content\/uploads\/2022\/06\/0_BadWaschtischWanne1-150x113.jpg 150w, https:\/\/heynekunstfabrik.de\/home\/wp-content\/uploads\/2022\/06\/0_BadWaschtischWanne1.jpg 2016w\" sizes=\"(max-width: 980px) 100vw, 980px\" \/>\n\t\t\t<\/dt>\n\t\t\t\t<dd class='wp-caption-text gallery-caption' id='gallery-1-2546'>\n\t\t\t\tBadezimmer mit echten Lehmw\u00e4nden\n\t\t\t\t<\/dd><\/dl><br style=\"clear: both\" \/><dl class='gallery-item'>\n\t\t\t<dt class='gallery-icon landscape'>\n\t\t\t\t<img loading=\"lazy\" decoding=\"async\" width=\"980\" height=\"735\" src=\"https:\/\/heynekunstfabrik.de\/home\/wp-content\/uploads\/2022\/06\/schlafzimmer1-1024x768.jpg\" class=\"attachment-large size-large\" alt=\"\" aria-describedby=\"gallery-1-2554\" srcset=\"https:\/\/heynekunstfabrik.de\/home\/wp-content\/uploads\/2022\/06\/schlafzimmer1-1024x768.jpg 1024w, https:\/\/heynekunstfabrik.de\/home\/wp-content\/uploads\/2022\/06\/schlafzimmer1-300x225.jpg 300w, https:\/\/heynekunstfabrik.de\/home\/wp-content\/uploads\/2022\/06\/schlafzimmer1-150x113.jpg 150w, https:\/\/heynekunstfabrik.de\/home\/wp-content\/uploads\/2022\/06\/schlafzimmer1.jpg 2016w\" sizes=\"(max-width: 980px) 100vw, 980px\" \/>\n\t\t\t<\/dt>\n\t\t\t\t<dd class='wp-caption-text gallery-caption' id='gallery-1-2554'>\n\t\t\t\tSchlafzimmer\n\t\t\t\t<\/dd><\/dl><br style=\"clear: both\" \/><dl class='gallery-item'>\n\t\t\t<dt class='gallery-icon landscape'>\n\t\t\t\t<img loading=\"lazy\" decoding=\"async\" width=\"980\" height=\"909\" src=\"https:\/\/heynekunstfabrik.de\/home\/wp-content\/uploads\/2022\/06\/2_schlafzimmer_Kleiderschrank1-1024x950.jpg\" class=\"attachment-large size-large\" alt=\"\" aria-describedby=\"gallery-1-2548\" srcset=\"https:\/\/heynekunstfabrik.de\/home\/wp-content\/uploads\/2022\/06\/2_schlafzimmer_Kleiderschrank1-1024x950.jpg 1024w, https:\/\/heynekunstfabrik.de\/home\/wp-content\/uploads\/2022\/06\/2_schlafzimmer_Kleiderschrank1-300x278.jpg 300w, https:\/\/heynekunstfabrik.de\/home\/wp-content\/uploads\/2022\/06\/2_schlafzimmer_Kleiderschrank1-150x139.jpg 150w\" sizes=\"(max-width: 980px) 100vw, 980px\" \/>\n\t\t\t<\/dt>\n\t\t\t\t<dd class='wp-caption-text gallery-caption' id='gallery-1-2548'>\n\t\t\t\tSchlafzimmer\n\t\t\t\t<\/dd><\/dl><br style=\"clear: both\" \/><dl class='gallery-item'>\n\t\t\t<dt class='gallery-icon landscape'>\n\t\t\t\t<img loading=\"lazy\" decoding=\"async\" width=\"980\" height=\"735\" src=\"https:\/\/heynekunstfabrik.de\/home\/wp-content\/uploads\/2022\/06\/BO_Kueche1-1024x768.jpeg\" class=\"attachment-large size-large\" alt=\"\" aria-describedby=\"gallery-1-2550\" srcset=\"https:\/\/heynekunstfabrik.de\/home\/wp-content\/uploads\/2022\/06\/BO_Kueche1-1024x768.jpeg 1024w, https:\/\/heynekunstfabrik.de\/home\/wp-content\/uploads\/2022\/06\/BO_Kueche1-300x225.jpeg 300w, https:\/\/heynekunstfabrik.de\/home\/wp-content\/uploads\/2022\/06\/BO_Kueche1-150x113.jpeg 150w\" sizes=\"(max-width: 980px) 100vw, 980px\" \/>\n\t\t\t<\/dt>\n\t\t\t\t<dd class='wp-caption-text gallery-caption' id='gallery-1-2550'>\n\t\t\t\tK\u00fcche mit Geschirrsp\u00fcler \n\t\t\t\t<\/dd><\/dl><br style=\"clear: both\" \/><dl class='gallery-item'>\n\t\t\t<dt class='gallery-icon landscape'>\n\t\t\t\t<img loading=\"lazy\" decoding=\"async\" width=\"980\" height=\"735\" src=\"https:\/\/heynekunstfabrik.de\/home\/wp-content\/uploads\/2022\/06\/BO_Terrasse1-1024x768.jpeg\" class=\"attachment-large size-large\" alt=\"\" aria-describedby=\"gallery-1-2551\" srcset=\"https:\/\/heynekunstfabrik.de\/home\/wp-content\/uploads\/2022\/06\/BO_Terrasse1-1024x768.jpeg 1024w, https:\/\/heynekunstfabrik.de\/home\/wp-content\/uploads\/2022\/06\/BO_Terrasse1-300x225.jpeg 300w, https:\/\/heynekunstfabrik.de\/home\/wp-content\/uploads\/2022\/06\/BO_Terrasse1-150x113.jpeg 150w\" sizes=\"(max-width: 980px) 100vw, 980px\" \/>\n\t\t\t<\/dt>\n\t\t\t\t<dd class='wp-caption-text gallery-caption' id='gallery-1-2551'>\n\t\t\t\tDie Au\u00dfenterrasse\n\t\t\t\t<\/dd><\/dl><br style=\"clear: both\" \/><dl class='gallery-item'>\n\t\t\t<dt class='gallery-icon landscape'>\n\t\t\t\t<img loading=\"lazy\" decoding=\"async\" width=\"980\" height=\"735\" src=\"https:\/\/heynekunstfabrik.de\/home\/wp-content\/uploads\/2022\/06\/esszimmer1-1024x768.jpg\" class=\"attachment-large size-large\" alt=\"\" aria-describedby=\"gallery-1-2552\" srcset=\"https:\/\/heynekunstfabrik.de\/home\/wp-content\/uploads\/2022\/06\/esszimmer1-1024x768.jpg 1024w, https:\/\/heynekunstfabrik.de\/home\/wp-content\/uploads\/2022\/06\/esszimmer1-300x225.jpg 300w, https:\/\/heynekunstfabrik.de\/home\/wp-content\/uploads\/2022\/06\/esszimmer1-150x113.jpg 150w, https:\/\/heynekunstfabrik.de\/home\/wp-content\/uploads\/2022\/06\/esszimmer1.jpg 2016w\" sizes=\"(max-width: 980px) 100vw, 980px\" \/>\n\t\t\t<\/dt>\n\t\t\t\t<dd class='wp-caption-text gallery-caption' id='gallery-1-2552'>\n\t\t\t\tDas Esszimmer mit Bibliothek und Kunst\n\t\t\t\t<\/dd><\/dl><br style=\"clear: both\" \/><dl class='gallery-item'>\n\t\t\t<dt class='gallery-icon landscape'>\n\t\t\t\t<img loading=\"lazy\" decoding=\"async\" width=\"980\" height=\"980\" src=\"https:\/\/heynekunstfabrik.de\/home\/wp-content\/uploads\/2022\/06\/musikzimmer1-1024x1024.jpg\" class=\"attachment-large size-large\" alt=\"\" aria-describedby=\"gallery-1-2553\" srcset=\"https:\/\/heynekunstfabrik.de\/home\/wp-content\/uploads\/2022\/06\/musikzimmer1-1024x1024.jpg 1024w, https:\/\/heynekunstfabrik.de\/home\/wp-content\/uploads\/2022\/06\/musikzimmer1-150x150.jpg 150w, https:\/\/heynekunstfabrik.de\/home\/wp-content\/uploads\/2022\/06\/musikzimmer1-300x300.jpg 300w, https:\/\/heynekunstfabrik.de\/home\/wp-content\/uploads\/2022\/06\/musikzimmer1.jpg 1512w\" sizes=\"(max-width: 980px) 100vw, 980px\" \/>\n\t\t\t<\/dt>\n\t\t\t\t<dd class='wp-caption-text gallery-caption' id='gallery-1-2553'>\n\t\t\t\tDas Musikzimmer mit Klavier und Schallplattenboden\n\t\t\t\t<\/dd><\/dl><br style=\"clear: both\" \/>\n\t\t<\/div>\n\n<p>Es gibt SAT-TV, W-Lan-Internet, eine gute Stereoanlage, ausgew\u00e4hlte Kunst\/Reise- und Designb\u00fccher im Esszimmer und sogar im zweiten Wohn\/Schlafzimmer einen weiteren Fernseher mit SAT-Empfang. Das Bad hat Fenster, einen gro\u00dfen Waschtisch, dazu gibt es eine begehbare Dusche mit Grohe Rainshower. Die K\u00fcche verf\u00fcgt \u00fcber einen gro\u00dfen K\u00fchlschrank, einen Geschirrsp\u00fcler, Nespressomaschine, sowie einen Heisswasserkocher.<\/p>\n<p>Im Garten gibt es eine kleine Terrasse f\u00fcr den Kaffee im Freien bei sch\u00f6nem Wetter. Und die sehr zentrale Lage direkt an der Orb im historischen Zentrum der Stadt und dennoch 100m abseits der\u00a0 hochfrequentierten Hauptstra\u00dfe garantiert Ruhe und Entspannung.<\/p>\n<p>Lassen Sie sich darauf ein und geniessen Sie den Urlaub oder Business-Aufenthalt in der garantiert einzigartigen Wohnung im Kunsthaus.<\/p>\n","protected":false},"excerpt":{"rendered":"<p>Auf 130 QM in\u00a0f\u00fcnf\u00a0Zimmern gibt es viel Kunst und gem\u00fctliches Mobiliar aus verschiedenen Design-Epochen. Die W\u00e4nde sind mit echtem Lehm verputzt und mit \u00f6kologischer Kreidefarbe gestrichen. Die W\u00e4nde und B\u00f6den sind schief, die Dielen knarzen &#8211; das Haus lebt &#8211; das hat sein eigenes Flair. &nbsp; Es gibt SAT-TV, W-Lan-Internet, eine gute Stereoanlage, ausgew\u00e4hlte Kunst\/Reise- [&hellip;]<\/p>\n","protected":false},"author":1,"featured_media":0,"parent":0,"menu_order":0,"comment_status":"closed","ping_status":"closed","template":"","meta":{"ngg_post_thumbnail":0,"footnotes":""},"_links":{"self":[{"href":"https:\/\/heynekunstfabrik.de\/home\/wp-json\/wp\/v2\/pages\/2530"}],"collection":[{"href":"https:\/\/heynekunstfabrik.de\/home\/wp-json\/wp\/v2\/pages"}],"about":[{"href":"https:\/\/heynekunstfabrik.de\/home\/wp-json\/wp\/v2\/types\/page"}],"author":[{"embeddable":true,"href":"https:\/\/heynekunstfabrik.de\/home\/wp-json\/wp\/v2\/users\/1"}],"replies":[{"embeddable":true,"href":"https:\/\/heynekunstfabrik.de\/home\/wp-json\/wp\/v2\/comments?post=2530"}],"version-history":[{"count":10,"href":"https:\/\/heynekunstfabrik.de\/home\/wp-json\/wp\/v2\/pages\/2530\/revisions"}],"predecessor-version":[{"id":2565,"href":"https:\/\/heynekunstfabrik.de\/home\/wp-json\/wp\/v2\/pages\/2530\/revisions\/2565"}],"wp:attachment":[{"href":"https:\/\/heynekunstfabrik.de\/home\/wp-json\/wp\/v2\/media?parent=2530"}],"curies":[{"name":"wp","href":"https:\/\/api.w.org\/{rel}","templated":true}]}}