{"id":3478,"date":"2024-06-26T14:01:03","date_gmt":"2024-06-26T14:01:03","guid":{"rendered":"https:\/\/heynekunstfabrik.de\/home\/?page_id=3478"},"modified":"2024-06-27T15:54:28","modified_gmt":"2024-06-27T15:54:28","slug":"jens-andres-kuenstler-vita","status":"publish","type":"page","link":"https:\/\/heynekunstfabrik.de\/home\/jens-andres-kuenstler-vita\/","title":{"rendered":"Jens Andres \u2013 K\u00fcnstler Vita"},"content":{"rendered":"\n<div class=\"wp-block-columns is-layout-flex wp-container-core-columns-is-layout-1 wp-block-columns-is-layout-flex\">\n<div class=\"wp-block-column is-layout-flow wp-block-column-is-layout-flow\" style=\"flex-basis:50%\">\n<div class=\"wp-block-group is-nowrap is-layout-flex wp-container-core-group-is-layout-1 wp-block-group-is-layout-flex\">\n<figure class=\"wp-block-image size-full is-resized\"><a href=\"https:\/\/heynekunstfabrik.de\/home\/wp-content\/uploads\/2024\/06\/cache_2437674650.jpg\"><img loading=\"lazy\" decoding=\"async\" width=\"424\" height=\"318\" src=\"https:\/\/heynekunstfabrik.de\/home\/wp-content\/uploads\/2024\/06\/cache_2437674650.jpg\" alt=\"\" class=\"wp-image-3481\" style=\"width:480px;height:auto\" srcset=\"https:\/\/heynekunstfabrik.de\/home\/wp-content\/uploads\/2024\/06\/cache_2437674650.jpg 424w, https:\/\/heynekunstfabrik.de\/home\/wp-content\/uploads\/2024\/06\/cache_2437674650-300x225.jpg 300w, https:\/\/heynekunstfabrik.de\/home\/wp-content\/uploads\/2024\/06\/cache_2437674650-150x113.jpg 150w, https:\/\/heynekunstfabrik.de\/home\/wp-content\/uploads\/2024\/06\/cache_2437674650-400x300.jpg 400w\" sizes=\"(max-width: 424px) 100vw, 424px\" \/><\/a><\/figure>\n<\/div>\n<\/div>\n\n\n\n<div class=\"wp-block-column is-layout-flow wp-block-column-is-layout-flow\" style=\"flex-basis:50%\">\n<p><strong><em>Jens Andres<\/em><\/strong>, lebt und arbeitet in Karlsruhe.<\/p>\n\n\n\n<p>Seine Kunstwerke fordern den Betrachter, denn auf ironisch-hintersinnige Art und Weise hinterfragt er Selbstverst\u00e4ndlichkeiten und zeigt mit wenigen gezielten Eingriffen die Absurdit\u00e4ten und Ungereimtheiten des Alltags auf. Andres studierte Kunstgeschichte in Mainz und parallel dazu freie Kunst u.a. bei Urs L\u00fcthi an der Kunsthochschule Kassel. In Karlsruhe war er bis 2020 auch als Kurator des Kunstraums Neureut t\u00e4tig; parallel dazu entstanden in Schwetzingen seine inzwischen in den Stra\u00dfenraum fest integrierten \u201eUfo-Parkpl\u00e4tze\u201c, die seine spezielle Sicht auf den urbanen Alltag exemplarisch verdeutlichen. (Quelle: Pforzheim.de)<\/p>\n\n\n\n<p><a href=\"https:\/\/www.jens-andres.de\">Website Jens Andres<\/a><\/p>\n<\/div>\n<\/div>\n\n\n\n<p><\/p>\n\n\n\n<p><strong>VITA<\/strong><br>1990 &#8211; 1994 &nbsp; Studium der Kunstgeschichte an der Universit\u00e4t Mainz<br>1994 &#8211; 2000 &nbsp; Studium der Freien Kunst an der Kunsthochschule Kassel<br>&nbsp;&nbsp; &nbsp; &nbsp; &nbsp; &nbsp; &nbsp; &nbsp; &nbsp; &nbsp; &nbsp; &nbsp;   bei Urs L\u00fcthi, Kurt Haug und Dorothee von Windhei<br>1999 &nbsp; &nbsp; &nbsp; &nbsp; &nbsp; &nbsp; &nbsp;  Ernennung zum Meistersch\u00fcler an der Kunsthochschule Kassel<br>2009 &nbsp; &nbsp; &nbsp; &nbsp; &nbsp; &nbsp; &nbsp; Lehrauftrag am Fachbereich Kunst der Universit\u00e4t Paderborn<br>2014 -2019&nbsp; &nbsp; Kurator des Kunstvereine Kunstraum Neureut in Karlsruhe<\/p>\n\n\n\n<p><strong>KUNSTPREISE<\/strong><br>2008&nbsp; &nbsp; &nbsp; &nbsp; &nbsp; &nbsp; &#8222;Im Wege stehend&#8220;, 1. Preis f\u00fcr Kunst im \u00d6ffentlichen Raum, Schwetzingen<br>2014&nbsp; &nbsp; &nbsp; &nbsp; &nbsp; &nbsp; &#8222;Kunstpreis Malerei 2014&#8220; der Galerie im Uhrturm Dierdorf, 1. Preis<\/p>\n\n\n\n<p><strong>EINZELAUSSTELLUNGEN <\/strong>&nbsp; &nbsp; (Auswahl)<br>2020&nbsp; &nbsp; &#8211; Kunstraum Neureut, Karlsruhe<br>2019&nbsp; &nbsp; &#8211; Galerie Marek Kralewski, Freiburg<br>&nbsp; &nbsp; &nbsp; &nbsp; &nbsp; &nbsp; &#8211; Kreishaus, Kassel<br>2017&nbsp; &nbsp; &#8211; Kunst im \u00d6ffentlichen Raum, Schwetzingen<br>2016&nbsp; &nbsp; &#8211; Goethe Universit\u00e4t Frankfurt, Kunst im \u00d6ffentlichen Raum, Frankfurt<br>&nbsp; &nbsp; &nbsp; &nbsp; &nbsp; &nbsp; &#8211; Kulturkreis Sulzfeld, Sulzfeld<br>2015&nbsp; &nbsp; &#8211; Galerie Mainzer Kunst, Mainz<br>&nbsp; &nbsp; &nbsp; &nbsp; &nbsp; &nbsp; &#8211; Galerie Bande, Karlsruhe<br>2014&nbsp; &nbsp; &#8211; Museum Heylshof, Worms<br>2013&nbsp; &nbsp; &#8211; Kronacher Kunstverein, Kronach<br>2012&nbsp; &nbsp; &#8211; Kunstraum Neureut, Karlsruhe<br>2011&nbsp; &nbsp; &#8211; Kunstraum Heyne Kunst Fabrik, Frankfurt<br>2010&nbsp; &nbsp; &#8211; Kunstverein Greven, Greven<br>&nbsp; &nbsp; &nbsp; &nbsp; &nbsp; &nbsp; &#8211; Kunstverein Oerlinghausen, Oerlinghausen<br>&nbsp; &nbsp; &nbsp; &nbsp; &nbsp; &nbsp; &#8211; Kunstraum Riedberg, Goethe Universit\u00e4t, Frankfurt<br>2008&nbsp; &nbsp; &#8211; Kunstverein Paderborn, Paderborn<br>&nbsp; &nbsp; &nbsp; &nbsp; &nbsp; &nbsp; &#8211; Kunstverein Siegen, Siegen<br>&nbsp; &nbsp; &nbsp; &nbsp; &nbsp; &nbsp; &#8211; Gesellschaft f\u00fcr Bildende Kunst, Trier<br>&nbsp; &nbsp; &nbsp; &nbsp; &nbsp; &nbsp; &#8211; Kunstverein Neckar-Odenwald, Mosbach<br>&nbsp; &nbsp; &nbsp; &nbsp; &nbsp; &nbsp; &#8211; Kunstverein Neustadt, Neustadt\/Weinstr<br>2007&nbsp; &nbsp; &#8211; Kunstverein W\u00fcrzburg, W\u00fcrzburg (K)<br>&nbsp; &nbsp; &nbsp; &nbsp; &nbsp; &nbsp; &#8211; Kunstverein Friedberg, Friedberg<br>&nbsp; &nbsp; &nbsp; &nbsp; &nbsp; &nbsp; &#8211; Kunsthaus Wiesbaden, Wiesbaden<br>2006&nbsp; &nbsp; &#8211; Kunstverein Schwetzingen, Schwetzingen (K)<br>&nbsp; &nbsp; &nbsp; &nbsp; &nbsp; &nbsp; &#8211; Galerie Ka5, Mainz<br>&nbsp; &nbsp; &nbsp; &nbsp; &nbsp; &nbsp; &#8211; Kunst im \u00d6ffentlichen Raum, Worms<br>2005&nbsp; &nbsp; &#8211; raum 2 des Mannheimer Kunstvereins, Mannheim<br>&nbsp; &nbsp; &nbsp; &nbsp; &nbsp; &nbsp; &#8211; Galerie der Stadt Mainz, Mainz<br>2001&nbsp; &nbsp; &#8211; Galerie A2A, Frankfurt<br>2000&nbsp; &nbsp; &#8211; Galerie Karin Melchior, Kassel<br>1999&nbsp; &nbsp; &#8211; Galerie Nowak, Kassel&nbsp;<br><br><strong>GRUPPENAUSSTELLUNGEN<\/strong> &nbsp; &nbsp; (Auswahl)<\/p>\n\n\n\n<p>2023 &nbsp; &nbsp; &#8211; Seattle Art Fair, Seattle, USA<br>&nbsp;&nbsp; &nbsp; &nbsp; &nbsp; &nbsp; &nbsp; &#8211; Art Karlsruhe Kunstmesse, Karlsruhe<br>&nbsp;&nbsp; &nbsp; &nbsp; &nbsp; &nbsp; &nbsp; &#8211; Fair For Art Vienna, Wien<br>&nbsp;&nbsp; &nbsp; &nbsp; &nbsp; &nbsp; &nbsp; &#8211; Affordable Art Fair, Hamburg<br>&nbsp;&nbsp; &nbsp; &nbsp; &nbsp; &nbsp; &nbsp; &#8211; Art Vienna, Wien<br>&nbsp;&nbsp; &nbsp; &nbsp; &nbsp; &nbsp; &nbsp; &#8211; &#8222;Flurst\u00fccke&#8220;, Kreishaus, Kassel<br>2022&nbsp; &nbsp; &#8211; &#8222;10 Jahre Galerie&#8220;, Galerie Marek Kralewski, Freiburg<br>2021&nbsp; &nbsp; &#8211; &#8222;CircleSummerCamp&#8220;, Neue Kunst Gallery, Karlsruhe<br>&nbsp; &nbsp; &nbsp; &nbsp; &nbsp; &nbsp; &#8211;&nbsp; Fair for art Vienna, Wien<br>&nbsp; &nbsp; &nbsp; &nbsp; &nbsp; &nbsp; &#8211; &#8222;Urban Art at Pforzheim&#8220;, \u00d6ffentlicher Raum, Pforzheim<br>&nbsp; &nbsp; &nbsp; &nbsp; &nbsp; &nbsp; &#8211; &#8222;Spaces&#8220;, Kunstverein KISS im Schloss Untergr\u00f6ningen, Untergr\u00f6ningen<br>2019 &nbsp; &#8211; &#8222;Der fr\u00fche Vogel f\u00e4ngt den Wurm&#8220;, KunstRaum Riedberg, Frankfurt<br>&nbsp;&nbsp; &nbsp; &nbsp; &nbsp; &nbsp; &#8211;&nbsp; &#8222;PageArt&#8220;, Kunstkabinett, Bad Soden<br>2018 &nbsp; &#8211; &#8222;Wunder der L\u00fcfte&#8220;, Galerie Mainzer Kunst, Mainz<br>&nbsp;&nbsp; &nbsp; &nbsp; &nbsp; &nbsp; &#8211; &#8222;Fr\u00fchling&#8220;, Galerie des Westens, Bremen<br>&nbsp;&nbsp; &nbsp; &nbsp; &nbsp; &nbsp; &#8211; &#8222;Attention on interests of 5 subjects&#8220;, Basis Projektraum, Frankfurt<br>&nbsp;&nbsp; &nbsp; &nbsp; &nbsp; &nbsp; &#8211; &#8222;Schweinesonnen&#8220;, Kunstbalkon e.V., Kassel<br>&nbsp;&nbsp; &nbsp; &nbsp; &nbsp; &nbsp; &#8211; &#8222;Weit weg&#8220;, Museum Gimbsheim, Gimbsheim<br>2017 &nbsp; &#8211; &#8222;Rund um den Hund&#8220;, Galerie Mainzer Kunst, Mainz<br>&nbsp; &nbsp; &nbsp; &nbsp; &nbsp; &nbsp; &#8211; &#8222;Visitors from outer space &#8211; UFOs und Au\u00dferirdische in der Kunst&#8220;,<br>&nbsp;&nbsp; &nbsp; &nbsp; &nbsp; &nbsp; &nbsp; &nbsp; Kunstraum Neureut, Karlsruhe<br>&nbsp; &nbsp; &nbsp; &nbsp; &nbsp; &nbsp; &#8211; &#8222;Schweinesonnen&#8220;, Kunstlager, Kaiserlautern<br>&nbsp; &nbsp; &nbsp; &nbsp; &nbsp; &nbsp; &#8211; Albert-Haueisen-Kunstpreis, Jockrim<br>2016&nbsp; &nbsp; &#8211; &#8222;Der will nur spielen &#8211; Der Hund in der aktuellen Kunst&#8220;, Kunstraum Neureut, Karlsruhe<br>&nbsp; &nbsp; &nbsp; &nbsp; &nbsp; &nbsp; &#8211; &#8222;Der will nur spielen &#8211; Der Hund in der aktuellen Kunst&#8220;, KunstRaum Riedberg, Frankfurt<br>&nbsp; &nbsp; &nbsp; &nbsp; &nbsp; &nbsp; &#8211; &#8222;Momente des Gl\u00fccks&#8220;, Galerie Mainzer Kunst, Mainz<br>&nbsp; &nbsp; &nbsp; &nbsp; &nbsp; &nbsp; &#8211;&nbsp; Kunstpreis Eggenstein-Leopoldshafen<br>2015&nbsp; &nbsp; &#8211; &#8222;Natur pur&#8220;, Galerie Mainzer Kunst, Mainz<br>&nbsp; &nbsp; &nbsp; &nbsp; &nbsp; &nbsp; &#8211; Heinrich-von-Z\u00fcgel-Kunstpreis, St\u00e4dtische Galerie &#8222;Altes Rathaus&#8220;, W\u00f6rth am Rhein<br>&nbsp; &nbsp; &nbsp; &nbsp; &nbsp; &nbsp; &#8211; &#8222;PageArt &#8211; ein Sammlerprojekt&#8220;, AusstellungsHalle 1A, Frankfurt<br>&nbsp; &nbsp; &nbsp; &nbsp; &nbsp; &nbsp; &#8211; &#8222;PageArt &#8211; ein Sammlerprojekt&#8220;, Kunstraum Neureut, Karlsruhe<br>2014&nbsp; &nbsp; &#8211; &#8222;Auf den Hund gekommen&#8220;, Gesellschaft f\u00fcr Bildende Kunst, Trier<br>&nbsp; &nbsp; &nbsp; &nbsp; &nbsp; &nbsp; &#8211; &#8222;5 Jahre KunstRaum Riedberg&#8220;, KunstRaum Riedberg, Goethe Universit\u00e4t, Frankfurt<br>&nbsp; &nbsp; &nbsp; &nbsp; &nbsp; &nbsp; &#8211; Kunstpreis Galerie im Uhrturm, Dierdorf &nbsp; (1. Preis erhalten)<br>2013&nbsp; &nbsp; &#8211; Galerie Zulauf, Freinsheim<br>&nbsp; &nbsp; &nbsp; &nbsp; &nbsp; &nbsp; &#8211; Karlsruher K\u00fcnstlermesse, Karlsruhe &nbsp; (K)<br>&nbsp; &nbsp; &nbsp; &nbsp; &nbsp; &nbsp; &#8211; &#8222;Merkw\u00fcrdiges und Seltsames und Absonderliches und sogar Monstr\u00f6ses&#8220;,<br>&nbsp; &nbsp; &nbsp; &nbsp; &nbsp; &nbsp; &nbsp; &nbsp; Showroom Schmitt, Karlsruhe<br>&nbsp; &nbsp; &nbsp; &nbsp; &nbsp; &nbsp; &#8211; Dillmann-Kunstmarkt, Stuttgart<br>&nbsp; &nbsp; &nbsp; &nbsp; &nbsp; &nbsp; &#8211; &#8222;Spotkanie &#8211; Begegnung&#8220;, Kunstraum Neureut, Karlsruhe &nbsp; (K)<br>&nbsp; &nbsp; &nbsp; &nbsp; &nbsp; &nbsp; &#8211; &#8222;Z\u00fcgels Tiere versus Modern Artist&#8220;, Kunstverein W\u00f6rth, W\u00f6rth<br>2012&nbsp; &nbsp; &#8211; &#8222;Deltabeben &#8211; Regionale 2012&#8220;, Mannheimer Kunstverein, Mannheim &nbsp; (K)<br>&nbsp; &nbsp; &nbsp; &nbsp; &nbsp; &nbsp; &#8211; &#8222;art to go&#8220;, Galerie Br\u00f6tzinger Art, Pforzheim<br>2011&nbsp; &nbsp; &#8211; &#8222;We art&#8220;, Galerie Strzelski, Stuttgart<br>&nbsp; &nbsp; &nbsp; &nbsp; &nbsp; &nbsp; &#8211; &#8222;Superheroes&#8220;, Kunstraum Heyne Kunst Fabrik, Frankfurt<br>&nbsp; &nbsp; &nbsp; &nbsp; &nbsp; &nbsp; &#8211; &#8222;Wiesbaden Artfair&#8220;, mit Galerie Cerny + Partner, Wiesbaden<br>&nbsp; &nbsp; &nbsp; &nbsp; &nbsp; &nbsp; &#8211;&nbsp; K\u00fcnstlerverein Walkm\u00fchle, Wiesbaden<br>2010&nbsp; &nbsp; &#8211; &#8222;multi&#8220;, K\u00fcnstlerhaus Dortmund, Dortmund&nbsp; &nbsp;<br>&nbsp; &nbsp; &nbsp; &nbsp; &nbsp; &nbsp; &#8211; &#8222;Regionale&#8220;, Kunstverein Ludwigshafen, Ludwigshafen &nbsp; (K)<br>&nbsp; &nbsp; &nbsp; &nbsp; &nbsp; &nbsp; &#8211; &#8222;Die Kunst der Natur&#8220;, K\u00fcnstlerverein Walkm\u00fchle, Wiesbaden (K)<br>2009&nbsp; &nbsp; &#8211;&nbsp; K\u00fcnstlerverein Walkm\u00fchle, Wiesbaden<br>&nbsp; &nbsp; &nbsp; &nbsp; &nbsp; &nbsp; &#8211; &#8222;Schnittmenge&#8220;, verschiedene Orte, Mainz &nbsp; (K)<br>2008&nbsp; &nbsp; &#8211; &#8222;Im Wege stehend&#8220;, Kunst im \u00d6ffentlichen Raum, Schwetzingen &nbsp; (K)<br>&nbsp; &nbsp; &nbsp; &nbsp; &nbsp; &nbsp; &#8211; &#8222;artstrips&#8220;, Mainzer Kunstverein Eisenturm, Mainz &nbsp; (K)<br>&nbsp; &nbsp; &nbsp; &nbsp; &nbsp; &nbsp; &#8211; &#8222;Fragmente&#8220;, Kunstpreis Eisenturm, Mainz<br>2007&nbsp; &nbsp; &#8211; &#8222;Repeat when necessary&#8220;, K\u00fcnstlerhaus Dortmund, Dortmund<br>&nbsp; &nbsp; &nbsp; &nbsp; &nbsp; &nbsp; &#8211; Galerie Ka5, Mainz<br>2006&nbsp; &nbsp; &#8211; Galerie Klaus Braun, Stuttgart<br>&nbsp; &nbsp; &nbsp; &nbsp; &nbsp; &nbsp; &#8211; &#8222;Helden des Alltags&#8220;, Kunstverein Germersheim, Germersheim<br>&nbsp; &nbsp; &nbsp; &nbsp; &nbsp; &nbsp; &#8211; &#8222;Colur Dis Play&#8220;, Kunstverein Worms, Worms<br>&nbsp; &nbsp; &nbsp; &nbsp; &nbsp; &nbsp; &#8211; Welde Kunstpreis, Plankstadt<br>2004&nbsp; &nbsp; &#8211; &#8222;Bocca de la verita&#8220;, Kunstverein Bad Salzdetfurth &nbsp; (K)<br>&nbsp; &nbsp; &nbsp; &nbsp; &nbsp; &nbsp; &#8211; &#8222;Das kleine Format&#8220;, Kunstmuseum Hollfeld<br>&nbsp; &nbsp; &nbsp; &nbsp; &nbsp; &nbsp; &#8211; Kunstpreis Galerie im Uhrturm, Dierdorf<br>2003&nbsp; &nbsp; &#8211; Galerie Carola Weber, Wiesbaden<br>&nbsp; &nbsp; &nbsp; &nbsp; &nbsp; &nbsp; &#8211; &#8222;Wie ein Fisch im Wasser&#8220;,Kunstverein Bad Salzdetfurth (K)<br>&nbsp; &nbsp; &nbsp; &nbsp; &nbsp; &nbsp; &#8211; Kunstpreis der Sparkasse Karlsruhe, Karlsruhe<br>&nbsp; &nbsp; &nbsp; &nbsp; &nbsp; &nbsp; &#8211; Kunstpreis des Kreises Trier-Saarburg, Trier<br>&nbsp; &nbsp; &nbsp; &nbsp; &nbsp; &nbsp; &#8211; Kunstpreis Eisenturm, Mainz<br>2002&nbsp; &nbsp; &#8211; Galerie A2A, Frankfurt<br>&nbsp; &nbsp; &nbsp; &nbsp; &nbsp; &nbsp; &#8211; Kunstpreis Galerie im Uhrturm, Dierdorf<br>2000&nbsp; &nbsp; &#8211; Kunstpreis Galerie im Uhrturm, Dierdorf<br>1999&nbsp; &nbsp; &#8211; &#8222;Meistersch\u00fcler aus Kassel&#8220;, Landeszentralbank Frankfurt<br>&nbsp; &nbsp; &nbsp; &nbsp; &nbsp; &nbsp; &#8211; Kunstpreis Nordhessen, Korbach<br><br><strong>ANK\u00c4UFE IN \u00d6FFENTLICHEM BESITZ<\/strong><br>&#8211; Stadt Schwetzingen<br>&#8211; Land Hessen<br>&#8211; Landeszentralbank Frankfurt<br>&#8211; Goethe-Universit\u00e4t Frankfurt<br>&#8211; Sparkasse Siegen<\/p>\n\n\n\n<p><strong>KURATORISCHE T\u00c4TIGKEIT<\/strong><br>2014-2019&nbsp; &nbsp; Kurator des Kunstvereins Kunstraum Neureut, Karlsruhe<\/p>\n","protected":false},"excerpt":{"rendered":"<p>Jens Andres, lebt und arbeitet in Karlsruhe. Seine Kunstwerke fordern den Betrachter, denn auf ironisch-hintersinnige Art und Weise hinterfragt er Selbstverst\u00e4ndlichkeiten und zeigt mit wenigen gezielten Eingriffen die Absurdit\u00e4ten und Ungereimtheiten des Alltags auf. Andres studierte Kunstgeschichte in Mainz und parallel dazu freie Kunst u.a. bei Urs L\u00fcthi an der Kunsthochschule Kassel. In Karlsruhe war [&hellip;]<\/p>\n","protected":false},"author":1,"featured_media":0,"parent":0,"menu_order":0,"comment_status":"closed","ping_status":"closed","template":"templates\/fullwidth.php","meta":{"ngg_post_thumbnail":0,"footnotes":""},"_links":{"self":[{"href":"https:\/\/heynekunstfabrik.de\/home\/wp-json\/wp\/v2\/pages\/3478"}],"collection":[{"href":"https:\/\/heynekunstfabrik.de\/home\/wp-json\/wp\/v2\/pages"}],"about":[{"href":"https:\/\/heynekunstfabrik.de\/home\/wp-json\/wp\/v2\/types\/page"}],"author":[{"embeddable":true,"href":"https:\/\/heynekunstfabrik.de\/home\/wp-json\/wp\/v2\/users\/1"}],"replies":[{"embeddable":true,"href":"https:\/\/heynekunstfabrik.de\/home\/wp-json\/wp\/v2\/comments?post=3478"}],"version-history":[{"count":17,"href":"https:\/\/heynekunstfabrik.de\/home\/wp-json\/wp\/v2\/pages\/3478\/revisions"}],"predecessor-version":[{"id":3597,"href":"https:\/\/heynekunstfabrik.de\/home\/wp-json\/wp\/v2\/pages\/3478\/revisions\/3597"}],"wp:attachment":[{"href":"https:\/\/heynekunstfabrik.de\/home\/wp-json\/wp\/v2\/media?parent=3478"}],"curies":[{"name":"wp","href":"https:\/\/api.w.org\/{rel}","templated":true}]}}