{"id":3497,"date":"2024-06-26T14:40:39","date_gmt":"2024-06-26T14:40:39","guid":{"rendered":"https:\/\/heynekunstfabrik.de\/home\/?page_id=3497"},"modified":"2024-07-04T08:51:19","modified_gmt":"2024-07-04T08:51:19","slug":"elego-kuenstler-vita","status":"publish","type":"page","link":"https:\/\/heynekunstfabrik.de\/home\/elego-kuenstler-vita\/","title":{"rendered":"Il-Jin Atem Choi \u2013 K\u00fcnstler Vita"},"content":{"rendered":"\n<div class=\"wp-block-columns is-layout-flex wp-container-core-columns-is-layout-1 wp-block-columns-is-layout-flex\">\n<div class=\"wp-block-column is-layout-flow wp-block-column-is-layout-flow\" style=\"flex-basis:50%\">\n<div class=\"wp-block-group is-nowrap is-layout-flex wp-container-core-group-is-layout-1 wp-block-group-is-layout-flex\">\n<figure class=\"wp-block-image size-full is-resized\"><a href=\"https:\/\/heynekunstfabrik.de\/home\/wp-content\/uploads\/2015\/08\/1056.jpg\"><img loading=\"lazy\" decoding=\"async\" width=\"750\" height=\"500\" src=\"https:\/\/heynekunstfabrik.de\/home\/wp-content\/uploads\/2015\/08\/1056.jpg\" alt=\"\" class=\"wp-image-1807\" style=\"width:644px;height:auto\" srcset=\"https:\/\/heynekunstfabrik.de\/home\/wp-content\/uploads\/2015\/08\/1056.jpg 750w, https:\/\/heynekunstfabrik.de\/home\/wp-content\/uploads\/2015\/08\/1056-300x200.jpg 300w, https:\/\/heynekunstfabrik.de\/home\/wp-content\/uploads\/2015\/08\/1056-150x100.jpg 150w\" sizes=\"(max-width: 750px) 100vw, 750px\" \/><\/a><\/figure>\n<\/div>\n<\/div>\n\n\n\n<div class=\"wp-block-column is-layout-flow wp-block-column-is-layout-flow\" style=\"flex-basis:50%\">\n<p>*1981 in Moers, lebt und arbeitet in Frankfurt am Main und Leipzig<br><br><strong>Ausbildung und Arbeitserfahrung<\/strong><br>seit <strong>2024<\/strong> T\u00e4tigkeit als Gesch\u00e4fsf\u00fchrer in der galerie intershop auf dem Spinnereigel\u00e4nde in Leipzig <strong>2017-2020 <\/strong>T\u00e4tigkeit an der Hochschule f\u00fcr Bildende K\u00fcnste\u2013St\u00e4delschule, Frankfurt am Main, als k\u00fcnstlerischer Koordinator und Assistent des Rektors Prof. Philippe Pirote, <strong>2012-2017, <\/strong>Meistersch\u00fcler Freie Bildende Kunst (Prof. Tobias Rehberger), Hochschule f\u00fcr Bildende K\u00fcnste\u2013St\u00e4delschule, Frankfurt am Main, <strong>2001-2006<\/strong> Master of Science MS, International Business Studies, Universit\u00e4t Maastricht<br><br><strong>Stipendien und F\u00f6rderungen<\/strong><br><strong>2022<\/strong> K\u00fcnstlerstipendium der Stifung Kunstfonds, <strong>2020-2021<\/strong> Pollock-Krasner Foundation Artist Grantee, <strong>2020<\/strong> Projektstipendium der Hessischen Kulturstifung, <strong>2016<\/strong> Stifung Polytechnische Gesellschaf, MainCampus-Stipendiat, <strong>2014<\/strong> Jahresstipendium, K\u00fcnstlerhilfe Frankfurt e.V. <strong>2013<\/strong> Artist in Residence, CEAAC, Stra\u00dfburg, Frankreich<\/p>\n\n\n\n<p><a href=\"https:\/\/www.atemmeta.de\/\" data-type=\"link\" data-id=\"https:\/\/www.atemmeta.de\/\">Homepage Il-Jin Atem Choi <\/a><\/p>\n\n\n\n<p><br><\/p>\n<\/div>\n<\/div>\n\n\n\n<p><br><\/p>\n\n\n\n<p><strong>Einzelausstellungen (Auswahl)<\/strong><br><br><strong>2024<\/strong> <br>KiT \u2013 Kunst im Treppenhaus, Sammlung Kirschner, Darmstadt<br><strong>2020<\/strong> <br>Formvoll endet, Graf von Westphalen, Frankfurt am Main<br><strong>2019<\/strong> <br>Recogcognitionnition mit Becker Schmitz, K\u00f6ppe Contemporary, Berlin<br><strong>2018<\/strong> <br>Public Viewing Commentary, AtelierFrankfurt, Frankfurt am Main<br><strong>2016<\/strong> <br>Are You a Ginger?, Galerie Heike Strelow, Frankfurt am Main<br><strong>2015<\/strong> <br>Baby du Champ, 1822-Forum, Frankfurt am Main (Katalog)<br><strong>2014<\/strong> <br>NATURL BORN ILJIN, Gallery SoSo, Paju, S\u00fcd-Korea<br>Material Integrity, CEAAC International, Stra\u00dfburg, Frankreich<br>Scheu und Jung mit Marc Jung, Kunstverein Familie Montez, Frankfurt am Main<br><strong>2013<\/strong> <br>Brennstofzelle D\u00fcsseldorf mit Becker Schmitz, RUM, D\u00fcsseldorf<br><strong>2012 <\/strong><br>Schlumpf Peter Returns (Kurator: Jennifer Bork), Kunstverein Wolfsburg<br>Schlumpf Peter und Tom Sawyer, Galerie Perp\u00e9tuel, Frankfurt am Main<br>Krafraum mit Becker Schmitz, Lehmbruck-Museum \/ TURM, Duisburg&nbsp;<\/p>\n\n\n\n<p><strong>2011 <\/strong><br>Eine Grammatik der Linie, Galerie Christian Pixis, M\u00fcnchen<br>Brennstofzelle Berlin (Kurator: Jan Kage) mit Becker Schmitz, Schau Fenster, Berlin<br><br><strong>Gruppenausstellungen (Auswahl)<\/strong><br><br><strong>2023 <\/strong><br>WALLSHOW: Zeitgen\u00f6ssische Positionen zur Wandmalerei (Kurator: Heiner Blum,<br>Robert Kaltenh\u00e4user, Jan Loter), Fahrradparkhaus der Stadt Ofenbach, Ofenbach am<br>Main (Katalog)<br>Dolphin Dance (Kurator: Arthur L\u00f6wen), Kunstverein Friedberg<br>FOF, Atelier Jochem Hendricks, Ofenbach am Main<br>KVFB Review 2023 (Kurator: Kim-Andr\u00e9 Schulz), Kunstverein Friedberg<br><strong>2022 <\/strong><br>Speak Easy (Kurator: Jennifer Gelardo), Ve.Sch Kunstverein, Wien<br>Digital Dadaism \u2013 S2\/E1, Temporary Gallery, K\u00f6ln<br><strong>2021<\/strong> <br>Digitaler Dadaismus \u2013 Season 1\/Episode 2, TOR Artspace, Frankfurt am Main<br>Rundgang 6 (Kurator: Frankfurter Hauptschule), Atelier FHS, Fankfurt am Main<br><strong>2019<\/strong> <br>LOLita (Kurator: Frankfurter Hauptschule), Gold + Beton, K\u00f6ln<br>Z Commonground, Zschokkestra\u00dfe 36, M\u00fcnchen<br>Palata Nr. 5, Labor der Opelvillen, Kunst- und Kulturstifung Opelvillen R\u00fcsselsheim<br><strong>2017<\/strong> <br>Home of the Brave &#8211; Absolventen der St\u00e4delschule 2017 (Kurator: Sergey Harutoonian),<br>MMK Museum f\u00fcr Moderne Kunst, Frankfurt am Main (Katalog)<br>Tarnanstrich (Kurator: Johannes Stahl) mit Allan Gretzki und Tobias Hahn , Bauzaun der<br>Westfassade des Kolumba Museums, K\u00f6ln<br>Benefz-Auktion \u201cJunge Kunst mit Zukunf\u201d , MAK Museum Angewandte Kunst, Frankfurt<br>am Main<br>Tere is a line in everything (Kurator: Tobias Hahn), POP;68, K\u00f6ln<br><strong>2016<\/strong> <br>Te Real Kiss (Kurator: Bernard Vienat), Johan, Frankfurt am Main,<br><strong>2015<\/strong> <br>BundeskunstHALL OF FAME (Kurator: Allan Gretzki und Robert Kaltenh\u00e4user),<br>Bundeskunsthalle, Bonn (Katalog)<br>Walk the Line. Neue Wege der Zeichnung (Kurator: Holger Broeker und Manuela<br>O&#8217;Connell), Kunstmuseum Wolfsburg (Katalog)<br>Crumbling Trough Powdery Air (Kurator: Fabian Sch\u00f6neich und Clare Molloy),<br>Portikus, Frankfurt am Main (Katalog)<br>Law\u2018s Pluralities (Kurator: Raul Gschrey), Neuer Kunstverein Giessen<br><strong>2014<\/strong> <br>Vor Ort (Kurator: Tomas Tiel), Sennestadtverein in Kooperation mit dem Bielefelder<br>Kunstverein, Bielefeld (Katalog)<br>reKOLLEKT (Kurator: Jan Kage), Galerie Borchardt, Hamburg (Katalog)<br>Alptraum, Maribor Art Gallery, Slowenien<br>Drawing Forever, Flur11, Braunschweig<br><strong>2013<\/strong> <br>False Optimism (Kurator: Peter Murray und Autocenter), Crawford Art Gallery, Cork<br>Irland (Katalog)<br>Home Stories (Kurator: Nicola M\u00fcllersch\u00f6n und Nora Mayr), KfW Stifung \/ Villa 102,<br>Frankfurt am Main (Katalog)<br>Painting of today! Neue Positionen in der Malerei, ArtSpace RheinMain, Ofenbach am<br>Main&nbsp;<br><strong>2012<\/strong> <br>reKOLLEKT (Kurator: Jan Kage), Kunstraum Kreuzberg \/ Bethanien, Berlin<br><strong>2011<\/strong><br>&#8230;so sch\u00f6n? (Kurator: Sara Stehr und Elke Gruhn), Nassauischer Kunstverein,<br>Wiesbaden<br>Playing the City 3 (Kurator: Mathias Ulrich), Schirn Kunsthalle, Frankfurt am Main<br>(Katalog)<br>Fish with broken dreams. Ann\u00e4herungen an den Raum, Galerie Heike Strelow, Frankfurt<br>am Main<\/p>\n","protected":false},"excerpt":{"rendered":"<p>*1981 in Moers, lebt und arbeitet in Frankfurt am Main und Leipzig Ausbildung und Arbeitserfahrungseit 2024 T\u00e4tigkeit als Gesch\u00e4fsf\u00fchrer in der galerie intershop auf dem Spinnereigel\u00e4nde in Leipzig 2017-2020 T\u00e4tigkeit an der Hochschule f\u00fcr Bildende K\u00fcnste\u2013St\u00e4delschule, Frankfurt am Main, als k\u00fcnstlerischer Koordinator und Assistent des Rektors Prof. Philippe Pirote, 2012-2017, Meistersch\u00fcler Freie Bildende Kunst (Prof. [&hellip;]<\/p>\n","protected":false},"author":1,"featured_media":0,"parent":0,"menu_order":0,"comment_status":"closed","ping_status":"closed","template":"templates\/fullwidth.php","meta":{"ngg_post_thumbnail":0,"footnotes":""},"_links":{"self":[{"href":"https:\/\/heynekunstfabrik.de\/home\/wp-json\/wp\/v2\/pages\/3497"}],"collection":[{"href":"https:\/\/heynekunstfabrik.de\/home\/wp-json\/wp\/v2\/pages"}],"about":[{"href":"https:\/\/heynekunstfabrik.de\/home\/wp-json\/wp\/v2\/types\/page"}],"author":[{"embeddable":true,"href":"https:\/\/heynekunstfabrik.de\/home\/wp-json\/wp\/v2\/users\/1"}],"replies":[{"embeddable":true,"href":"https:\/\/heynekunstfabrik.de\/home\/wp-json\/wp\/v2\/comments?post=3497"}],"version-history":[{"count":37,"href":"https:\/\/heynekunstfabrik.de\/home\/wp-json\/wp\/v2\/pages\/3497\/revisions"}],"predecessor-version":[{"id":3671,"href":"https:\/\/heynekunstfabrik.de\/home\/wp-json\/wp\/v2\/pages\/3497\/revisions\/3671"}],"wp:attachment":[{"href":"https:\/\/heynekunstfabrik.de\/home\/wp-json\/wp\/v2\/media?parent=3497"}],"curies":[{"name":"wp","href":"https:\/\/api.w.org\/{rel}","templated":true}]}}