{"id":351,"date":"2015-02-11T11:52:57","date_gmt":"2015-02-11T11:52:57","guid":{"rendered":"http:\/\/www.heynekunstfabrik.de\/tape-it\/?page_id=351"},"modified":"2026-01-16T09:22:31","modified_gmt":"2026-01-16T09:22:31","slug":"about-2","status":"publish","type":"page","link":"https:\/\/heynekunstfabrik.de\/home\/about-2\/","title":{"rendered":"About"},"content":{"rendered":"\n<p><span style=\"font-size: 11pt;\">Die HEYNE KUNST FABRIK gGmbH ist eine gemeinn\u00fctzige Kunst-Organisation. Auf wechelnden Ausstellungsfl\u00e4chen zeigt die HKF zeitgen\u00f6ssische Kunst.<\/span><\/p>\n\n\n\n<p class=\"has-small-font-size\"><span style=\"font-size: 11pt;\">Seit 2007 finden in der Heyne Kunst Fabrik zeitgen\u00f6ssische Kunstausstellungen, eigenkuratierte Einzel- und Gruppenausstellungen und Kooperativen mit Kunstvereinen und anderen Kunstinstitutionen und Veranstaltern statt. Der Fokus liegt auf der F\u00f6rderung von Nachwuchsk\u00fcnstlern und jungen Talenten der Gegenwartskunst. Street Art und Tape Art sind im breiten F\u00e4cher der ausgestellten Genres ebenfalls stolz vertreten. 2015 fand in der Heyne Kunst Fabrik die bisher gr\u00f6\u00dfte Gruppenausstellung Europ\u00e4ischer Tape Art mit 13 K\u00fcnstlern statt. Immer wieder auch ist die Heyne Kunst Fabrik auch Plattform f\u00fcr etablierte K\u00fcnstler im Rahmen von Retrospektiven oder Themenausstellungen.<\/span><\/p>\n\n\n\n<p class=\"has-small-font-size\"><span style=\"font-size: 11pt;\">Der engagierte Kunstsammler und Kurator Thomas Kypta, der die Heyne Kunst Fabrik 2007 gr\u00fcndete ist stets auf der Suche nach neuen vielversprechenden Kunststr\u00f6mungen und noch wenig etablierter auch provokanter Kunst, die f\u00fcr ein gro\u00dfes Publikum interessant ist.<br><\/span><br>Neben der Entwicklung einer K\u00fcnstler-Community in Bad Orb seit 2015 im BadOrb-Kreativquartier ist die Heyne Kunst Fabrik ab 2026 wieder in Offenbach am Main mit regelm\u00e4\u00dfigen Ausstellungen pr\u00e4sent.<\/p>\n\n\n<div class=\"wp-block-image\">\n<figure class=\"alignleft\"><img loading=\"lazy\" decoding=\"async\" width=\"1024\" height=\"683\" src=\"http:\/\/www.heynekunstfabrik.de\/tape-it\/wp-content\/uploads\/2015\/02\/Thomas_KunstPrivat-1024x683.png\" alt=\"Kunst Privat 2014\" class=\"wp-image-356\" srcset=\"https:\/\/heynekunstfabrik.de\/home\/wp-content\/uploads\/2015\/02\/Thomas_KunstPrivat-1024x683.png 1024w, https:\/\/heynekunstfabrik.de\/home\/wp-content\/uploads\/2015\/02\/Thomas_KunstPrivat-300x200.png 300w, https:\/\/heynekunstfabrik.de\/home\/wp-content\/uploads\/2015\/02\/Thomas_KunstPrivat-150x100.png 150w, https:\/\/heynekunstfabrik.de\/home\/wp-content\/uploads\/2015\/02\/Thomas_KunstPrivat.png 1277w\" sizes=\"(max-width: 1024px) 100vw, 1024px\" \/><\/figure><\/div>","protected":false},"excerpt":{"rendered":"<p>Die HEYNE KUNST FABRIK gGmbH ist eine gemeinn\u00fctzige Kunst-Organisation. Auf wechelnden Ausstellungsfl\u00e4chen zeigt die HKF zeitgen\u00f6ssische Kunst. Seit 2007 finden in der Heyne Kunst Fabrik zeitgen\u00f6ssische Kunstausstellungen, eigenkuratierte Einzel- und Gruppenausstellungen und Kooperativen mit Kunstvereinen und anderen Kunstinstitutionen und Veranstaltern statt. Der Fokus liegt auf der F\u00f6rderung von Nachwuchsk\u00fcnstlern und jungen Talenten der Gegenwartskunst. Street [&hellip;]<\/p>\n","protected":false},"author":1,"featured_media":0,"parent":0,"menu_order":0,"comment_status":"closed","ping_status":"closed","template":"","meta":{"ngg_post_thumbnail":0,"footnotes":""},"_links":{"self":[{"href":"https:\/\/heynekunstfabrik.de\/home\/wp-json\/wp\/v2\/pages\/351"}],"collection":[{"href":"https:\/\/heynekunstfabrik.de\/home\/wp-json\/wp\/v2\/pages"}],"about":[{"href":"https:\/\/heynekunstfabrik.de\/home\/wp-json\/wp\/v2\/types\/page"}],"author":[{"embeddable":true,"href":"https:\/\/heynekunstfabrik.de\/home\/wp-json\/wp\/v2\/users\/1"}],"replies":[{"embeddable":true,"href":"https:\/\/heynekunstfabrik.de\/home\/wp-json\/wp\/v2\/comments?post=351"}],"version-history":[{"count":29,"href":"https:\/\/heynekunstfabrik.de\/home\/wp-json\/wp\/v2\/pages\/351\/revisions"}],"predecessor-version":[{"id":3955,"href":"https:\/\/heynekunstfabrik.de\/home\/wp-json\/wp\/v2\/pages\/351\/revisions\/3955"}],"wp:attachment":[{"href":"https:\/\/heynekunstfabrik.de\/home\/wp-json\/wp\/v2\/media?parent=351"}],"curies":[{"name":"wp","href":"https:\/\/api.w.org\/{rel}","templated":true}]}}