{"id":3514,"date":"2024-06-26T15:26:49","date_gmt":"2024-06-26T15:26:49","guid":{"rendered":"https:\/\/heynekunstfabrik.de\/home\/?page_id=3514"},"modified":"2024-06-27T15:56:54","modified_gmt":"2024-06-27T15:56:54","slug":"o-w-himmel-kuenstler-vita","status":"publish","type":"page","link":"https:\/\/heynekunstfabrik.de\/home\/o-w-himmel-kuenstler-vita\/","title":{"rendered":"O.W. Himmel \u2013 K\u00fcnstler Vita"},"content":{"rendered":"\n<div class=\"wp-block-columns is-layout-flex wp-container-core-columns-is-layout-1 wp-block-columns-is-layout-flex\">\n<div class=\"wp-block-column is-layout-flow wp-block-column-is-layout-flow\" style=\"flex-basis:50%\">\n<div class=\"wp-block-group is-nowrap is-layout-flex wp-container-core-group-is-layout-1 wp-block-group-is-layout-flex\">\n<figure class=\"wp-block-image size-full is-resized\"><a href=\"https:\/\/heynekunstfabrik.de\/home\/wp-content\/uploads\/2024\/06\/Himmel-Leo_8088-1600x1067-1.jpg\"><img loading=\"lazy\" decoding=\"async\" width=\"1600\" height=\"1067\" src=\"https:\/\/heynekunstfabrik.de\/home\/wp-content\/uploads\/2024\/06\/Himmel-Leo_8088-1600x1067-1.jpg\" alt=\"\" class=\"wp-image-3516\" style=\"width:552px;height:auto\" srcset=\"https:\/\/heynekunstfabrik.de\/home\/wp-content\/uploads\/2024\/06\/Himmel-Leo_8088-1600x1067-1.jpg 1600w, https:\/\/heynekunstfabrik.de\/home\/wp-content\/uploads\/2024\/06\/Himmel-Leo_8088-1600x1067-1-300x200.jpg 300w, https:\/\/heynekunstfabrik.de\/home\/wp-content\/uploads\/2024\/06\/Himmel-Leo_8088-1600x1067-1-1024x683.jpg 1024w, https:\/\/heynekunstfabrik.de\/home\/wp-content\/uploads\/2024\/06\/Himmel-Leo_8088-1600x1067-1-768x512.jpg 768w, https:\/\/heynekunstfabrik.de\/home\/wp-content\/uploads\/2024\/06\/Himmel-Leo_8088-1600x1067-1-1536x1024.jpg 1536w, https:\/\/heynekunstfabrik.de\/home\/wp-content\/uploads\/2024\/06\/Himmel-Leo_8088-1600x1067-1-150x100.jpg 150w, https:\/\/heynekunstfabrik.de\/home\/wp-content\/uploads\/2024\/06\/Himmel-Leo_8088-1600x1067-1-400x267.jpg 400w\" sizes=\"(max-width: 1600px) 100vw, 1600px\" \/><\/a><\/figure>\n<\/div>\n<\/div>\n\n\n\n<div class=\"wp-block-column is-layout-flow wp-block-column-is-layout-flow\" style=\"flex-basis:50%\">\n<p><strong>1967<\/strong>\u00a0Geboren in Ludwigshafen \/ Rhein<br><strong>1986<\/strong>\u00a0Hochschulreife<br><strong>1986-1988<\/strong>\u00a0Zivildienst<br><strong>1988-1989<\/strong>\u00a0Studium der Germanistik und Philosophie an der Universit\u00e4t Mannheim<br><strong>1990-1995<\/strong>\u00a0Studium der Freien Kunst, Hochschule der Bildenden K\u00fcnste Saar bei Prof. Horst-Gerhard Haberl, Prof. Helmut Reichmann und Prof. Ulrike Rosenbach<br><strong>1995<\/strong>\u00a0Diplom in Freier Kunst<br><strong>1995-1996<\/strong>\u00a0Studienvertiefung Produktdesign, Hochschule der bildenden K\u00fcnste Saar<br><strong>2006-2010<\/strong>\u00a0Dozent f\u00fcr Existenzgr\u00fcndung, Hochschule der Bildenden K\u00fcnste Saar und<br><strong>2007-2013<\/strong>\u00a0Dozent f\u00fcr Existenzgr\u00fcndung an Staatl. Akademie der Bildenden K\u00fcnste Karlsruhe<br><strong>2013<\/strong>\u00a0Dozent f\u00fcr Existenzgr\u00fcndung, Staatl. Akademie der Bildenden K\u00fcnste Stuttgart<br>O.W. Himmel lebt und arbeitet als freischaffender K\u00fcnstler in K\u00f6llerbach. Foto: Rich Serra<\/p>\n\n\n\n<p><a href=\"https:\/\/owhimmel.de\" data-type=\"link\" data-id=\"https:\/\/owhimmel.de\">Website O.W. Himmel<\/a><\/p>\n<\/div>\n<\/div>\n\n\n\n<p><br><strong>2023<\/strong><br>\u2013 [prINT!] Internationale Druckkunst-Ausstellung, Walpodenakademie, Mainz<br>\u2013 KLEIN UND FARBLOS, Umspannwerk, Ludwigshafen<br>\u2013&nbsp;Druck Kontor Saar bei der 26. Mainzer Minipressen-Messe, Rheingoldhalle, Mainz<br>\u2013 Serient\u00e4ter, Union Stiftung, Saarbr\u00fccken (E)<br>\u2013&nbsp;SaarART 2023, Museum Schloss Fellenberg, Merzig (K)<br>\u2013&nbsp;Secret Nights, GALLERY PUZI\u0106, Saarbr\u00fccken<br>\u2013&nbsp;Konsum in der Kunst, Museum Biberach, Biberach (K)<br>\u2013&nbsp;Stipendiatenausstellung, Atelier im Schlachthof, Sigmaringen (E)<\/p>\n\n\n\n<p><strong>2022<\/strong><br>\u2013&nbsp;Konsum in der Kunst, Museum Biberach, Biberach (K)<br>\u2013&nbsp;Niveau Unter Null 29, Das Haus, Ludwigshafen\/Rhein<br>\u2013&nbsp;Niveau Unter Null 28, Das Haus, Ludwigshafen\/Rhein<br>\u2013&nbsp;Linolschnitt heute XII \u2013 Grafikpreis der Stadt Bietigheim-Bissingen, St\u00e4dtische Galerie Bietigheim-   Bissingen (K)<br>\u2013&nbsp;O.W.Himmel: der Linolschnitt im Pop, Rock\u2019nPop Museum, Gronau (E)<br>\u2013&nbsp;Ich=Ich?, Akademie der Di\u00f6zese Rottenburg-Stuttgart, Stuttgart<\/p>\n\n\n\n<p><strong>2021<\/strong><br>\u2013&nbsp;10 Jahre Junger Kunstraum, Kunstmuseum, Albstadt (K)<br>\u2013&nbsp;Albspaziergang-Gegenwart und Landschaftsbild, Kunstmuseum, Albstadt<br>\u2013&nbsp;Neuerwerbungen 2015-2021, Kunstmuseum, Albstadt<br>\u2013&nbsp;Aktuelle Pr\u00e4sentation der graphischen Sammlung, Museum Folkwang, Essen<br>\u2013&nbsp;Sommerausstellung 2021, Museum St.Wendel, St. Wendel (K)<\/p>\n\n\n\n<p><strong>2020<\/strong><br>\u2013&nbsp;Herbstsalon, Kulturzentrum am Eurobahnhof, Saarbr\u00fccken<br>\u2013&nbsp;Tabula Rasa, Interdisziplin\u00e4rer Schauraum Oberfett, Hamburg<br>\u2013&nbsp;Aktuelle Pr\u00e4sentation der graphischen Sammlung, Museum Folkwang, Essen<br>\u2013&nbsp;PASSWORT 4, Kunsttempel Kassel, Kassel<br>\u2013&nbsp;Paarweise \u2013 K\u00fcnstlerpaare im Fokus, Kunstsammlung Gera \/ Orangerie, Gera (K)<br>\u2013&nbsp;Offshore, REWE-Markt, Albstadt-Ebingen<br>\u2013&nbsp;O.W. Himmel \u2013 everything counts in large amounts \/ sequenzen 0\/01, Seegang Halberg (SR),    Saarbr\u00fccken (E\/K)<br>\u2013&nbsp;Paarweise!?, Kunstmuseum Albstadt, Albstadt<\/p>\n\n\n\n<p><strong>2019<\/strong><br>\u2013&nbsp;Tabula Rasa, Interdisziplin\u00e4rer Schauraum Oberfett, Hamburg<br>\u2013&nbsp;Niveau Unter Null 27, Das Haus, Ludwigshafen\/Rhein<br>\u2013&nbsp;Record Stay \u2013 Kunst im Plattenladen, Rex Rotari, Saarbr\u00fccken (E)<br>\u2013&nbsp;self-publishing \u2013 Publizieren als Kunst, Kunsttempel, Kassel (K)<br>\u2013&nbsp;O.W. Himmel \u2013 Full Vinyl, Heyne Kunstfabrik, Bad Orb (E\/K)<br>\u2013&nbsp;25. Mainzer Minnipressen-Messe, Messestand mit Druck-Kontor-Saar, Rheingoldhalle, Mainz<br>\u2013&nbsp;Paarweise!?, Kunstmuseum Albstadt, Albstadt (K)<br>\u2013&nbsp;Soundwave, Kunst im Plattenladen II, Sound Check, Kaiserslautern (E)<br>\u2013&nbsp;Klein &amp; Farblos, POPUP!LAB, Vorplatz Das Haus, Ludwigshafen\/Rhein<br>\u2013&nbsp;Vinyl comes back!, Kunst im Plattenladen III, Come Back, Darmstadt (E)<\/p>\n\n\n\n<p><strong>2018<\/strong><br>\u2013&nbsp;Niveau Unter Null 26, Das Haus, Ludwigshafen\/Rhein<br>\u2013&nbsp;O.W. Himmel \u2013 Full Vinyl, Heyne Kunstfabrik, Bad Orb (E\/K)<br>\u2013&nbsp;O.W. Himmel \u2013 Full Labeled, Kunstmuseum Reutlingen, Reutlingen (E\/K)<\/p>\n\n\n\n<p><strong>2017<\/strong><br>\u2013&nbsp;Schon Sch\u00f6n \u2013 Schwarz-Wei\u00df-Buntes im Waschsalon, Kassel<br>\u2013&nbsp;Open House \u2013 Heyne Kunst Fabrik Kunstsupermarkt, Bad Orb<br>\u2013&nbsp;Im Plattenland \u2013 Vinyl ist Kunst, Historisches Museum Saar, Saarbr\u00fccken (E)<br>\u2013&nbsp;100 Tage \u2013 100 Grafiken, Rahmenwerkstatt, Kassel<br>\u2013&nbsp;Vermessung der Landschaft, Kunstmuseum Albstadt, Albstadt<br>\u2013&nbsp;TEXTBILDTON \/ Musik im Kopf: O.W. Himmel, Bernard Skopnik, Reinhold Weber, Kunsttempel, Kassel<\/p>\n\n\n\n<p><strong>2016<\/strong><br>\u2013&nbsp;Heyne Kunst Fabrik Pop-Up-Gallery: O.W. Himmel &amp; Katharina Krenkel, Kreativquartier, Bad Orb<br>\u2013&nbsp;Spielzeug\/Spielraum, Kunstmuseum Albstadt<br>\u2013&nbsp;Second Life \u2013 Unsterblich als Kunstwerk (mit K. Krenkel), Kunstmuseum Albstadt<\/p>\n\n\n\n<p><strong>2015<\/strong><br>\u2013&nbsp;Heldenmythen \u2013 Heldentaten \u2013 Heldentod, K\u00fcnstlerhaus, Saarbr\u00fccken (K)<br>\u2013&nbsp;Second Life \u2013 Unsterblich als Kunstwerk (mit K. Krenkel), Galerie Albstadt<br>\u2013&nbsp;Kunst kommt von Kaufen (mit A. Golczewski), Museum Gosz, Saarbr\u00fccken<\/p>\n\n\n\n<p><strong>2014<\/strong><br>\u2013&nbsp;We can make it, Galerie Albstadt<br>\u2013&nbsp;Kunst ist k\u00e4uflich und verkaufen kann Spa\u00df machen! (Diavortrag),<br>\u2013&nbsp;Tausch! Contemporary Art Fair, Offenbach<br>\u2013&nbsp;Sie haben die Wahl!, St\u00e4dtische Galerie, Bietigheim-Bissingen<br>\u2013&nbsp;O.W. Himmel: Cash &amp; Carry, Kulturverein Burbach, Saarbr\u00fccken-Burbach (E)<br>\u2013&nbsp;Kunst Privat!, Heyne Kunstfabrik, Offenbach<\/p>\n\n\n\n<p><strong>2013<\/strong><br>\u2013&nbsp;2000+, Saarlandmuseum, Saarbr\u00fccken (K)<br>\u2013&nbsp;Go Cut Creator Go!, Kunstverein Dillingen, Dillingen (E)<br>\u2013&nbsp;Trauerarbeit, Ludwigshafener Kunstverein, Ludwigshafen\/Rhein<br>\u2013&nbsp;Give me five!, St\u00e4del Museum, Frankfurt\/Main<br>\u2013&nbsp;Kunst Privat!, Heyne Kunstfabrik, Offenbach<\/p>\n\n\n\n<p><strong>2012<\/strong><br>\u2013&nbsp;Himmel Hilft!, Galerie P\u00fcttlinger Bahnhof, P\u00fcttlingen<br>\u2013&nbsp;2000 Jahre Krise, Scharpf-Galerie, Ludwigshafen\/Rhein<br>\u2013&nbsp;Kunst Privat!, Heyne Kunstfabrik, Offenbach<\/p>\n\n\n\n<p><strong>2011<\/strong><br>\u2013&nbsp;Himmel hilf, Galerie G\u00f6pel, Riegelsberg<\/p>\n\n\n\n<p><strong>2010<\/strong><br>\u2013&nbsp;Music was my first Love, Rock\u2019n Pop Museum, Gronau (E)<br>\u2013&nbsp;Mission for Music, Internat. Musikmesse Frankfurt, Frankfurt (E)<\/p>\n\n\n\n<p><strong>2009<\/strong><br>\u2013&nbsp;Starschnitt, Heyne Kunstfabrik, Offenbach (E) (K)<br>\u2013&nbsp;20 Jahre Stiftung Kulturbesitz Kreis St. Wendel, Bosener M\u00fchle, Bosen (K)<br>\u2013&nbsp;Die Kunst mu\u00df raus in die Welt, AW-Magazin, Saarbr\u00fccken (E)<\/p>\n\n\n\n<p><strong>2008<\/strong><br>\u2013&nbsp;Do you believe in Gosz, Museum Gosz, Saarbr\u00fccken<br>\u2013&nbsp;le cerf dans tous ses \u00e9tats, Ch\u00e2teau de Courcelles, Montigny-l\u00e8s-Metz, Frankreich (K)<\/p>\n\n\n\n<p><strong>2007<\/strong><br>\u2013&nbsp;fifty fifty, Kunsttempel, Kassel<br>\u2013&nbsp;Aus dem Gesicht geschnitten, St\u00e4tische Galerie, Bietigheim Bissingen<br>\u2013&nbsp;Music was my first Love \u2013 Musicperformance, Kulturfabrik, Esch s. Alzette, Luxembourg<\/p>\n\n\n\n<p><strong>2006<\/strong><br>\u2013&nbsp;Krenkel&amp;Himmel : gewollt und gebucht, Saarl. K\u00fcnstlerhaus, Saarbr\u00fccken (E) (K)<br>\u2013&nbsp;Meine Familie &amp; Ich, Druck-und Spielkartenmuseum, Grevenmacher, Luxembourg (E)<br>\u2013&nbsp;Ein echtes Himmelregal \u2013 Verkaufsperformance, Kulturfabrik, Esch s. Alzette, Lux.<br>\u2013&nbsp;Sender empf\u00e4ngt G\u00e4ste, Galerie Altes Schulhaus, Heimkirchen\/Pfalz<\/p>\n\n\n\n<p><strong>2005<\/strong><br>\u2013&nbsp;Ich bin Fan, Galerie Jung-D\u00f6rr, Illingen (E)<br>\u2013&nbsp;Linoldruckgrafik von O.W.Himmel, Kulturzentrum Bosener M\u00fchle, Bosen<\/p>\n\n\n\n<p><strong>2003<\/strong><br>\u2013&nbsp;O.W.Himmel: Daheim im Archiv \/ Katharina Krenkel: Die Welt in Heimarbeit,<br>\u2013&nbsp;Museum St.Wendel (E) (K)<\/p>\n\n\n\n<p><strong>2002<\/strong><br>\u2013&nbsp;Le livre s\u2019entete, Goethe Institut Intern. Nancy, Frankreich<br>\u2013&nbsp;Mein Aldi Mon Cora de Lux, Saarl. K\u00fcnstlerhaus, Saarbr\u00fccken, Wanderausstellung (K)<br>\u2013&nbsp;Evolution\u00e4re Zellen \u2013 selbstbeauftragtes Gestalten gesellschaftlicher Perspektiven, NGBK, Berlin<\/p>\n\n\n\n<p><strong>2001<\/strong><br>\u2013&nbsp;Buchhaltung O.W.Himmel, Kunst im Pavillon, Ottweiler (E) (K)<\/p>\n\n\n\n<p><strong>2000<\/strong><br>\u2013&nbsp;Kunstszene Saar-Visionen 2000, Museum St. Ingbert, St. Ingbert (K)<br>\u2013&nbsp;Escape from Noise \u2013 ein Musikexperiment, Kulturdepot, Ludwigshafen\/Rhein<br>\u2013&nbsp;Kunst-Bau, Landeszentralbank Saarland, Saarbr\u00fccken (K)<\/p>\n\n\n\n<p><strong>1999<\/strong><br>\u2013&nbsp;Kunst im Kasten, Saarl\u00e4ndisches K\u00fcnstlerhaus, Saarbr\u00fccken (K)<br>\u2013&nbsp;Roulette, Ausstellungsraum der Akademie Schlo\u00df Solitude, Stuttgart<br>\u2013&nbsp;Die L\u00f6wen sind los, Schlo\u00dfplatz, Saarbr\u00fccken<br>\u2013&nbsp;SSV,Garagestore UH1, Saarbr\u00fccken<\/p>\n\n\n\n<p><strong>1998<\/strong><br>\u2013&nbsp;BBK Jahresausstellung, Saarl\u00e4ndisches K\u00fcnstlerhaus, Saarbr\u00fccken<br>\u2013&nbsp;Kunst &amp; Geld \u2013 Analyse des Jetzt-Zustandes und Auswege aus dem Desaster (Vortrag), Kulturdepot, \u2013&nbsp;Ludwigshafen<\/p>\n\n\n\n<p><strong>1997<\/strong><br>\u2013&nbsp;Urinale \u2013 Eine Fotografische Recherche von O.W.Himmel, Stadtgalerie Saarbr\u00fccken (E) (K)<br>\u2013&nbsp;Lessak-Andenken, Kunstbalkon, Kassel<\/p>\n\n\n\n<p><strong>1996<\/strong><br>\u2013&nbsp;BBK \u2013 Jahresausstellung, Saarl\u00e4ndisches K\u00fcnstlerhaus, Saarbr\u00fccken<br>\u2013&nbsp;Auto, Aktionsraum LKW-Werkstatt Schanzstrasse, Ludwigshafen<\/p>\n\n\n\n<p><strong>1994<\/strong><br>\u2013&nbsp;Krenkel &amp; Himmel: Nackt in Mannheim, Heart Gallery, Mannheim (E)<br>\u2013&nbsp;Wasser \u2013 Mainzer Kunstpreis Eisenturm, Kunstverein Eisenturm, Mainz (K)<\/p>\n\n\n\n<p><strong>1993<\/strong><br>\u2013&nbsp;Stars machen gro\u00dfe Gef\u00fchle, steirischer herbst, Graz \u00d6sterreich (K)<\/p>\n\n\n\n<p><strong>1992<\/strong><br>\u2013&nbsp;Neue Medien \u2013 Klasse!, Saarl\u00e4ndisches K\u00fcnstlerhaus, Saarbr\u00fccken (K)<\/p>\n\n\n\n<p><strong>1991<\/strong><br>\u2013&nbsp;Reality is a sandwich I did not order, WHG, Ludwigshafen (E)<\/p>\n\n\n\n<p><strong>1989<\/strong><br>\u2013&nbsp;Big Bug \u2013 Eine Multimediaperformance, Music Hall, Ludwigshafen<\/p>\n\n\n\n<p><strong>1988<\/strong><br>\u2013&nbsp;3. internationale Kunstausstellung, JUZ, Mannheim<\/p>\n\n\n\n<p><strong>1986<\/strong><br>\u2013&nbsp;Lebende Legenden, Kulturzentrum Alte Feuerwache, Mannheim<\/p>\n\n\n\n<p><strong>Publikationen:<\/strong><br><a href=\"https:\/\/owhimmel.de\/ueber-den-kuenstler\/publikationen\/\">https:\/\/owhimmel.de\/ueber-den-kuenstler\/publikationen\/<\/a><\/p>\n","protected":false},"excerpt":{"rendered":"<p>1967\u00a0Geboren in Ludwigshafen \/ Rhein1986\u00a0Hochschulreife1986-1988\u00a0Zivildienst1988-1989\u00a0Studium der Germanistik und Philosophie an der Universit\u00e4t Mannheim1990-1995\u00a0Studium der Freien Kunst, Hochschule der Bildenden K\u00fcnste Saar bei Prof. Horst-Gerhard Haberl, Prof. Helmut Reichmann und Prof. Ulrike Rosenbach1995\u00a0Diplom in Freier Kunst1995-1996\u00a0Studienvertiefung Produktdesign, Hochschule der bildenden K\u00fcnste Saar2006-2010\u00a0Dozent f\u00fcr Existenzgr\u00fcndung, Hochschule der Bildenden K\u00fcnste Saar und2007-2013\u00a0Dozent f\u00fcr Existenzgr\u00fcndung an Staatl. Akademie der [&hellip;]<\/p>\n","protected":false},"author":1,"featured_media":0,"parent":0,"menu_order":0,"comment_status":"closed","ping_status":"closed","template":"templates\/fullwidth.php","meta":{"ngg_post_thumbnail":0,"footnotes":""},"_links":{"self":[{"href":"https:\/\/heynekunstfabrik.de\/home\/wp-json\/wp\/v2\/pages\/3514"}],"collection":[{"href":"https:\/\/heynekunstfabrik.de\/home\/wp-json\/wp\/v2\/pages"}],"about":[{"href":"https:\/\/heynekunstfabrik.de\/home\/wp-json\/wp\/v2\/types\/page"}],"author":[{"embeddable":true,"href":"https:\/\/heynekunstfabrik.de\/home\/wp-json\/wp\/v2\/users\/1"}],"replies":[{"embeddable":true,"href":"https:\/\/heynekunstfabrik.de\/home\/wp-json\/wp\/v2\/comments?post=3514"}],"version-history":[{"count":20,"href":"https:\/\/heynekunstfabrik.de\/home\/wp-json\/wp\/v2\/pages\/3514\/revisions"}],"predecessor-version":[{"id":3601,"href":"https:\/\/heynekunstfabrik.de\/home\/wp-json\/wp\/v2\/pages\/3514\/revisions\/3601"}],"wp:attachment":[{"href":"https:\/\/heynekunstfabrik.de\/home\/wp-json\/wp\/v2\/media?parent=3514"}],"curies":[{"name":"wp","href":"https:\/\/api.w.org\/{rel}","templated":true}]}}