{"id":3532,"date":"2024-06-27T09:22:20","date_gmt":"2024-06-27T09:22:20","guid":{"rendered":"https:\/\/heynekunstfabrik.de\/home\/?page_id=3532"},"modified":"2024-06-27T15:55:35","modified_gmt":"2024-06-27T15:55:35","slug":"katharina-krenkel-kuenstler-vita","status":"publish","type":"page","link":"https:\/\/heynekunstfabrik.de\/home\/katharina-krenkel-kuenstler-vita\/","title":{"rendered":"Katharina Krenkel \u2013 K\u00fcnstler Vita"},"content":{"rendered":"\n<div class=\"wp-block-columns is-layout-flex wp-container-core-columns-is-layout-1 wp-block-columns-is-layout-flex\">\n<div class=\"wp-block-column is-layout-flow wp-block-column-is-layout-flow\" style=\"flex-basis:50%\">\n<div class=\"wp-block-group is-nowrap is-layout-flex wp-container-core-group-is-layout-1 wp-block-group-is-layout-flex\">\n<figure class=\"wp-block-image size-full is-resized\"><a href=\"https:\/\/heynekunstfabrik.de\/home\/wp-content\/uploads\/2024\/06\/katharina_web.jpg\"><img loading=\"lazy\" decoding=\"async\" width=\"400\" height=\"308\" src=\"https:\/\/heynekunstfabrik.de\/home\/wp-content\/uploads\/2024\/06\/katharina_web.jpg\" alt=\"\" class=\"wp-image-3544\" style=\"width:536px;height:auto\" srcset=\"https:\/\/heynekunstfabrik.de\/home\/wp-content\/uploads\/2024\/06\/katharina_web.jpg 400w, https:\/\/heynekunstfabrik.de\/home\/wp-content\/uploads\/2024\/06\/katharina_web-300x231.jpg 300w, https:\/\/heynekunstfabrik.de\/home\/wp-content\/uploads\/2024\/06\/katharina_web-150x116.jpg 150w\" sizes=\"(max-width: 400px) 100vw, 400px\" \/><\/a><\/figure>\n<\/div>\n<\/div>\n\n\n\n<div class=\"wp-block-column is-layout-flow wp-block-column-is-layout-flow\" style=\"flex-basis:50%\">\n<p>Katharina Krenkel arbeitet sowohl plastisch als auch grafisch. Aus Wolle und anderen h\u00e4kelbaren Materialien wie Absperrband, M\u00fclls\u00e4cken, Draht, Videob\u00e4ndern und Gummiprofilen entstehen ihre \u201eweichen Skulpturen\u201c. Diese widersprechen dabei dem herk\u00f6mmlichen Verst\u00e4ndnis der Bildhauerei, die \u201eharte\u201c Materialien bevorzugt.<\/p>\n\n\n\n<p>\u201eIch betrachte die Welt und ihre Strukturen und versuche sie in ein H\u00e4kelmuster zu \u00fcberf\u00fchren. Dabei verschieben sich Wahrnehmungen durch \u00dcberzeichnungen, ver\u00e4nderte Proportionen und eine ironische Brechung. Die einzelnen Maschen sind die zellul\u00e4re Struktur meiner eigenen weichen Sch\u00f6pfungen. Ich liebe die Gegen\u00fcberstellung von Widerspr\u00fcchen. Ich bin Bildhauerin mit H\u00e4kelnadel und Wolle. Hart und weich.\u201c\u00a0<em>Katharina Krenkel<\/em><br>Foto: Rich Serra<\/p>\n\n\n\n<p><a href=\"https:\/\/www.katharina-krenkel.de\" data-type=\"link\" data-id=\"https:\/\/www.katharina-krenkel.de\">Website Katharina Krenkel<\/a><\/p>\n<\/div>\n<\/div>\n\n\n\n<p><br><strong>2024<\/strong><br>Winterb\u00fchne Bad Muskau, Stillleben im Schlo\u00df (E)<br>Betreten auf eigene Gefahr!, Gallery Puzic, Saarbr\u00fccken (E)<br>The Pleasure Patchwork, eine Kooperation von Tanz und Soft Sculpture, GlogauAIR, Berlin<br>Busen am Internationalen Frauentag, Balzert, P\u00fcttlingen (E)<br>Passwort 2024, Schlachthof, Kassel<br>Sal\u00f3n Verde Textil: Genealog\u00edas del Verde, Museo Municipal Kakel Huincul, Maip\u00fa, Argentinien<br>Halbzeit &#8211; Fussball in der Kunst, Heyne Kunstfabrik, Bad Orb<br>XXVIII Sal\u00f3n Internacional de Minitextiles, Centro Argentino de Arte Textil, Buenos Aires<\/p>\n\n\n\n<p><strong>2023<\/strong><br>XS-Project &#8211; ArteMorbida Space, Arte Fiera Bergamo; Gina Morandini Contemporary Textile Art Gallery, Maniago und Studio B49, Rom<br>Aufenthaltsstipendium und Ausstellung, Schlachthof Sigmaringen (E)<br>Ein Roter Faden &#8211; Textile Wege in der Kunst, Ausstellungshaus Spoerri, Hadersdorf am Kamp (\u00d6sterreich) (K)<br>Stillleben, Kunstverein Norden (E)<br>prINT, Mainzer Kunstverein&nbsp;<br>Klein und Farblos, Umspannwerk, Ludwigshafen<br>SaarART, St\u00e4dtische Galerie Neunkirchen (K)<br>Feminismo Sur a Norte, Museo de la Mujer, Buenos Aires, Argentinien<br>PFUI, Waschsalon, Kassel &nbsp;<br>Pfannoptikum &#8211; Das Rollende Museum, 3 verschiedene Stationen (Neunkirchen\/Saar, Baiersbronn, Bad Orb)<br>Siegburg Sichten, eine Woche auf dem Turm des Michealsberges als Stadtzeichnerin (E)<br>Tropfen im Glashaus, Kunstkiosk, Stadtmuseum Siegburg (E)<br>Soft City, Johannstadt, Dresden&nbsp;<br>&#8222;Secret Night&#8220; und &#8222;Viele Gr\u00fcnde&#8220;, Gallery Puzic, Saarbr\u00fccken<br>SOS Wasser, Badehaus Maiersreuth, Basilika Waldsassen und Kirche St. Laurentius in Bad Neualbenreuth&nbsp;<br>Kunst trifft Kochkunst, Galerie Uli Lang, Traube Tonbach, Baiersbronn<br>Sal\u00f3n Verde Textil: Genealogias del Verde, Centro Argentino der Arte Textil, Museo Benito Quinquela, Buenos Aires und Fundacruz, Casa de la Cultura, Rio Gallegos<br>Feminismo al Sur, REA, Regina Espacio de Arte, Buenos Aires, San Isidro<br>Kunstankauf 2023, Landtag des Saarlandes<br>Linolschnitt heute, Kunstmuseum Bayreuth<br><\/p>\n\n\n\n<p><strong>2022<\/strong><br>Selfmade Luxury, Ausstellung zum International Women\u00b4s Day, LVMH Parfum und Kosmetik, D\u00fcsseldorf<br>ICH=ICH?, Katholikentag, Rupert-Mayer-Haus, Stuttgart<br>Ornament &#8211; Natur von der Rolle, Stadtmuseum Siegburg (E) (K)<br>Albspaziergang, Kunst Museum Albstadt<br>10 Jahre Junger Kunstraum, Kunst Museum Albstadt (K)<br>AUFZEICHNUNGEN von Katharina Krenkel, Sammeln, Wandern, Abbilden &amp; H\u00e4keln im Saarland, Union Stiftung, Saarbr\u00fccken (E)<br>Pfannoptikum &#8211; Das Rollende Museum, 3 verschiedene Stationen (Lebach, Bietigheim-Bissingen, Mannheim)<br>Yarn Bombing Festival Milano<br>Neuerwerbungen von 2015-2021, Kunst Museum Albstadt<br>Linolschnitt heute XII, St\u00e4dtische Galerie Bietigheim-Bissingen (K)<\/p>\n\n\n\n<p><strong>2021<\/strong><br>Wasser &#8211; ein wanderndes und wachsendes Altartuch, St. Albert, Saarbr\u00fccken&nbsp;<br>Albspaziergang, Kunstmuseum Albstadt<br>Ackern in Oderwitz &#8211; Kunststation auf einem Fahrradparcours<br>Pfannoptikum &#8211; das rollende Museum, 6 verschiedene Stationen quer durch Deutschland<br>SALIGIA &#8211; Die 7 Tods\u00fcnden, 7 Mobile Installationen, Museum Abtei Liesborn<br>MIKROMYSTERIUM &#8211; eine ansteckende Ausstellung, Stadthaus Ulm (E)<br>Sommerausstellung, Museum St. Wendel<br>Urban Art, Pforzheim<br>Spiritueller Sommer, Sauerland<br>Die Textile, Schmallenberg<br>This Ain\u00b4t the Archies, Timeless Textiles Gallery, Newcastle, Australia<\/p>\n\n\n\n<p><strong>2020&nbsp;<\/strong><br>Spitze unterwegs &#8211; Die Welt als mein Wohnzimmer, Alltagsintervention auf \u00f6ffentlichen Pl\u00e4tzen in Saarbr\u00fccken (E)<br>MIKROMYSTERIUM &#8211; eine ansteckende Ausstellung, Lenneatelier, Schmallenberg (E) (K) Turmwoche, eine Woche auf dem Turm der Martinskirche in Albstadt-Ebingen (E)<br>SALIGIA &#8211; Die 7 Tods\u00fcnden, 7 Mobile Installationen, Bioenergiepark Saerbeck, Flottman-Hallen Herne<br>Offshore, Kunstmuseum Albstadt (K)<br>Fuzzy World, Stadtmuseum Siegburg (E)<br>Medicus, Historisches Museum der Pfalz, Speyer<br>PASSWORT 4, Kunsttempel, Kassel<br>T\u00fcren und Fenster &#8211; Drinnen und Draussen, St\u00e4dtische Galerie Bietigheim-Bissingen<br>Paarweise &#8211; K\u00fcnstlerpaare im Fokus, Orangerie Gera<\/p>\n\n\n\n<p><strong>2019<\/strong><br>Linolschnitt heute XI, St\u00e4dtische Galerie Bietigheim-Bissingen (K)<br>Donaugalerie 2019, Donaupark Tuttlingen (K)<br>Paarweise, Kunstmuseum Albstadt (K)<br>Tischkultur, K\u00fcnstlerhaus Saarbr\u00fccken<br>SALIGIA &#8211; Die 7 Tods\u00fcnden, 7 Mobile Installationen, Kloster Bentlage, Rheine; Religio Telgte; Schauraum, M\u00fcnster; Kult, Vreden (K)<br>Self Publishing &#8211; Publizieren als Kunst, Kunsttempel, Kassel (K)<\/p>\n\n\n\n<p><strong>2018<\/strong><br>Wanderskizzen Saarland &#8211; 25 Tage\/25Bilder, Eine Saarlandumrundung zu Fu\u00df, Weltkulturerbe V\u00f6lklinger H\u00fctte (E)<br>Faden, Stein, Papier, Kunstmuseum Albstadt (E) (K)&nbsp;<br>Verzahnt, Esche-Museum, Limbach-Oberfrohna (E)<\/p>\n\n\n\n<p><strong>2017<\/strong><br>Salon Wiepersdorf, Saarl\u00e4ndische Galerie, Berlin<br>Erde\/Stoff\/Papier, Kunstmuseum Albstadt<br>Saarart, Museum Schlo\u00df Fellenberg, Merzig (K)<br>Feuer &amp; Wasser, Alltagsintervention mit Klausur und Turmaufenthalt, Stadtkirche Bietigheim und St\u00e4dtische Galerie Bietigheim (E)<\/p>\n\n\n\n<p><strong>2016<\/strong><br>hart &amp; weich &#8211; Landtag des Saarlandes, Saarbr\u00fccken (E) (K)<br>Maschenprobe &#8211; Akademie der Di\u00f6zese Rottenburg-Stuttgart, Stuttgart Hohenheim (E)<br>Rosa &amp; Hellblau, FrauenGenderBibliothek Saar, Saarbr\u00fccken (E)<\/p>\n\n\n\n<p><strong>2015<\/strong><br>Fuchs &amp; Hase &#8211; Kulturverein Burbach (E)<br>Second Life: Unsterblich als Kunstwerk, Kunstmuseum Albstadt (E)<br>Es war einmal&#8230; &#8211; Galerie im Kornhauskeller, Kunststiftung Pro Arte, Ulm (E)<br>Neuland &#8211; Reiseskizzen und Reiseerinnerungen, Kunstmuseum Albstadt<br>DIE TEXTILE &#8211; Festival f\u00fcr textile Kunst, Schmallenberg<br>H\u00e4kellabor &#8211; Tuchmacher Museum, Bramsche (E) (K)<\/p>\n\n\n\n<p><strong>2014&nbsp;<\/strong><br>WE CAN MAKE IT &#8211; Neuerwerbungen, Galerie Albstadt<br>H\u00e4kellabor &#8211; Museum Tuch + Technik, Neum\u00fcnster (E) (K)<br>H\u00e4kelkosmos &#8211; Deutsches Textilmuseum Krefeld<br>PASSWORT 3 &#8211;&nbsp; Zeichenausstellung, Handwerksforum, Kassel<br>Crocher en Plein Air &#8211; Botanischer Garten + Botanisches Museum Dahlem, Berlin (E)<br>Vier Elemente: Das Wasser, Kloster Weingarten<\/p>\n\n\n\n<p><strong>2013<\/strong><br>Trauerarbeit &#8211; Ludwigshafener Kunstverein, Ludwigshafen\/Rhein<br>Sch\u00f6pfungsgeschichte &#8211; 2. Versuch, Museum Beckum (E) (K)<\/p>\n\n\n\n<p><strong>2012<\/strong><br>Kunst privat &#8211; Hessische Unternehmen zeigen ihre Kunstsammlungen, Sammlung Etage 3, Offenbach<\/p>\n\n\n\n<p><strong>2011<\/strong><br>Wasser &#8211; Ein wanderndes und wachsendes Altartuch, Wanderausstellung durch 16 Kirchen im Saarland (E)<br>Sch\u00f6pfungsgeschichte &#8211; 2. Versuch, Heyne Kunstfabrik, Offenbach\/Main (E) (K)<\/p>\n\n\n\n<p><strong>2010<\/strong><br>S.O.S &#8211; Save our Souls &#8211; Rettungsringe im Kirchenschiff<br>Eine geh\u00e4kelte Installation in der Johanneskirche, Saarbr\u00fccken und in der Stadtkirche St. Wendel (E)<br>Knochenarbeit &#8211; eine Waschperformance, Wiese bei Tailfingen<\/p>\n\n\n\n<p><strong>2009<\/strong><br>Sch\u00f6pfungsgeschichte, Maschenmuseum Tailfingen, Albstadt (E)<br>20 Jahre Kulturbesitz Kreis St. Wendel, Bosener M\u00fchle, Bosen (K)<br>Die Kunst mu\u00df raus in die Welt, aw-magazin, Saarbr\u00fccken (E)<\/p>\n\n\n\n<p>2008<br>Im Alchimielabor, Kulturzentrum Bosener M\u00fchle, Bosen (K)<\/p>\n\n\n\n<p><strong>2007<\/strong><br>Sentiers Rouges, Kunst entlang eines Wanderweges, Schifflange Luxembourg (K)<br>Fifty Fifty, Kunsttempel, Kassel<br>Knochenarbeit- Waschperformance, Kulturfabrik, Esch sur Alzette Luxembourg<\/p>\n\n\n\n<p><strong>2006<\/strong><br>Krenkel &amp; Himmel: gewollt und gebucht, Saarl\u00e4ndisches K\u00fcnstlerhaus, Saarbr\u00fccken (E) (K)<br>Alles Fu\u00dfball-oder was?, Museum St. Wendel, St. Wendel (K)<br>Vorsicht Hei\u00df!, Museum Abtei Liesborn, Wadersloh<br>Zeit &#8211; H\u00e4kelperformance, Kulturfabrik, Esch sur Alzette Luxembourg<\/p>\n\n\n\n<p><strong>2005<\/strong><br>mit haut und haar, Kunsttempel, Kassel<br>Wollkn\u00e4uel und andere Planeten, G.B.Kunst, Trier (E)<\/p>\n\n\n\n<p><strong>2004<\/strong><br>Postalisch, Saarl\u00e4ndisches K\u00fcnstlerhaus, Saarbr\u00fccken; Kulturverband Favoriten, Wien; Galerie Wengihoh, Z\u00fcrich; Forum Vebikus, Schaffhausen; Cubus Kunsthalle Duisburg, (K)<br>Schl\u00fcpfrig &#8211; von Liebest\u00f6tern und anderen Lustbarkeiten, Maschenmuseum, Albstadt<\/p>\n\n\n\n<p><strong>2003<\/strong><br>Zeit &#8211; H\u00e4kelperformance, Tag des offenen Denkmals, G\u00f6rlitz (E)<br>kleinkariert und gro\u00dfgemustert, Kunsthaus Kaufbeuren, Kaufbeuren (K)Katharina Krenkel: Die Welt in Heimarbeit, Museum St. Wendel, St. Wendel (E) (K)<\/p>\n\n\n\n<p><strong>2002<\/strong><br>STOFF-Malerei Plastik Installationen, Galerie Albstadt, Albstadt (K)<br>Jacke wie Hose, Vestischer K\u00fcnstlerbund, Recklinghausen (K)<br>handvollkunst, Handwerkskammer Kassel, Kassel<\/p>\n\n\n\n<p><strong>2001<\/strong><br>Zeitgen\u00f6ssische Saarl\u00e4ndische Kunst, Landeszentralbank Rheinland-Pfalz, Mainz<\/p>\n\n\n\n<p><strong>2000<\/strong><br>Performative Installation Halsschmerz \u2013 Vertretung des Saarlandes auf der EXPO im Deutschen Pavillon, EXPO Hannover (E) Kunstszene Saar-Visionen 2000, Museum St. Ingbert, St. Ingbert (K)<br>Kunst-Bau, Landeszentralband des Saarlandes, Saarbr\u00fccken (K)<\/p>\n\n\n\n<p><strong>1999<\/strong><br>Geh\u00e4kelt mit Boucl\u00e9 Ultra, Kunst im Pavillon, Ottweiler (E) (K)<br>Brust-Lust-Frust, Frauenmuseum, Bonn (K)<br>Kunst im Kasten, Saarl\u00e4ndisches K\u00fcnstlerhaus, Saarbr\u00fccken (K)<\/p>\n\n\n\n<p><strong>1998<\/strong><br>Heim, Herd &amp; Hunde, Museum Illingen, Illingen (E) (K)<br>Illustrierte Geschichten, Treppengalerie, Merchweiler (E)<br>BBK Jahresausstellung, Saarl\u00e4ndisches K\u00fcnstlerhaus, Saarbr\u00fccken<\/p>\n\n\n\n<p><strong>1997<\/strong><br>Lessak-Andenken, Kunstbalkon, Kassel (E)<\/p>\n\n\n\n<p><strong>1996<\/strong><br>Sonntagsausflug&nbsp; &#8211; Performance, Aktionsraum LKW-Werkstatt , Ludwigshafen<br>Auto, Aktionsraum LKW-Werkstatt, Ludwigshafen<br>BBK-Jahresausstellung, Saarl\u00e4ndisches K\u00fcnstlerhaus, Saarbr\u00fccken<\/p>\n\n\n\n<p><strong>1994<\/strong><br>Krenkel &amp; Himmel: Nackt in Mannheim, Heart Gallery, Mannheim (E)<br>Muttermal, Heart Gallery, Mannheim (K)<\/p>\n\n\n\n<p><strong>1993<\/strong><br>Gestaltung der Herbstschrift 93 des Steirischen Herbstes, Graz<\/p>\n\n\n\n<p><strong>1992<\/strong><br>Krenkelbunt, Treppengelerie, Merchweiler (E)<br>G\u00f6ttinnen, Aktionsraum LKW-Werkstatt, Ludwigshafen<\/p>\n\n\n\n<p><strong>1991<\/strong><br>Skulpturen, Objekte, Installationen, Museum St. Wendel, St. Wendel (K)<br>Kunst-Szene-Saar, Saarlandmuseum, Saarbr\u00fccken (K)<\/p>\n\n\n\n<p><strong>1990<\/strong><br>Jugend Gestaltet,Sonderschau der Internationale Handwerkermesse, M\u00fcnchen, (K)<\/p>\n\n\n\n<p><strong>1989<\/strong><br>Kunst-Szene-Saar, B\u00fcrgerhaus Neunkirchen, Neunkirchen (K)<\/p>\n\n\n\n<p><strong>(E)<\/strong> = Einzelausstellung <strong>(K)<\/strong> = Katalog<\/p>\n","protected":false},"excerpt":{"rendered":"<p>Katharina Krenkel arbeitet sowohl plastisch als auch grafisch. Aus Wolle und anderen h\u00e4kelbaren Materialien wie Absperrband, M\u00fclls\u00e4cken, Draht, Videob\u00e4ndern und Gummiprofilen entstehen ihre \u201eweichen Skulpturen\u201c. Diese widersprechen dabei dem herk\u00f6mmlichen Verst\u00e4ndnis der Bildhauerei, die \u201eharte\u201c Materialien bevorzugt. \u201eIch betrachte die Welt und ihre Strukturen und versuche sie in ein H\u00e4kelmuster zu \u00fcberf\u00fchren. Dabei verschieben sich [&hellip;]<\/p>\n","protected":false},"author":1,"featured_media":0,"parent":0,"menu_order":0,"comment_status":"closed","ping_status":"closed","template":"templates\/fullwidth.php","meta":{"ngg_post_thumbnail":0,"footnotes":""},"_links":{"self":[{"href":"https:\/\/heynekunstfabrik.de\/home\/wp-json\/wp\/v2\/pages\/3532"}],"collection":[{"href":"https:\/\/heynekunstfabrik.de\/home\/wp-json\/wp\/v2\/pages"}],"about":[{"href":"https:\/\/heynekunstfabrik.de\/home\/wp-json\/wp\/v2\/types\/page"}],"author":[{"embeddable":true,"href":"https:\/\/heynekunstfabrik.de\/home\/wp-json\/wp\/v2\/users\/1"}],"replies":[{"embeddable":true,"href":"https:\/\/heynekunstfabrik.de\/home\/wp-json\/wp\/v2\/comments?post=3532"}],"version-history":[{"count":14,"href":"https:\/\/heynekunstfabrik.de\/home\/wp-json\/wp\/v2\/pages\/3532\/revisions"}],"predecessor-version":[{"id":3599,"href":"https:\/\/heynekunstfabrik.de\/home\/wp-json\/wp\/v2\/pages\/3532\/revisions\/3599"}],"wp:attachment":[{"href":"https:\/\/heynekunstfabrik.de\/home\/wp-json\/wp\/v2\/media?parent=3532"}],"curies":[{"name":"wp","href":"https:\/\/api.w.org\/{rel}","templated":true}]}}