{"id":3553,"date":"2024-06-27T09:55:04","date_gmt":"2024-06-27T09:55:04","guid":{"rendered":"https:\/\/heynekunstfabrik.de\/home\/?page_id=3553"},"modified":"2024-06-27T15:56:21","modified_gmt":"2024-06-27T15:56:21","slug":"mike-mackeldey-kuenstler-vita","status":"publish","type":"page","link":"https:\/\/heynekunstfabrik.de\/home\/mike-mackeldey-kuenstler-vita\/","title":{"rendered":"Mike MacKeldey \u2013 K\u00fcnstler Vita"},"content":{"rendered":"\n<div class=\"wp-block-columns is-layout-flex wp-container-core-columns-is-layout-1 wp-block-columns-is-layout-flex\">\n<div class=\"wp-block-column is-layout-flow wp-block-column-is-layout-flow\" style=\"flex-basis:50%\">\n<div class=\"wp-block-group is-nowrap is-layout-flex wp-container-core-group-is-layout-1 wp-block-group-is-layout-flex\">\n<figure class=\"wp-block-image size-full is-resized\"><a href=\"https:\/\/heynekunstfabrik.de\/home\/wp-content\/uploads\/2024\/06\/Mike.jpg\"><img loading=\"lazy\" decoding=\"async\" width=\"287\" height=\"216\" src=\"https:\/\/heynekunstfabrik.de\/home\/wp-content\/uploads\/2024\/06\/Mike.jpg\" alt=\"\" class=\"wp-image-3557\" style=\"width:498px;height:auto\" srcset=\"https:\/\/heynekunstfabrik.de\/home\/wp-content\/uploads\/2024\/06\/Mike.jpg 287w, https:\/\/heynekunstfabrik.de\/home\/wp-content\/uploads\/2024\/06\/Mike-150x113.jpg 150w\" sizes=\"(max-width: 287px) 100vw, 287px\" \/><\/a><\/figure>\n<\/div>\n<\/div>\n\n\n\n<div class=\"wp-block-column is-layout-flow wp-block-column-is-layout-flow\" style=\"flex-basis:50%\">\n<p>Die Werke des im Umland von Berlin lebenden K\u00fcnstlers Mike MacKeldey wurden bisher in zahlreichen Einzelausstellungen \u2013 vornehmlich in Frankreich und Deutschland \u2013 gezeigt. Seine Werke erinnern uns an Portraits alter Meister, ohne deren Schleier der Verdunklung zu \u00fcbernehmen. Er nutzt eine Bildsprache, mit der er es schafft, eine moderne, anti-idealistische \u00c4sthetik zu entwickeln, welche zur Erweiterung dieses Genrebegriffs f\u00fchrt und ihn in ein zeitgen\u00f6ssisches Gewand transformiert.<\/p>\n\n\n\n<p>Die Werke von Mike MacKeldey befreien sich von ikonographischen Bez\u00fcgen; sie wollen nicht intellektuell erschlossen werden oder setzen ein umfangreiches, kunsthistorisches Wissen voraus. Sie sind offen, frei und vollkommen losgel\u00f6st. Sie laden uns f\u00f6rmlich ein, sich mit ihnen zu befassen, sie zu erfahren und auf Erkundungstour durch die Wunderkammer, die sie \u00f6ffnen, zu gehen. Die Debatte \u00fcber die Biografisierung von Werken ist im kunstwissenschaftlichen Diskurs allgegenw\u00e4rtig. Erschlie\u00dfen sich manche Kunstwerke vollkommen ohne biografischen Hintergrund; \u00f6ffnen sich andere erst, nachdem man sich mit dem K\u00fcnstler\/der K\u00fcnstlerin und seinem\/ihrem Leben besch\u00e4ftigt. Quelle: www.g-allery.com<\/p>\n\n\n\n<p><a href=\"https:\/\/www.instagram.com\/mike_mackeldey\/\" data-type=\"link\" data-id=\"https:\/\/www.instagram.com\/mike_mackeldey\/\">Instagram Mike MacKeldey<\/a><\/p>\n<\/div>\n<\/div>\n\n\n\n<p><strong>1973<\/strong><br>born in Frankfurt am Main<br><strong>2010<\/strong><br>Artist group Mike MacKeldey and Ellen DeElaine<\/p>\n\n\n\n<p><strong>Awards<\/strong><br><strong>2015<\/strong><br>Art award of the collection Merkel + Foundation<br><strong>2014&nbsp; &nbsp; <\/strong><br>Promotion award of the collection Merkel + Foundation<br><strong>2002&nbsp; &nbsp; <\/strong><br>Art award 1822, Frankfurt am Main<br><strong>1998&nbsp; &nbsp; <\/strong><br>&#8222;Award of Creativity&#8220;, Darmstadt<\/p>\n\n\n\n<p><strong>Biennale<\/strong><br><strong>2016<\/strong><br>Ansbach Contemporary<br>Solo Exhibitions (selelction)<br><strong>2022<\/strong><br>Galerie Klose, Essen<br>G-ALLERY, Berlin<br><strong>2021<\/strong><br>Galerie Da End, Paris, France<br>Galerie Plamer, Stuttgart (artist group Mike MacKeldey &amp; Ellen DeElaine)<br><strong>2020<\/strong><br>Galerie Palmer, Stuttgart<br>GALERIE SUPPER, Baden-Baden (with Andreas Wachter)<br><strong>2018<\/strong><br>GALERIE SUPPER, Baden-Baden<br>Galerie Klose, Essen<br><strong>2017<\/strong><br>Villa de Bank, Enschede, Netherlands (artist group Mike MacKeldey &amp; Ellen DeElaine)<br>Galerie Da End, Paris, France<br><strong>2016<\/strong><br>Kunstverein Pforzheim (artist group Mike MacKeldey &amp; Ellen DeElaine)<br><strong>2015<\/strong><br>Galerie Da End, Paris, France<br>GALERIE SUPPER, Baden-Baden<br>Galerie Klose, Essen<br><strong>2013<\/strong><br>Evelyn Drewes Galerie, Hamburg<br>art KARLSRUHE, ONE-ARTIST-SHOW, GALERIE SUPPER<br><strong>2012<\/strong><br>Art Brussels, Belgien, ONE-ARTIST-SHOW, Stephane Simoens Contemporary Fine Art<br>art KARLSRUHE, ONE-ARTIST-SHOW, GALERIE SUPPER<br>Galerie Klose, Essen (artist group Mike MacKeldey &amp; Ellen DeElaine)<br>Galerie PopArtPirat, Hamburg (artist group Mike MacKeldey &amp; Ellen DeElaine) (C)<br>Galerie PopArtPirat, Berlin (artist group Mike MacKeldey &amp; Ellen DeElaine)<br><strong>2011<\/strong><br>Stephane Simoens Contemporary Fine Art, Knokke-Zoute, Belgium<br>GALERIE SUPPER, Karlsruhe (C)<br>Galerie apollo9, Hamburg<br><strong>2010<\/strong><br>Galerie Klose, Essen<br>Galerie Son, Berlin<br>Heyne Kunstfabrik, Offenbach<br><strong>2008<\/strong><br>Galerie Studio 01, Wiesbaden<br><strong>2006<\/strong><br>Galerie Wildwechsel, Frankfurt am Main<br><strong>2005<\/strong><br>Max Wigram Gallery, London, England (C)<br><strong>2003<\/strong><br>Projektraum 5. Element, Frankfurt am Main<br><strong>1999<\/strong><br>Galerie Ars Vivendi, Kronberg<br>Group Exhibition (selelction)<br><strong>2024<\/strong><br>GALERIE SUPPER, Baden-Baden I Hilbertraum, Berlin I art Karlsruhe, GALERIE SUPPER I STROKE, Munich, GALERIE SUPPER<br><strong>2023<\/strong><br>Galerie Da End, Paris, France I Palmer, Galeriehaus 3.0, Stuttagart I art Karlsruhe, GALERIE SUPPER<br><strong>2022<\/strong><br>Galerie Da End, Paris, France I GALERIE SUPPER, Baden-Baden I art Karlsruhe, GALERIE SUPPER<br><strong>2021<\/strong><br>Stadtgalerie Bad Soden I POSITIONS Art Fair, Berlin, GALERIE SUPPER I STROKE, Munich, GALERIE SUPPER<br><strong>2020<\/strong><br>Galerie Reinart, Schaffhausen, Switzerland I Galerie Da End, Paris, France I art gallery, Paju city, Soth Korea I GALERIE SUPPER, Baden- Baden<br>art Karlsruhe, GALERIE SUPPER I POSITIONS Art Fair, Berlin, GALERIE SUPPER<br><strong>2019<\/strong><br>Can Mario Museum, Palafrugell (Girona), Spain (C) I Galerie Da End, Paris, France I Stadtgalerie<br>Bad Soden I GALERIE SUPPER, Baden-Baden<br>Galerie Anette M\u00fcller, D\u00fcsseldorf I Galerie Klose, Essen I art Karlsruhe, GALERIE SUPPER I Stroke<br>Munich, GALERIE SUPPER<br>Discovery Art Fair Fankfurt am Mein, Galerie Klose<br><strong>2018<\/strong><br>Torrance Art Museum, Torrance, USA I clair-obscur, Berlin I Galerie Da End, Paris, France I<br>GALERIE SUPPER, Baden-Baden<br>art Karlsruhe, GALERIE SUPPER<br><strong>2017<\/strong><br>Mus\u00e9e des Beaux-Arts, Saint-L\u00f4, France I Galerie Da End, Paris, France I KunstRaum Bernusstra\u00dfe, Frankfurt am Main<br>Hilbertraum, Berlin I GALERIE SUPPER, Baden-Baden I art KARLSRUHE, GALERIE SUPPER I Art Bodensee, Dornbirn, Austria, GALERIE SUPPER<br>Positions Selected, Berlin, GALERIE SUPPER I Stroke Munich, GALERIE SUPPER<br><strong>2016<\/strong><br>Galerie Da End, Paris, France I BUSCHE Berlin I Kunstraum Riedberg, Frankfurt am Main I Art Paris, France, Galerie Da End<br>Art Busan, Sout Korea, Galerie Klose I GALERIE SUPPER, Baden-Baden I ART HELSINKI, Finnland, GALERIE SUPPER<br>Start Art Fair London, England, Galerie Da-End I art KARLSRUHE, GALERIE SUPPER<br><strong>2015<\/strong><br>Mus\u00e9e Cognac-Jay, Paris, France I Hilbertraum, Berlin I Kunstraum Neureuth e.V., Karlsruhe I Ausstellungshalle Schulstra\u00dfe, Frankfurt am Main<br>Galerie Polaris, Paris, France I Galerie Da End, Paris, France I GALERIE SUPPER, Baden-Baden I Galerie Klose, Essen<br>Art Paris, France, Galerie Da End I YIA Art Paris, France, Galerie Da End I art KARLSRUHE, GALERIE SUPPER<br>Art Bodensee, Dornbirn, Austria, GALERIE SUPPER2014&nbsp; &nbsp; Galerie Da End, Paris, France I Galerie Evelyn&nbsp; Drewes, Hamburg (with Markus L\u00fcpertz and Arnulf Rainer)<br>Galerie Anette M\u00fcller, D\u00fcsseldorf I Galerie Evelyn Drewes, Berlin I Kaiser + Cream, Wiesbaden I YIA ART FAIR, Paris, France, Galerie Da End<br>Art Paris, France, Galerie Da End I Art Brussels, Belgium, Stephane Simoens Contemporary Fine Art I art KARLSRUHE, GALERIE SUPPER<br><strong>2013<\/strong><br>Stephane Simoens Contemporary Fine Art, Knokke, Belgium I GALERIE SUPPER, Baden-Baden (with Markus L\u00fcpertz and Arnulf Rainer)<br>Galerie Klose, Essen (with Markus L\u00fcpertz and Arnulf Rainer) I Heyne Kunstfabrik, Offenbach I KIAF, Seoul, South Korea, Galerie Klose<br>&nbsp;Art Brussels, Belgium, Stephane Simoens Contemporary Fine Art I ART.FAIR, Cologne, GALERIE SUPPER I Berliner Liste, Galerie Klose<br><strong>2012<\/strong><br>Museum Dhondt-Dhaenens, Deurle, Belgium I Blackall Studios, London, England (K\u00fcnstlergruppe Mike MacKeldey &amp; Ellen DeElaine)<br>salondergegenwart, Elbhof, Hamburg I (artist group Mike MacKeldey &amp; Ellen DeElaine) (C) I GALERIE SUPPER, Karlsruhe I Galerie Klose, Essen<br>KIAF, Seoul, South Korea, Galerie Klose<br><strong>2011<\/strong><br>Kunstsammlung Nordrhein Westfalen, K20, D\u00fcsseldorf I gallery space\u2193, Jeonbuk, South Korea I O&#8217;s Gallery, Jeonbuk, South Korea (C)<br>Villa de Bank, Enschede, Netherlands I Price Waterhouse Coopers, D\u00fcsseldorf I Kunstraum Bernusstra\u00dfe, Frankfurt am Main<br>Balken, Frankfurt am Main I Galerie Gegenwart, Karlsruhe I Galerie Klose, Essen I 12. Kunstansichten, Offenbach (C)<br>Art Brussels, Belgium, Stephane Simoens Contemporary Fine Art I KIAF, Seoul , South Korea, Galerie Klose<br>SOAF Seoul Open Art Fair, Seoul, South Korea, Galerie Son I ART HELSINKI, Finnland, GALERIE Supper I Munich Contempo, GALERIE SUPPER<br>art KARLSRUHE, GALERIE SUPPER<br><strong>2010<\/strong><br>Galerie Klose, Essen I Kunstsammlung Thomas Kypta, Etage 3, Offenbach<br><strong>2009<\/strong><br>11. Kunstansichten, Offenbach (C)<br><strong>2008<\/strong><br>10. Kunstansichten, Offenbach (C)<br><strong>2007<\/strong><br>Frankfurter Kunstblock I Kulturstation Kaufmann, Meerholz<br><strong>2006<\/strong><br>9. Kunstansichten, Offenbach &nbsp;<br><strong>2005<\/strong><br>8. Kunstansichten, Offenbach<br>Performances<br><strong>2005<\/strong><br>8. Kunstansichten, Offenbach<br><strong>1997<\/strong><br>MMK Frankfurt<\/p>\n","protected":false},"excerpt":{"rendered":"<p>Die Werke des im Umland von Berlin lebenden K\u00fcnstlers Mike MacKeldey wurden bisher in zahlreichen Einzelausstellungen \u2013 vornehmlich in Frankreich und Deutschland \u2013 gezeigt. Seine Werke erinnern uns an Portraits alter Meister, ohne deren Schleier der Verdunklung zu \u00fcbernehmen. Er nutzt eine Bildsprache, mit der er es schafft, eine moderne, anti-idealistische \u00c4sthetik zu entwickeln, welche [&hellip;]<\/p>\n","protected":false},"author":1,"featured_media":0,"parent":0,"menu_order":0,"comment_status":"closed","ping_status":"closed","template":"templates\/fullwidth.php","meta":{"ngg_post_thumbnail":0,"footnotes":""},"_links":{"self":[{"href":"https:\/\/heynekunstfabrik.de\/home\/wp-json\/wp\/v2\/pages\/3553"}],"collection":[{"href":"https:\/\/heynekunstfabrik.de\/home\/wp-json\/wp\/v2\/pages"}],"about":[{"href":"https:\/\/heynekunstfabrik.de\/home\/wp-json\/wp\/v2\/types\/page"}],"author":[{"embeddable":true,"href":"https:\/\/heynekunstfabrik.de\/home\/wp-json\/wp\/v2\/users\/1"}],"replies":[{"embeddable":true,"href":"https:\/\/heynekunstfabrik.de\/home\/wp-json\/wp\/v2\/comments?post=3553"}],"version-history":[{"count":14,"href":"https:\/\/heynekunstfabrik.de\/home\/wp-json\/wp\/v2\/pages\/3553\/revisions"}],"predecessor-version":[{"id":3600,"href":"https:\/\/heynekunstfabrik.de\/home\/wp-json\/wp\/v2\/pages\/3553\/revisions\/3600"}],"wp:attachment":[{"href":"https:\/\/heynekunstfabrik.de\/home\/wp-json\/wp\/v2\/media?parent=3553"}],"curies":[{"name":"wp","href":"https:\/\/api.w.org\/{rel}","templated":true}]}}