{"id":3570,"date":"2024-06-27T15:35:07","date_gmt":"2024-06-27T15:35:07","guid":{"rendered":"https:\/\/heynekunstfabrik.de\/home\/?page_id=3570"},"modified":"2024-07-01T15:55:36","modified_gmt":"2024-07-01T15:55:36","slug":"dorothee-baecker","status":"publish","type":"page","link":"https:\/\/heynekunstfabrik.de\/home\/dorothee-baecker\/","title":{"rendered":"Johannes-Nandu Kriesche \u2013 K\u00fcnstler Vita"},"content":{"rendered":"\n<div class=\"wp-block-columns is-layout-flex wp-container-core-columns-is-layout-1 wp-block-columns-is-layout-flex\">\n<div class=\"wp-block-column is-layout-flow wp-block-column-is-layout-flow\" style=\"flex-basis:50%\">\n<div class=\"wp-block-group is-nowrap is-layout-flex wp-container-core-group-is-layout-1 wp-block-group-is-layout-flex\">\n<figure class=\"wp-block-image size-full is-resized\"><a href=\"https:\/\/heynekunstfabrik.de\/home\/wp-content\/uploads\/2024\/07\/image.jpg\"><img loading=\"lazy\" decoding=\"async\" width=\"724\" height=\"799\" src=\"https:\/\/heynekunstfabrik.de\/home\/wp-content\/uploads\/2024\/07\/image.jpg\" alt=\"\" class=\"wp-image-3620\" style=\"width:498px;height:auto\" srcset=\"https:\/\/heynekunstfabrik.de\/home\/wp-content\/uploads\/2024\/07\/image.jpg 724w, https:\/\/heynekunstfabrik.de\/home\/wp-content\/uploads\/2024\/07\/image-272x300.jpg 272w, https:\/\/heynekunstfabrik.de\/home\/wp-content\/uploads\/2024\/07\/image-136x150.jpg 136w, https:\/\/heynekunstfabrik.de\/home\/wp-content\/uploads\/2024\/07\/image-400x441.jpg 400w\" sizes=\"(max-width: 724px) 100vw, 724px\" \/><\/a><\/figure>\n<\/div>\n<\/div>\n\n\n\n<div class=\"wp-block-column is-layout-flow wp-block-column-is-layout-flow\" style=\"flex-basis:50%\">\n<p><strong>Johannes-Nandu Kriesche,<\/strong>&nbsp;geb. 1959 in Herzebrock (NRW) studierte&nbsp;Malerei an der Fachhochschule&nbsp;Design in Bielefeld bei Prof. Inge H\u00f6her.&nbsp;Im Anschlu\u00df folgte ein&nbsp;Studienjahr in Rom.&nbsp;<\/p>\n\n\n\n<p>Seit 1995 lebt und arbeitet Johannes-Nandu Kriesche in Offenbach und Frankfurt<\/p>\n\n\n\n<p>2004&nbsp;Auszeichnung mit dem&nbsp;Kunstf\u00f6rderpreis&nbsp;Offenbacher-L\u00f6wen,&nbsp;<\/p>\n\n\n\n<p>2017 2.Platz des&nbsp;Kunstpreises&nbsp;Worpswede&nbsp;<\/p>\n\n\n\n<p>2020&nbsp;Hessisches&nbsp;Projektstipendium<\/p>\n\n\n\n<p>Teilnahme&nbsp;\u00fcber Galeristen&nbsp;an verschiedenen Kunstmessen, wie&nbsp;der ART-Karlsruhe und&nbsp;auch&nbsp;der Art Discovery Frankfurt.&nbsp;Regelm\u00e4\u00dfige&nbsp;Teilnahme an \u00f6ffentlichen Lichtkunstveranstaltungen, wie der LUMINALE in Frankfurt&nbsp;oder den F\u00dcRTHER GLANZLICHTERn.&nbsp;Einzel- und<br>Gruppenausstellungen im In-und&nbsp;europ\u00e4ischenAusland.<\/p>\n\n\n\n<p>Ein Aspekt&nbsp;seines&nbsp;k\u00fcnstlerischen&nbsp;Schaffens ist&nbsp;das&nbsp;Arbeiten&nbsp;mit transparenten&nbsp;Materialien&nbsp;wie Parrafin, Acryl und Glaskugeln und deren Kombination.&nbsp;<\/p>\n\n\n\n<p><a href=\"https:\/\/heynekunstfabrik.de\/home\/dorothee-baecker\/\" data-type=\"page\" data-id=\"3570\">Website Johannes-Nandu Kriesche<\/a><\/p>\n<\/div>\n<\/div>\n\n\n\n<p><br><strong>Einzelausstellungen (Auswahl) K=Katalog<\/strong><\/p>\n\n\n\n<p><strong>2024<\/strong><br>\u2013 &#8222;sii misterioso&#8220;, Galerie Rubrecht Contemporary, Wiesbaden<br><strong>2023<\/strong><br>\u2013 \u201eOPEN STUDIO&#8220;, ATELIERFRANKFURT<br><strong>2022<\/strong><br>\u2013 &#8222;Einsprung&#8220;, Switchboard, Frankfurt&nbsp; (K)<br>\u2013 Heyne Kunst Fabrik, Bad Orb<br>\u2013 &#8222;Zeitzeichen&#8220;, Galerie im Gallus Theater, Frankfurt am Main<br>&#8222;Tr\u00e4nenfall&#8220;, Kulturlabor, Frankfurt<br><strong>2021<\/strong><br>\u2013 &#8222;Kunst-Mitte&#8220;, Kunstmesse in Magdeburg (K)<br>\u2013 Lichtinstallation &#8222;Lichtfall&#8220;, Frankfurt-Niederrad<br><strong>2020<\/strong><br>\u2013 &#8222;every breath you take&#8220;, LUMINALE 2020, Frankfurt am Main<br><strong>2019<\/strong><br>\u2013 &#8222;Was anders ist&#8230;&#8220;, Galerie bok, Offenbach<br>\u2013 &#8222;Einsprung&#8220;, Galerie Rubrecht Contemporary, Wiesbaden<br><strong>2018<\/strong><br>\u2013 &#8222;Wenn die Vernunft die Augen schliesst&#8220;, Kunstverein Heinsberg<br>\u2013 Lichtinstallation &#8222;Ach wie gut das niemand Wei\u00df&#8220;, Luminale Frankfurt<br><strong>2017<\/strong><br>\u2013 Auferstehungskirche, Bad Oeynhausen<br>\u2013 Lichtinstallationen, &#8222;Musenzopf&#8220;,Museum Boppard<br><strong>2016<\/strong><br>\u2013 Galerie Rubrecht Contemporary, Wiesbaden<br><strong>2015<\/strong><br>\u2013 \u201eSchweingehabt\u201c, Galerie Alter Schlachthof, Karlsruhe<br><strong>2014<\/strong><br>\u2013 LUMINALE 2014, Offenbach am Main<br><strong>2013<\/strong><br>\u2013 Galerie Katrin Hiestand, Landau<br>\u2013 \u201eStrassenbilder\u201c, Kunstforum Schloss Wolkersdorf, Wien<br><strong>2012<\/strong><br>\u2013 Galerie Beck, Homberg (K)<br>\u2013 \u201eParaffinbilder\u201c, Galerie MK 21, Hamburg<br>\u2013 \u201eCutting Dreams\u201c, LUMINALE 2012, Frankfurt am Main<br>\u2013 \u201eKunst Privat\u201c, Sammlung Etage 3, Offenbach<br><strong>2011<\/strong><br>\u2013 J.-W. Goethe Universit\u00e4t, Frankfurt, Campus Riedberg<br><strong>2010<\/strong><br>\u2013 Kunstforum Schloss Laubach, Laubach<br>\u2013 Heyne Kunstfabrik, Offenbach<br>\u2013 \u201eLeda OF positions\u201c, LUMINALE 2010, Offenbach<br><strong>2009<\/strong><br>\u2013 Regionalgalerie S\u00fcdhessen, Darmstadt (K)<br><strong>2008<\/strong><br>\u2013 Galerie KunstRaumMato, Offenbach\/Main<br>\u2013 Galerie 84 GHz, M\u00fcnchen<br><strong>2007<\/strong><br>\u2013 Galerie ART BOX, Frankfurt am Main<br>\u2013 Galerie im Gallus Theater, Frankfurt am Main<br><strong>2006<\/strong><br>\u2013 Museum der Abguss-Sammlung Antiker Plastik, Berlin<br>\u2013 Galerie Artycon, Offenbach a. M.<br>\u2013 Galerie MK 21, Hamburg<br><strong>2005<\/strong><br>\u2013 Galerie im Evo-TURM, Offenbach a. M. (K)&nbsp; &nbsp;<br><strong>2004<\/strong><br>\u2013 Galerie KUNST RAUM MATO, Offenbach a.M.<br>\u2013 Galerie Kunstraum69, Hanau<br><strong>2003<\/strong><br>\u2013 Galerie Edition 1, Frankfurt a.M.<br><strong>2000<\/strong><br>\u2013 Galerie der Software AG, Darmstadt<br>\u2013 Galerie Kunstwerk, Frankfurt a.M. (K)<br><strong>1999<\/strong><br>\u2013 Galerie Kunstwerk, Frankfurt a.M.<br><strong>1998<\/strong><br>\u2013 Art Mac Can, Frankfurt a.M.&nbsp;<br>\u2013 Hochschule f\u00fcr Musik u.Darstellende Kunst, Frankfurt a.M.<br><strong>1997<\/strong><br>\u2013 Galerie Otterst\u00e4tt, Bielefeld<br><strong>1996<\/strong><br>\u2013 Kirchliche Hochschule Bethel, Bielefeld (K)<br><strong>1995<\/strong><br>\u2013 Galerie Grabenheinrich, G\u00fctersloh<br>\u2013 Galerie Medienhaus, Bremen<br>\u2013 Studio Giolitti, Rom<br><strong>1994<\/strong><br>\u2013 Galerie Infracom, Paris<br><strong>1987<\/strong><br>\u2013 Galerie Friedemann, G\u00fctersloh<\/p>\n\n\n\n<p><strong>Gruppenausstellungen (Auswahl) K=Katalog<\/strong><\/p>\n\n\n\n<p><strong>2023<\/strong><br>\u2013 \u201eDie Energie des Lichts&#8220;,&nbsp; Kunstverein Walkm\u00fchle, Wiesbaden<br>\u2013 &#8222;Schattensprung&#8220;, Galerie bok, Offenbach am Main<br>\u2013 &#8222;Kunstansichten&#8220;, Hasenbachhof, Offenbach am Main<br>\u2013 &#8222;LIEBE&#8220;, Kunstverein Montez, Frankfurt\/Main<br>\u2013 \u201eOPEN STUDIOS&#8220;, ATELIERFRANKFURT<br>\u2013 \u201eTotes Sch\u00e4tzchen&#8220;, ATELIERFRANKFURT<br><strong>2022<\/strong><br>\u2013 &#8222;Here we are&#8220;, Kunstverein Montez, Frankfurt am Main<br>\u2013 &#8222;SCHWARM21&#8243;, POP UP Galerie,&nbsp; w\u00e4hrend der Dokumenta 15&#8220;, Kassel<br>\u2013 &#8220; Freiheit Atmen&#8220;,F\u00fcrther Glanzlichter&#8220;, Lichtinstallation , F\u00fcrth&#8220;<br><strong>2021<\/strong><br>\u2013 Freiheit Atmen&#8220;, Europ\u00e4ische Kulturtage, Ausgeschlachtet e.V., Karlsruhe<br>\u2013 &#8222;Rumpenheimer-Kunsttage&#8220;, Offenbach<br>\u2013 &#8222;SUPERLADEN&#8220;, Offenbach<br>\u2013 &#8222;Mensch-Natur-Kultur&#8220;, Kunstprojekt im Wald, Wiesbaden<br>\u2013 &#8222;Inner Circle und KA&amp;Ma&#8220;, Galerie PontArte, Maastrich , NL<br><strong>2020<\/strong><br>&#8222;Gemischte Gef\u00fchle&#8220;, IFB Stiftung im Kunstverein Montez, Frankfurt\/Main<br>\u2013 &#8222;Ein ganz normaler Herbst&#8230;&#8220;, Kunstverein Montez, Frankfurt\/Main<br>\u2013 &#8222;Gl\u00fcck&#8220;, Kunsthaus Wiesbaden<br>\u2013 &#8222;Frankfurter Positionen&#8220;, KunstRaum Riedberg,<br>\u2013 Goethe-Universit\u00e4t, Frankfurt am Main<br><strong>2019<\/strong><br>\u2013 &#8222;Area2&#8220;, Galerie Beck, Durbach, bei Offenburg<br>\u2013 &#8222;Du sollst dir (k)einBild machen&#8220;, ATELIERFRANKFURT<br>\u2013 &#8222;Gemischte Gef\u00fchle&#8220;, IFB Stiftung, SAM-Wiesbaden<br><strong>2018<\/strong><br>\u2013 \u201eZauberhaft&#8220;, Galerie mBeck, Homburg\/Saar (K)<br>\u2013 \u201eBlack-Box\u201c,&nbsp; Kunsthalle der Sparkassenstiftung L\u00fcneburg, KulturB\u00e4ckerei<br>\u2013 Lichtinstallation &#8222;Zauberspiegel 2.0&#8220;, Glanzlichter F\u00fcrth<br><strong>2017<\/strong><br>\u2013 \u201eApokalypse des Realen\u201c, Galerie im ATELIERFRANKFURT, Frankfurt\/Main<br>\u2013 \u201eLost in Transition\u201c, Atelierhaus Darmstadt \/ Kunst an der TU in Darmstadt<br>\u2013 \u201eOnce in an Art-Time&#8220;, Projektraum ATELIERFRANKFURT<br><strong>2016<\/strong><br>\u2013 \u201eZeitschleifen\u201c, Haus der Stadtgeschichte, Offenbach (K)<br>\u2013 \u201eFarbe WEISS\u201c, Atelierhaus Darmstadt<br>\u2013 \u201eART Karlsruhe, galerie m beck, Homburg\/Saar<br>\u2013 \u201eLUMINALE 2016\u201c, Kunstverein Montez, Frankfurt am Main<br><strong>2015<\/strong><br>\u2013 \u201eKunst in der Burg, Musenzopf\u201c, Dreieichenhain<br>\u2013 \u201eTRARI TRARA\u201c, CWG Galerie, Offenbach am Main<br>\u2013 \u201eMehr Licht\u201c, galerie m beck, Homburg\/Saar<br><strong>2014<\/strong><br>\u2013 \u201eLevitation\u201c, Galerie Artaffairs, Danzig (P)<br>\u2013 \u201eTausch\u201c, Kunstmesse in der Heyne Kunst Fabrik, Offenbach am Main<br>\u2013 \u201e5 Jahre KunstRaum Riedberg\u201c, Goethe-Universit\u00e4t, Frankfurt am Main<br>\u2013 \u201eArt to Buy\u201c, Kunsttage Dreieich<br>\u2013 \u201eCutting Dreams\u201c, Lichtinstallation, Landesgartenschau Gie\u00dfen<br><strong>2013<\/strong><br>\u2013 \u201eFrauenbilder\u201c, Kunstforum Seligenstadt<br>\u2013 \u201eOffene Galerie\u201c, Galerie 143, Dortmund<br>\u2013 \u201eruote d\u2018artista\u201c, Palazzo Ducale, Lucca (I)<br><strong>2012<\/strong><br>\u2013 \u201eTransparenz der Farbe\u201c, Galerie Kunst-Sch\u00e4fer, Wiesbaden<br>\u2013 6 K\u00fcnstler vom bok, Kunst-Spektrum Krefeld<br>\u2013 \u201eartbuyart\u201c, Kunsttage Dreieich<br><strong>2011<\/strong><br>\u2013 \u201eKorrospondenzen\u201c, Designhaus, Darmstadt<br>\u2013 \u201eArt in the Dark\u201c, Atelierhaus Darmstadt<br>\u2013 \u201ePageArt\u201c, Galerie KunstRaum Bernusstra\u00dfe, Frankfurt am Main<br>\u2013 7 auf einen Streich\u201c, Galerie Katrin Hiestand, Landau<br><strong>2010<\/strong><br>\u2013 \u201eAdalbert Road\u201c, Galerie Zeitzone, Berlin, mit der K\u00fcnstlergruppe K2 United-Painters<br>\u2013 \u201eDer Stoff aus dem die Kleider sind\u201c, bok, Offenbach am Main<br>\u2013 \u201eGIPFELTREFFEN K2\u201c, Schloss Wolkersdorf, Wien<br><strong>2009<\/strong><br>\u2013 \u201eLICHT 2\u201c, Galerie Kloster Bronnbach, Wertheim<br>\u2013 \u201eH\u00f6henkoller\u201c, Galerie Zeitzone, Berlin<br>\u2013 \u201eMalerei\u201c, Galerie Zentrifuge, N\u00fcrnberg<br>\u2013 \u201ecase mineme\u201c, Galeria quattordici,&nbsp; Lucca (I) (K)<br><strong>2008<\/strong><br>\u2013 \u201eMigrare\u201c, Galerie Artlantis, Bad Homburg<br>\u2013 \u201eLuminale 2008\u201c, Heyne Kunst Fabrik, Offenbach am Main<br>\u2013 \u201eTra Parentesi\u201c, Palazzo Ducale, Lucca (I) (K)<br><strong>2007<\/strong><br>\u2013 \u201eDas Tier in der Kunst\u201c, Galerie Bastian, Bielefeld<br>\u2013 \u201eKunst im Kar\u00e9e\u201c, M\u00fcnchen<br>\u2013 \u201eArt-Prozess\u201c, Trapani, Sizilien (I)<br>\u2013 \u201eOF-KUNST-2007\u201c, Offenbach am Main<br>\u2013 \u201eWasserzeichen\u201c, Shedhalle T\u00fcbingen<br><strong>2006<\/strong><br>\u2013 \u201eFreischwimmer\u201c, Historisches Museum Schlo\u00df Philippsruhe, Hanau<br>\u2013 \u201eLichtr\u00e4ume\u201c, Galerie Voigt, N\u00fcrnberg<br><strong>2005<\/strong><br>\u2013 Galerie ART BOX, Frankfurt am Main, Art Cologne<br>\u2013 \u201eK\u00fcnstler der Galerie\u201c, Galerie Wildwechsel, Frankfurt am Main<br><strong>2004<\/strong><br>\u2013 Galerie ART BOX, Frankfurt am Main, Art Frankfurt<br>\u2013 \u201eLiebesgeschichten\u201c, Galerie KunstRaumMato, Offenbach am Main<br>\u2013 \u201eoff course\u201c, Klingspor Museum, Offenbach am Main<br><strong>2003<\/strong><br>\u2013 Galerie BKI, Darmstadt<br>\u2013 \u201edurchundurch\u201c, Deutsches Ledermuseum, Offenbach am Main<br>\u2013 Kunstansichten, Offenbach am Main<br><strong>2002<\/strong><br>\u2013 Galerie 69, Hanau<br>\u2013 Galerie der Software AG, Darmstadt<br>\u2013 Kunstansichten, Offenbach am Main<br><strong>2001<\/strong><br>\u2013 \u201eEuropaviertel\u201c, Schirn Kunsthalle, Frankfurt am Main&nbsp;&nbsp; &nbsp;<br><strong>2000<\/strong><br>\u2013 Kunstansichten, Offenbach am Main<br><strong>1999<\/strong><br>\u2013 Hessische Landesvertretung, Bonn&nbsp;&nbsp; &nbsp;&nbsp;&nbsp; &nbsp;<br>\u2013 Kunststation Kleinsassen<br>\u2013 Schopenhauer-Gesellschaft, Frankfurt am Main<br>\u2013 Galerie A2A, Frankfurt am Main<br><strong>1998<\/strong><br>\u2013 Galerie Riedel, Frankenthal<br>\u2013 Museum Guangzhou, China (K)<br>\u2013 \u201eHessiale\u201c, Ministerium f\u00fcr Wissenschaft und Kunst, Wiesbaden (K)<br><strong>1997<\/strong><br>\u2013 Galerie Esplanade, Bad D\u00fcrkheim<br><strong>1996<\/strong><br>\u2013 Galeria Massenzio ARTE, Rom (I) (K)<br>\u2013 Galerie Rainer Wehr, Stuttgart<br><strong>1995<\/strong><br>\u2013 Galerie Artevisive, Rom (I) (K)<br>\u2013 Palazzo Corvaja, Taormina (I) (K)<br><strong>1994<\/strong><br>\u2013 Paderborner Kunstverein, Paderborn<br>\u2013 Galerie P\u00fcschel, Paderborn<br><strong>1992<\/strong><br>\u2013 Offene Ateliers, Nancy (F)<br><strong>1990<\/strong><br>\u2013 \u201eInteraktion 1\u201c, Institut Fran\u00e7ais, K\u00f6ln<br>\u2013 &nbsp;\u201eInteraktion 2\u201c, Rathaus Bastille, Paris (F) (K)<br>\u2013 \u201eInteraktion 3\u201c, Galerie David, Bielefeld<br><strong>1989<\/strong><br>\u2013 Galerie Baumgarte, Bielefeld<br><strong>1988<\/strong><br>\u2013 Gruppe T\u00dcR, Kunstverein Bielefeld (K)<br><strong>1987<\/strong><br>\u2013 Artibus, Kunstverein Bielefeld<br>\u2013 Kunstpreis S\u00fcdliche Weinstra\u00dfe, Landau<br><strong>1986<\/strong><br>\u2013 Galerie ELF, Bielefeld<\/p>\n","protected":false},"excerpt":{"rendered":"<p>Johannes-Nandu Kriesche,&nbsp;geb. 1959 in Herzebrock (NRW) studierte&nbsp;Malerei an der Fachhochschule&nbsp;Design in Bielefeld bei Prof. Inge H\u00f6her.&nbsp;Im Anschlu\u00df folgte ein&nbsp;Studienjahr in Rom.&nbsp; Seit 1995 lebt und arbeitet Johannes-Nandu Kriesche in Offenbach und Frankfurt 2004&nbsp;Auszeichnung mit dem&nbsp;Kunstf\u00f6rderpreis&nbsp;Offenbacher-L\u00f6wen,&nbsp; 2017 2.Platz des&nbsp;Kunstpreises&nbsp;Worpswede&nbsp; 2020&nbsp;Hessisches&nbsp;Projektstipendium Teilnahme&nbsp;\u00fcber Galeristen&nbsp;an verschiedenen Kunstmessen, wie&nbsp;der ART-Karlsruhe und&nbsp;auch&nbsp;der Art Discovery Frankfurt.&nbsp;Regelm\u00e4\u00dfige&nbsp;Teilnahme an \u00f6ffentlichen Lichtkunstveranstaltungen, wie der LUMINALE [&hellip;]<\/p>\n","protected":false},"author":1,"featured_media":0,"parent":0,"menu_order":0,"comment_status":"closed","ping_status":"closed","template":"templates\/fullwidth.php","meta":{"ngg_post_thumbnail":0,"footnotes":""},"_links":{"self":[{"href":"https:\/\/heynekunstfabrik.de\/home\/wp-json\/wp\/v2\/pages\/3570"}],"collection":[{"href":"https:\/\/heynekunstfabrik.de\/home\/wp-json\/wp\/v2\/pages"}],"about":[{"href":"https:\/\/heynekunstfabrik.de\/home\/wp-json\/wp\/v2\/types\/page"}],"author":[{"embeddable":true,"href":"https:\/\/heynekunstfabrik.de\/home\/wp-json\/wp\/v2\/users\/1"}],"replies":[{"embeddable":true,"href":"https:\/\/heynekunstfabrik.de\/home\/wp-json\/wp\/v2\/comments?post=3570"}],"version-history":[{"count":11,"href":"https:\/\/heynekunstfabrik.de\/home\/wp-json\/wp\/v2\/pages\/3570\/revisions"}],"predecessor-version":[{"id":3636,"href":"https:\/\/heynekunstfabrik.de\/home\/wp-json\/wp\/v2\/pages\/3570\/revisions\/3636"}],"wp:attachment":[{"href":"https:\/\/heynekunstfabrik.de\/home\/wp-json\/wp\/v2\/media?parent=3570"}],"curies":[{"name":"wp","href":"https:\/\/api.w.org\/{rel}","templated":true}]}}