{"id":3612,"date":"2024-07-01T13:02:24","date_gmt":"2024-07-01T13:02:24","guid":{"rendered":"https:\/\/heynekunstfabrik.de\/home\/?page_id=3612"},"modified":"2025-10-15T09:54:08","modified_gmt":"2025-10-15T09:54:08","slug":"walter-gerstung-kuenstler-vita","status":"publish","type":"page","link":"https:\/\/heynekunstfabrik.de\/home\/walter-gerstung-kuenstler-vita\/","title":{"rendered":"Walter Gerstung \u2013 \u00dcber den K\u00fcnstler"},"content":{"rendered":"\n<div class=\"wp-block-columns is-layout-flex wp-container-core-columns-is-layout-1 wp-block-columns-is-layout-flex\">\n<div class=\"wp-block-column is-layout-flow wp-block-column-is-layout-flow\" style=\"flex-basis:50%\">\n<div class=\"wp-block-group is-nowrap is-layout-flex wp-container-core-group-is-layout-1 wp-block-group-is-layout-flex\">\n<figure class=\"wp-block-image size-full is-resized\"><a href=\"https:\/\/heynekunstfabrik.de\/home\/wp-content\/uploads\/2024\/07\/159363766_105144714982194_482552622506136850_n.jpg\"><img loading=\"lazy\" decoding=\"async\" width=\"958\" height=\"959\" src=\"https:\/\/heynekunstfabrik.de\/home\/wp-content\/uploads\/2024\/07\/159363766_105144714982194_482552622506136850_n.jpg\" alt=\"\" class=\"wp-image-3616\" style=\"width:397px;height:auto\" srcset=\"https:\/\/heynekunstfabrik.de\/home\/wp-content\/uploads\/2024\/07\/159363766_105144714982194_482552622506136850_n.jpg 958w, https:\/\/heynekunstfabrik.de\/home\/wp-content\/uploads\/2024\/07\/159363766_105144714982194_482552622506136850_n-300x300.jpg 300w, https:\/\/heynekunstfabrik.de\/home\/wp-content\/uploads\/2024\/07\/159363766_105144714982194_482552622506136850_n-150x150.jpg 150w, https:\/\/heynekunstfabrik.de\/home\/wp-content\/uploads\/2024\/07\/159363766_105144714982194_482552622506136850_n-768x769.jpg 768w, https:\/\/heynekunstfabrik.de\/home\/wp-content\/uploads\/2024\/07\/159363766_105144714982194_482552622506136850_n-400x400.jpg 400w\" sizes=\"(max-width: 958px) 100vw, 958px\" \/><\/a><\/figure>\n<\/div>\n<\/div>\n\n\n\n<div class=\"wp-block-column is-layout-flow wp-block-column-is-layout-flow\" style=\"flex-basis:50%\">\n<p><strong>Zitat:<\/strong><br>\u201eDer Versuch als Maler ist die Hinf\u00e4lligkeit des Menschen und die von ihm \u2013 f\u00fcr sich \u2013 geschaffene Ordnung darzustellen. Doch bleibt alles nur Ann\u00e4herung. Das wahre Ausma\u00df der Katastrophe l\u00e4sst sich \u2013 f\u00fcr den Neugierigen \u2013 nur im wirklichen Leben ausmachen.\u201c<\/p>\n\n\n\n<p><br><\/p>\n<\/div>\n<\/div>\n\n\n\n<p><\/p>\n\n\n\n<p><strong>2025<\/strong><br>\u2013 Kunstsalon Kaiserstra\u00dfe \u2013 LOS(T) BUFONES<br><strong>2024<\/strong><br>\u2013 Sammlung Kypta \u2013 KunstPrivat<br>\u2013 <em>Kulturort Badstra\u00dfe \u2013 Kunst Winter: Faszinierende Welten und Wesen<\/em><br>\u2013 <em>This Shoes Are Not Made for Walking<\/em> \u2014 Gruppenausstellung<br><strong>2023<\/strong><br>\u2013 <em>Black Water<\/em> \u2014 Einzelausstellung<br><strong>2022<\/strong><br>\u2013 <em>SCHWARZ 22<\/em> \u2014 Ausstellung, w-i Galerie<br><strong>2020<\/strong><br>\u2013 <em>YACKUTOMASE<\/em> \u2013 Ausstellung<br><strong>2018<\/strong><br>\u2013 <em>Tiere<\/em> \u2014 Ausstellung, Galerie Max Sch\u00f6nm\u00fcller<br><strong>2013<\/strong><br>\u2013 <em>Die 7 Tugenden<\/em> \u2014 Ausstellung, Heyne Kunst Fabrik<br><strong>1983<\/strong><br>\u2013 Sonderpreis des Kulturring C<br><strong>1982<\/strong><br>\u2013 Kunstpreis der <em>Rheinischen Post<\/em>, D\u00fcsseldorf<br><br><\/p>\n","protected":false},"excerpt":{"rendered":"<p>Zitat:\u201eDer Versuch als Maler ist die Hinf\u00e4lligkeit des Menschen und die von ihm \u2013 f\u00fcr sich \u2013 geschaffene Ordnung darzustellen. Doch bleibt alles nur Ann\u00e4herung. Das wahre Ausma\u00df der Katastrophe l\u00e4sst sich \u2013 f\u00fcr den Neugierigen \u2013 nur im wirklichen Leben ausmachen.\u201c 2025\u2013 Kunstsalon Kaiserstra\u00dfe \u2013 LOS(T) BUFONES2024\u2013 Sammlung Kypta \u2013 KunstPrivat\u2013 Kulturort Badstra\u00dfe \u2013 [&hellip;]<\/p>\n","protected":false},"author":1,"featured_media":0,"parent":0,"menu_order":0,"comment_status":"closed","ping_status":"closed","template":"templates\/fullwidth.php","meta":{"ngg_post_thumbnail":0,"footnotes":""},"_links":{"self":[{"href":"https:\/\/heynekunstfabrik.de\/home\/wp-json\/wp\/v2\/pages\/3612"}],"collection":[{"href":"https:\/\/heynekunstfabrik.de\/home\/wp-json\/wp\/v2\/pages"}],"about":[{"href":"https:\/\/heynekunstfabrik.de\/home\/wp-json\/wp\/v2\/types\/page"}],"author":[{"embeddable":true,"href":"https:\/\/heynekunstfabrik.de\/home\/wp-json\/wp\/v2\/users\/1"}],"replies":[{"embeddable":true,"href":"https:\/\/heynekunstfabrik.de\/home\/wp-json\/wp\/v2\/comments?post=3612"}],"version-history":[{"count":10,"href":"https:\/\/heynekunstfabrik.de\/home\/wp-json\/wp\/v2\/pages\/3612\/revisions"}],"predecessor-version":[{"id":3857,"href":"https:\/\/heynekunstfabrik.de\/home\/wp-json\/wp\/v2\/pages\/3612\/revisions\/3857"}],"wp:attachment":[{"href":"https:\/\/heynekunstfabrik.de\/home\/wp-json\/wp\/v2\/media?parent=3612"}],"curies":[{"name":"wp","href":"https:\/\/api.w.org\/{rel}","templated":true}]}}