{"id":3618,"date":"2024-07-01T14:24:54","date_gmt":"2024-07-01T14:24:54","guid":{"rendered":"https:\/\/heynekunstfabrik.de\/home\/?page_id=3618"},"modified":"2024-07-18T15:32:46","modified_gmt":"2024-07-18T15:32:46","slug":"johannes-kriesche-kuenstler-vita","status":"publish","type":"page","link":"https:\/\/heynekunstfabrik.de\/home\/johannes-kriesche-kuenstler-vita\/","title":{"rendered":"Dorothee Becker \u2013 K\u00fcnstler Vita"},"content":{"rendered":"\n<div class=\"wp-block-columns is-layout-flex wp-container-core-columns-is-layout-1 wp-block-columns-is-layout-flex\">\n<div class=\"wp-block-column is-layout-flow wp-block-column-is-layout-flow\" style=\"flex-basis:50%\">\n<div class=\"wp-block-group is-nowrap is-layout-flex wp-container-core-group-is-layout-1 wp-block-group-is-layout-flex\">\n<figure class=\"wp-block-image size-full is-resized\"><a href=\"https:\/\/heynekunstfabrik.de\/home\/wp-content\/uploads\/2024\/06\/2014_becker.jpg\"><img loading=\"lazy\" decoding=\"async\" width=\"450\" height=\"300\" src=\"https:\/\/heynekunstfabrik.de\/home\/wp-content\/uploads\/2024\/06\/2014_becker.jpg\" alt=\"\" class=\"wp-image-3571\" style=\"width:498px;height:auto\" srcset=\"https:\/\/heynekunstfabrik.de\/home\/wp-content\/uploads\/2024\/06\/2014_becker.jpg 450w, https:\/\/heynekunstfabrik.de\/home\/wp-content\/uploads\/2024\/06\/2014_becker-300x200.jpg 300w, https:\/\/heynekunstfabrik.de\/home\/wp-content\/uploads\/2024\/06\/2014_becker-150x100.jpg 150w, https:\/\/heynekunstfabrik.de\/home\/wp-content\/uploads\/2024\/06\/2014_becker-400x267.jpg 400w\" sizes=\"(max-width: 450px) 100vw, 450px\" \/><\/a><\/figure>\n<\/div>\n<\/div>\n\n\n\n<div class=\"wp-block-column is-layout-flow wp-block-column-is-layout-flow\" style=\"flex-basis:50%\">\n<p>Dorothee Becker ist quasi Motor, Motivation, Triebfeder, Inspiration und auch Kuratorin f\u00fcr viele Projekte und Ideen. Es ist ihre besondere F\u00e4higkeit, die Kunst im doppelten Sinne (r\u00e4umlich und emotional) zug\u00e4nglich zu machen.<\/p>\n\n\n\n<p>Die Absolventin der Akademie f\u00fcr Handwerksdesign (Aachen) wird daher von Kollegen f\u00fcr ihre \u201ef\u00fcrsorgliche Organisation\u201d sowie ihre \u201ezugewandte und einf\u00fchlsame Pers\u00f6nlichkeit\u201d sehr gesch\u00e4tzt. Der Dreh- und Angelpunkt f\u00fcr ihre Arbeit ist die Kurstadt Bad Orb, die offensichtlich eine besonders hohe kreative Dichte aufweist (mit vielen K\u00fcnstlerinnen und K\u00fcnstlern). Hier hat Dorothee Becker auch die Traditionsausstellung \u201eDialog der Elemente\u201d wesentlich gepr\u00e4gt und entwickelt. Quelle: Kulturpreis.net<\/p>\n<\/div>\n<\/div>\n\n\n\n<p><\/p>\n\n\n\n<p><strong>Ausbildungen:<\/strong><br><strong>1983 &#8211; 1986<\/strong> Schauwerbegestalterin \/ Interieur und Fotostyling<br><strong>1993 &#8211; 1996<\/strong> Gestalterin\u00a0 im Handwerk \/ Akademie f\u00fcr Handwerksdesign Gut<br>Rosenberg <br><strong>2010 &#8211; 2012 <\/strong>Ausdrucksmaltherapie nach Bettina Egger in Amberg<br><strong>2014<\/strong> Ausbildung zur dienenden Rolle im Malspiel bei Arno Stern in Wien<br><br><strong>Preise<\/strong> :<br><strong>1997<\/strong> 1. Preis &#8222;Examina&#8220; Auszeichnung der HWK Aachen<br><strong>2007<\/strong> 1. Preis Kunstwettbewerb &#8220; Generation Chips&#8220; Bad Orb<br>(ausgestellt im Struwwelpetermuseum \/ Frankfurt )<br><strong>2014<\/strong> Seminare bei Arno Stern in Wien<br><br><strong>T\u00e4tigkeitsbereiche:<br><\/strong>Viele Jahre Kunstbeauftragte in der<br>Spessartklinik somit Kuratorin und Leitung von Kunstausstellungen<br><strong>Seit 2002<\/strong> Kunst im Nachmittagsangebot der Ganztagsschule<br><strong>Seit 2002<\/strong> p\u00e4dagogische Arbeit in der Betreungsschule Bad Orb<br><strong>Seit 2004 <\/strong>freischaffende K\u00fcnstlerin, Organisation und Leitung von Kunstprojekten in der Region<br>Initiatorin der inter. Kunstausstellung &#8222;alles kuriert&#8220; im Willeminenhaus Bad Orb<br>Kuration von Ausstellungen in der Spessartklinik ( Kunst Privat) und im Main Kinzig Forum<br><strong>2007 &#8211; 2018<\/strong> Kunst- und Kreativangebote in der Kinderinitiative Bad Orb<br><strong>Seit 2008 <\/strong>Mal &#8211; und T\u00f6pferkurse in der Spessartklinik Bad Orb<br><strong>2008 &#8211; 2024<\/strong> Kunsttherapeutische Angbote im klinischen Kontext<br><strong>Seit 2020<\/strong> Interaktive Jahresprojekte f\u00fcr Kinder an Schulen<br>Ausstellungen im In und Ausland \u00fcberwiegend im Main Kinzig Kreis<br><br><strong>Ausstellungen:<\/strong><br><strong>1997<\/strong> M\u00f6belmesse K\u00f6ln \/ romanisches Haus Gelnhausen \/ Bergmann Aachen<br><strong>2004<\/strong> Malatelier Gelnhausen<br><strong>2005<\/strong> Triangulum Gelnhausen<br><strong>2007<\/strong> Michaelskirche Bad Orb<br><strong>2006 &#8211; 2012<\/strong> &#8222;alles kuriert&#8220; Bad Orb<br><strong>2010<\/strong> Villa Sondheimer Gelnhausen\/ EBZ Bad Orb\/ Kulturwerk Schl\u00fcchtern<br><strong>2012<\/strong> Zytphen \/ Niederlande<br><strong>2011 &#8211; 2015<\/strong> Kulturstation Gelnhausen<br><strong>2001 &#8211; 2018<\/strong> Dialog der Elemente Bad Orb<br><strong>2014<\/strong> Performance im Park Bad Orb<br><strong>2014<\/strong> Biebergem\u00fcnd B\u00fcrgerhaus<br><strong>2015<\/strong> Performance in Bruchk\u00f6bel und Bad Orb<br><strong>2015 &#8211; 2019<\/strong> Open House KreativQuatier Bad Orb<\/p>\n","protected":false},"excerpt":{"rendered":"<p>Dorothee Becker ist quasi Motor, Motivation, Triebfeder, Inspiration und auch Kuratorin f\u00fcr viele Projekte und Ideen. Es ist ihre besondere F\u00e4higkeit, die Kunst im doppelten Sinne (r\u00e4umlich und emotional) zug\u00e4nglich zu machen. Die Absolventin der Akademie f\u00fcr Handwerksdesign (Aachen) wird daher von Kollegen f\u00fcr ihre \u201ef\u00fcrsorgliche Organisation\u201d sowie ihre \u201ezugewandte und einf\u00fchlsame Pers\u00f6nlichkeit\u201d sehr gesch\u00e4tzt. [&hellip;]<\/p>\n","protected":false},"author":1,"featured_media":0,"parent":0,"menu_order":0,"comment_status":"closed","ping_status":"closed","template":"templates\/fullwidth.php","meta":{"ngg_post_thumbnail":0,"footnotes":""},"_links":{"self":[{"href":"https:\/\/heynekunstfabrik.de\/home\/wp-json\/wp\/v2\/pages\/3618"}],"collection":[{"href":"https:\/\/heynekunstfabrik.de\/home\/wp-json\/wp\/v2\/pages"}],"about":[{"href":"https:\/\/heynekunstfabrik.de\/home\/wp-json\/wp\/v2\/types\/page"}],"author":[{"embeddable":true,"href":"https:\/\/heynekunstfabrik.de\/home\/wp-json\/wp\/v2\/users\/1"}],"replies":[{"embeddable":true,"href":"https:\/\/heynekunstfabrik.de\/home\/wp-json\/wp\/v2\/comments?post=3618"}],"version-history":[{"count":9,"href":"https:\/\/heynekunstfabrik.de\/home\/wp-json\/wp\/v2\/pages\/3618\/revisions"}],"predecessor-version":[{"id":3726,"href":"https:\/\/heynekunstfabrik.de\/home\/wp-json\/wp\/v2\/pages\/3618\/revisions\/3726"}],"wp:attachment":[{"href":"https:\/\/heynekunstfabrik.de\/home\/wp-json\/wp\/v2\/media?parent=3618"}],"curies":[{"name":"wp","href":"https:\/\/api.w.org\/{rel}","templated":true}]}}