{"id":3682,"date":"2024-07-04T10:18:33","date_gmt":"2024-07-04T10:18:33","guid":{"rendered":"https:\/\/heynekunstfabrik.de\/home\/?page_id=3682"},"modified":"2024-07-04T10:34:55","modified_gmt":"2024-07-04T10:34:55","slug":"maria-dimitriou-kuenstler-vita","status":"publish","type":"page","link":"https:\/\/heynekunstfabrik.de\/home\/maria-dimitriou-kuenstler-vita\/","title":{"rendered":"Maria Dimitriou \u2013 K\u00fcnstler Vita"},"content":{"rendered":"\n<div class=\"wp-block-columns is-layout-flex wp-container-core-columns-is-layout-1 wp-block-columns-is-layout-flex\">\n<div class=\"wp-block-column is-layout-flow wp-block-column-is-layout-flow\" style=\"flex-basis:50%\">\n<div class=\"wp-block-group is-nowrap is-layout-flex wp-container-core-group-is-layout-1 wp-block-group-is-layout-flex\">\n<figure class=\"wp-block-image size-full is-resized\"><a href=\"https:\/\/heynekunstfabrik.de\/home\/wp-content\/uploads\/2024\/07\/10.jpg\"><img loading=\"lazy\" decoding=\"async\" width=\"665\" height=\"601\" src=\"https:\/\/heynekunstfabrik.de\/home\/wp-content\/uploads\/2024\/07\/10.jpg\" alt=\"\" class=\"wp-image-3684\" style=\"width:498px;height:auto\" srcset=\"https:\/\/heynekunstfabrik.de\/home\/wp-content\/uploads\/2024\/07\/10.jpg 665w, https:\/\/heynekunstfabrik.de\/home\/wp-content\/uploads\/2024\/07\/10-300x271.jpg 300w, https:\/\/heynekunstfabrik.de\/home\/wp-content\/uploads\/2024\/07\/10-150x136.jpg 150w, https:\/\/heynekunstfabrik.de\/home\/wp-content\/uploads\/2024\/07\/10-400x362.jpg 400w\" sizes=\"(max-width: 665px) 100vw, 665px\" \/><\/a><\/figure>\n<\/div>\n<\/div>\n\n\n\n<div class=\"wp-block-column is-layout-flow wp-block-column-is-layout-flow\" style=\"flex-basis:50%\">\n<p>&#8222;Nach jahrelanger Praxis mit der \u00d6lmalerei, und um die Vorz\u00fcge der schnelltrocknenden Farbe wissend, arbeite ich in den letzten Jahren\u00a0zumeist mit Acryl.\u00a0\u00a0<\/p>\n\n\n\n<p>Die Motivation meiner Arbeit ist mehr ein Impuls denn eine gedankliche Konstruktion. Es ist letzten Endes eine Entscheidung aus dem Bauch heraus und nicht aus dem Kopf, selbst wenn sich manchmal wochenlang meine Gedanken um ein Bild kreisen, ob ich es denn nun wirklich malen soll und warum? Selbst wenn das Konzept einer Ausstellung als solches ebenso gut durchdacht sein muss. Bei einer Entscheidung dem Kopfe nach w\u00fcrde gar kein Bild erst entstehen&#8230;<\/p>\n\n\n\n<p>Meinen Kopf kann ich nicht wirklich abstellen, aber es hat sich immer als Hemmnis f\u00fcr die Erschaffung eines Kunstwerks erwiesen, wenn ich nach dessen intellektueller Existenzberechtigung gefragt habe. Erst die \u00dcberwindung dieser Frage f\u00fchrt zum eigentlichen Schaffensimpuls.&#8220; \u2013 Maria Dimitriou<\/p>\n\n\n\n<p><a href=\"https:\/\/maria-dimitriou.de\/index.html\" data-type=\"link\" data-id=\"https:\/\/maria-dimitriou.de\/index.html\">Website Maria Dimitriou<\/a><\/p>\n<\/div>\n<\/div>\n\n\n\n<p><br><\/p>\n\n\n\n<p class=\"has-medium-font-size\"><strong>Vita<\/strong><\/p>\n\n\n\n<p><strong>1964<\/strong><br>Geboren in Kromni\/Pellas, Griechenland<br><strong>1969<\/strong><br>Wohnhaft in Deutschland<br><strong>1980<\/strong><br>Erste Erfahrungen in der \u00d6lmalerei<br><strong>1981<\/strong><br>Teilnahme am Europ\u00e4ischen Jugend-Malwettbewerb mit Auszeichnung<br><strong>1982<\/strong><br>Teilnahme am Europ\u00e4ischen Jugend-Malwettbewerb mit Sonderpreis<br><strong>1984-1994<br><\/strong>Studium der Klassischen Arch\u00e4ologie<br>und Kunstgeschichte, Johann-Wolfgang-Goethe-Universit\u00e4t, Frankfurt<br><strong>1994<\/strong><br>Magister Artium, Frankfurt<br><strong>1994<\/strong><br>Beginn der freien k\u00fcnstlerischen T\u00e4tigkeit, mehrj\u00e4hrige Malpraxis nach dem Vorbild &#8222;Alter Meister&#8220;<br><strong>2001-2011<br><\/strong>Zahlreiche Ausstellungen in Galerien (u.a. Heyne Kunst Fabrik, Offenbach, Artium Art Gallery, Luxemburg) und Firmen, darunter Siemens, Thyssen-Krupp, QSC, Johnson &amp; Johnson, GZ-Bank, Airport Conference Center, FRA<\/p>\n","protected":false},"excerpt":{"rendered":"<p>&#8222;Nach jahrelanger Praxis mit der \u00d6lmalerei, und um die Vorz\u00fcge der schnelltrocknenden Farbe wissend, arbeite ich in den letzten Jahren\u00a0zumeist mit Acryl.\u00a0\u00a0 Die Motivation meiner Arbeit ist mehr ein Impuls denn eine gedankliche Konstruktion. Es ist letzten Endes eine Entscheidung aus dem Bauch heraus und nicht aus dem Kopf, selbst wenn sich manchmal wochenlang meine [&hellip;]<\/p>\n","protected":false},"author":1,"featured_media":0,"parent":0,"menu_order":0,"comment_status":"closed","ping_status":"closed","template":"templates\/fullwidth.php","meta":{"ngg_post_thumbnail":0,"footnotes":""},"_links":{"self":[{"href":"https:\/\/heynekunstfabrik.de\/home\/wp-json\/wp\/v2\/pages\/3682"}],"collection":[{"href":"https:\/\/heynekunstfabrik.de\/home\/wp-json\/wp\/v2\/pages"}],"about":[{"href":"https:\/\/heynekunstfabrik.de\/home\/wp-json\/wp\/v2\/types\/page"}],"author":[{"embeddable":true,"href":"https:\/\/heynekunstfabrik.de\/home\/wp-json\/wp\/v2\/users\/1"}],"replies":[{"embeddable":true,"href":"https:\/\/heynekunstfabrik.de\/home\/wp-json\/wp\/v2\/comments?post=3682"}],"version-history":[{"count":10,"href":"https:\/\/heynekunstfabrik.de\/home\/wp-json\/wp\/v2\/pages\/3682\/revisions"}],"predecessor-version":[{"id":3694,"href":"https:\/\/heynekunstfabrik.de\/home\/wp-json\/wp\/v2\/pages\/3682\/revisions\/3694"}],"wp:attachment":[{"href":"https:\/\/heynekunstfabrik.de\/home\/wp-json\/wp\/v2\/media?parent=3682"}],"curies":[{"name":"wp","href":"https:\/\/api.w.org\/{rel}","templated":true}]}}