{"id":3695,"date":"2024-07-16T09:48:58","date_gmt":"2024-07-16T09:48:58","guid":{"rendered":"https:\/\/heynekunstfabrik.de\/home\/?page_id=3695"},"modified":"2024-07-16T09:49:22","modified_gmt":"2024-07-16T09:49:22","slug":"helge-steinmann-bomber-kuenstler-vita","status":"publish","type":"page","link":"https:\/\/heynekunstfabrik.de\/home\/helge-steinmann-bomber-kuenstler-vita\/","title":{"rendered":"Helge Steinmann BOMBER \u2013 K\u00fcnstler Vita"},"content":{"rendered":"\n<div class=\"wp-block-columns is-layout-flex wp-container-core-columns-is-layout-1 wp-block-columns-is-layout-flex\">\n<div class=\"wp-block-column is-layout-flow wp-block-column-is-layout-flow\" style=\"flex-basis:50%\">\n<div class=\"wp-block-group is-nowrap is-layout-flex wp-container-core-group-is-layout-1 wp-block-group-is-layout-flex\">\n<figure class=\"wp-block-image size-full is-resized\"><a href=\"https:\/\/heynekunstfabrik.de\/home\/wp-content\/uploads\/2024\/07\/BOMBER_Portrait-Dieter-Roosen1994-987x1024-1.jpg\"><img loading=\"lazy\" decoding=\"async\" width=\"987\" height=\"1024\" src=\"https:\/\/heynekunstfabrik.de\/home\/wp-content\/uploads\/2024\/07\/BOMBER_Portrait-Dieter-Roosen1994-987x1024-1.jpg\" alt=\"\" class=\"wp-image-3708\" style=\"width:498px;height:auto\" srcset=\"https:\/\/heynekunstfabrik.de\/home\/wp-content\/uploads\/2024\/07\/BOMBER_Portrait-Dieter-Roosen1994-987x1024-1.jpg 987w, https:\/\/heynekunstfabrik.de\/home\/wp-content\/uploads\/2024\/07\/BOMBER_Portrait-Dieter-Roosen1994-987x1024-1-289x300.jpg 289w, https:\/\/heynekunstfabrik.de\/home\/wp-content\/uploads\/2024\/07\/BOMBER_Portrait-Dieter-Roosen1994-987x1024-1-768x797.jpg 768w, https:\/\/heynekunstfabrik.de\/home\/wp-content\/uploads\/2024\/07\/BOMBER_Portrait-Dieter-Roosen1994-987x1024-1-145x150.jpg 145w, https:\/\/heynekunstfabrik.de\/home\/wp-content\/uploads\/2024\/07\/BOMBER_Portrait-Dieter-Roosen1994-987x1024-1-400x415.jpg 400w\" sizes=\"(max-width: 987px) 100vw, 987px\" \/><\/a><\/figure>\n<\/div>\n<\/div>\n\n\n\n<div class=\"wp-block-column is-layout-flow wp-block-column-is-layout-flow\" style=\"flex-basis:50%\">\n<p>Bomber (eigentlich Helge Steinmann, * 1969 in Hofheim am Taunus) ist ein deutscher Graffiti-Writing-K\u00fcnstler, Designer, Street Artist und Illustrator.<\/p>\n\n\n\n<p><a href=\"https:\/\/www.bomber-graffiti.com\/blog\/\" data-type=\"link\" data-id=\"https:\/\/www.bomber-graffiti.com\/blog\/\">Website BOMBER<\/a><br>Bildquelle: \u00a9 Dieter Roosen 1993<\/p>\n<\/div>\n<\/div>\n\n\n\n<p><\/p>\n\n\n\n<p><strong>Ausstellungen\/Exhibitions:<\/strong><br>2024 Beratung Milestones of Hip Hop (Frankfurt-Part) Ausstellung, MOMEM in Kooperation mit der Schirn<br>2023 Tape Art IMAX, Frankfurt am Main<br>2022 Gespendetes Artwork auf Keilrahmen-Leinwand Stuart4kids, Kinderhaus Bethanien, Eltville<br>2022 Taunus-Kunst-Triennale 2, Stadtmuseum, Hofheim am Taunus<br>2022 Lichtkunst, Neue Stadtbibliothek, Hofheim am Taunus<br>2022 Meeting of Styles, Mainz \u2013 Kastel<br>2022 Tape Art Rheinterrasse, D\u00fcsseldorf<br>2022 Tape Art Jahrhunderthalle, Bochum<br>2022 Tape Art Zeche Zollverein, Essen<br>2022 Tage der offenen Ateliers, Hofheim am Taunus<br>2020 Graffiti im Kessel, Kunstmuseum Stuttgart \/ StadtPalais \u2013 Museum f\u00fcr Stuttgart, Stuttgart<br>2019 Griechenland aus der Sicht deutscher &amp; griechischer K\u00fcnstler, Zentrale Frankfurter Sparkasse, Frankfurt am Main<br>2019 Frankfurt am Meer feat. Shantel und Guilty76, Street Art Festival, Frankfurt am Main<br>2019 Lichtkunst feat. Lichtfaktor, Kettenraktion 2019, Campus Attisholz, Solothurn, Schweiz<br>2019 Lichtkunst feat. Lichtfaktor, Er\u00f6ffnung Uferpark Attisholz Solothurn, Schweiz<br>2019 Tage der offenen Ateliers, Hofheim am Taunus<br>2019 Urban Spring, TechTextil, Forum Messe Frankfurt, Frankfurt am Main<br>2019 Animal \u2013 bewohnte Kunstinstallation von Sandip Shah, Frankfurt am Main<br>2018 Tage der offenen Ateliers, Hofheim am Taunus<br>2017 Tage der offenen Ateliers, Hofheim am Taunus<br>2016 Lichtmalerei, Lightpainting, Lichtkunst feat. Lichtfaktor, Waiblingen leuchtet<br>2016 Lichtkunst zur Luminale 2016 feat. Lichtfaktor &amp; Dj Crazy Cuts, B\u00f6rsenverein des Deutschen Buchhandels, Frankfurt am Main<br>2016 Fassadenkunst, Indoor Graffiti Art Kettenreaktion 2016, Zellulose art campus, Attilsholz Solothurn, Schweiz<br>2015 BBK Kunstmole Schierstein, Wiesbaden<br>2015 Sachbesch\u00e4digung feat. DJ Crazy Cuts &amp; DJ Double D, Main-Taunus-Galerie, Kreishaus \u2013 Landratsamt Hofheim am Taunus<br>2014 Kunstforum Seligenstadt, Seligenstadt<br>2014 Meeting of Styles, Mainz \u2013 Kastel<br>2014 Lichtkunst zur Luminale 2014 feat. Lichtfaktor &amp; Alice Rose und Cemnoz, Saurierhalle des Senckenberg Museum, Frankfurt am Main<br>2014 NH Hotel Aukamm, Wiesbaden<br>2013 Tage der offenen Ateliers, Hofheim am Taunus<br>2013 Kunst privat \u2013 Frankfurter Unternehmenskunstsammlungen, Vielflieger Verlag<br>2013 25 Jahre Bomber, Heyne Kunst Fabrik, Heyne Fabrik, Offenbach am Main<br>2013 Teilm\u00f6bliert Szenografiert, D\u00fcsseldorf<br>2013 Querbeet &amp; friends for children, D\u00fcsseldorf<br>2013 Benefizpostkarte f\u00fcr den Frankfurter Garten, Frankfurt am Main<br>2013 Benefizpostkarte f\u00fcr Diakonisches Werk, Wiesbaden<br>2013 Neu im BBK, Kunsthaus Wiesbaden<br>2012 Urban Countryside feat. Max Wiedemann (London), Galerie Nassauer Hof, Hattersheim am Main<br>2012 Kunst privat \u2013 Frankfurter Unternehmenskunstsammlungen, Vielflieger Verlag<br>2012 Lichtkunst zur Luminale 2012 feat. Lichtfaktor, Heyne Fabrik Offenbach am Main<br>2012 World of Stickers, D\u00fcsseldorf<br>2011 Kunst privat \u2013 Frankfurter Unternehmenskunstsammlungen, Vielflieger Verlag<br>2011 Caratart, Weil am Rhein<br>2011 Route der Industriekultur, Phrix KG<br>2011 IBUG, Meerane<br>2010 Lichtkunst zur Luminale 2010 feat. Lichtfaktor &amp; DJ Crazy Cuts, Atelier Bomber, Phrix KG, Hattersheim \u2013 Okriftel<br>2010 Route der Industriekultur, Phrix KG<br>2010 Kunst privat \u2013 Frankfurter Unternehmenskunstsammlungen, Vielflieger Verlag<br>2010 Meeting of Styles, Rote Fabrik, Z\u00fcrich, Schweiz<br>2010 CWO Citywatch Office, Atelierfrankfurt, Frankfurt am Main<br>2010 Kleine Arbeiten, Cafe Tass, Hofheim am Taunus<br>2009 Guitart \u2013 in an Absolut world, M\u00fcnchen<br>2009 Internationale Kunstauktion von Millon &amp; Associes, Paris, Frankreich<br>2009 Familientreffen, Tage der offenen Ateliers, Atelierfrankfurt, Frankfurt am Main<br>2009 IBUG, Meerane<br>2009 Route der Industriekultur, Phrix KG<br>2009 Doppelschicht mit Natalie Goller, Galerie Jens Fehring, Frankfurt am am Main<br>2008 Phrixmas 2008, Hattersheim \u2013 Okriftel<br>2008 Royal Arena Festival, Biel\/Bienne, Schweiz<br>2008 400ML Projekt, Maison des M\u00e9tallos, Paris, Frankreich<br>2008 Route der Industriekultur, Phrix KG<br>2008 E = m x Phrix2, Licht und Schatten der Relativit\u00e4tstheorie, Hattersheim-Okriftel<br>2008 \u201etotalegal\u201d, Bemalung der Leunabr\u00fccke, Frankfurt-H\u00f6chst<br>2008 Sign Sign Nature Part 2, Kuratierung, Organisation, Partizipierung, Rathaus Hofheim am Taunus<br>2008 Luminale, Phrix Hattersheim \u2013 Okriftel<br>2008 One Wall free, Hattersheim \u2013 Okriftel<br>2008 Sign-Sign Nature, Kuratierung, Organisation, Partizipierung, Wiesbaden-Naurod<br>2007 Phrixmas, Hattersheim \u2013 Okriftel<br>2007 White gallery, K\u00f6ln<br>2007 Route der Industriekultur, Phrix KG<br>2007 Tage der offenen Ateliers, Hofheim am Taunus<br>2007 Dutch Design Week for EDHV, Eindhoven, NL Niederlande<br>2007 Boogie Down Hip Hop Jam, Gie\u00dfen<br>2007 Klo Nr. 2 mit Hans Leo Rohleder, Florian Heinke, Edwin Sch\u00e4fer, Sandip Shah, Hans Petri, J\u00f6rg Simon, Nikolaus Heyduck, Dirk Krecker Ralf Schmitt, Sandra Mann, Galerie Perpetuel, Frankfurt am Main<br>2006 Kunst beim Anwalt \u2013 Anwaltskunst, Nickel &amp; Nickel Anw\u00e4lte, Hanau<br>2006 Above the grey, Bydgoszcz, Polen<br>2006 Interdependenzen 10-j\u00e4hriges Jubil\u00e4um der FH Offenburg, Hubert Burda Stiftung<br>2006 Allcitystyle Projekt-pimped subway trains<br>2006 Meeting of Styles Mainz-Kastel<br>2006 Big Jam, Wetzlar<br>2005 Coolhunters, ZKM Zentrum f\u00fcr Kunst und Medien, Karlsruhe<br>2005 Markant, Galerie Iffland, Darmstadt<br>2005 Frankfurt Booktown, Bemalte Buchskulptur im \u00f6ffentlichen Raum, Frankfurt am Main<br>2005 Ausnahmezustand, R\u00fcsselsheim<br>2004 13 days between, Frankfurt am Main<br>2004 Meeting of Styles, Lyon, Frankreich<br>2003 Still crazy, Klingspormuseum, Offenbach am Main<br>2003 Flame Jam, Z\u00fcrich, Schweiz<br>2003 Meeting of Styles, Rote Fabrik, Z\u00fcrich, Schweiz<br>2003 Mauritiusgalerie, Einzelausstellung, Wiesbaden<br>2003 Kunstschlacht, Schlachthof, Offenbach am Main<br>2003 Der W\u00fcrfel, Aktion Hendoc im Sinai-Park, Frankfurt am Main<br>2002 Osterjam, Club Airport, W\u00fcrzburg<br>2002 Zeilgalerie, Frankfurt am Main<br>2002 W\u00f6rthcup, W\u00f6rth am Rhein<br>2001 Summer Session, Kehl-Stra\u00dfbourg<br>2000 Just writing my name, Bremen<br>2000 Walldesign Mural Velocity feat. DARE, KESY, SHARK, LOOMIT, SEEMSOE, TOAST Genf, Schweiz<br>2000 Walldesign Mural feat. SHARK, DARE, TOAST, MATE for FART Ferrovie Autolinee Regionali Ticinesi, Locarno, Schweiz<br>2000 Wallstreet Meeting, Wiesbaden<br>2000 Osterjam, Club Airport, W\u00fcrzburg<br>1999 Graffiti 2000, Shedhalle, Z\u00fcrich, Schweiz<br>1999 Bizarre Festival, K\u00f6ln<br>1999 Crazy Colors, KFZ, Marburg<br>1999 Wallstreet Meeting, Wiesbaden<br>1998 ITA Galerie, Luzern, Schweiz<br>1998 Open Air Galerie Parterre Kulturraum, Luzern, Schweiz<br>1997 Krautsalat, Kuratierung, Organisation, Partizipierung, Frankfurt am Main<br>1997 Wallstreet Meeting, Wiesbaden<br>1997 Aufstand der Zeichen, Toskanische S\u00e4ulenhalle, Augsburg<br>1997 Ritzenhoff Kuratierung, Organisation, Partizipierung (Limited edition) der Graffiti-Milchglaskollektion, Marsberg<br>1996 A Tribute to style, Kallmann Museum, Ismaning<br>1996 Art Frankfurt 96, Kuratierung, Organisation, Partizipierung, OXYGEN zusammen mit H.R. Giger, DAIM-Mirko Reisser, TOAST-Ata Bocazi, MATE-Pius Portmann, CEMNOZ-David Kammerer, NEON-Aljosha Tursan, SHARK-Harun Dogan, KENT-Mario Laugell, NOISE-Neil Roth, Tobias Feldbauer, Frankfurt am Main<br>1996 Jam am See, feat. MATE-Pius Portmann, DAIM-Mirko Reisser, DARE-Sigi von Koeding, SHARK-Harun Dogan, ZORA-Bianca Litscher, Luzern<br>1994 MZEE Frisch, K\u00f6ln<br>1994 Spring Jam 2, Kuratierung, Organisation, Partizipierung, Frankfurt am Main<br>1994 Osterjam, Airport W\u00fcrzburg<br>1993 Eastside Gallery, Berlin<br>1993 Galeria Nova Visualidade, Frankfurt am Main<br>1992 Coming from the dark, Kommunikationsfabrik Frankfurt<br>1992 Hip Hop Jam \/ Graffiti Ausstellung, E-Werk, Bad Homburg<br>1992 Live Graffiti Art @ Rockpalast, W\u00fcrzburg<br>1992 Live Graffiti Art @ Opernplatzfest, Frankfurt am Main<br>1992 Wunderbar, Frankfurt-H\u00f6chst<br>1991 Caf\u00e9 Flot, Hofheim am Taunus<br>1990 EGU Treffen, H\u00fcrth<br>1990 Vonderaumuseum feat. Alesh One\/Merlin, Fulda<br>1989 Expo Euro-Graffiti-Union (EGU), Karlsruhe<br><br><strong>Sammlungen:<\/strong><br>Telekom AG, Darmstadt<br>Deutsche Bank, Frankfurt am Main<br>Europ\u00e4ische Zentralbank, Frankfurt am Main<br>Heyne Kunst Fabrik, Offenbach am Main<br>Klingspor-Museum, Offenbach am Main<br>Vielflieger Verlag, Frankfurt am Main<br>Engelbert Strauss, Biebergm\u00fcnd<br>UBS Bank, Frankfurt am Main<br>Jean-Charles de Castelbajac<br>Robert Peter (Robbie) Williams<br>Udo Kier, Los Angeles<br>Cat Geller<br>Kerstin &amp; Henning Strauss, Bad Orb<br>Eddie &amp; Dorina Sandberg, Frankfurt am Main<br>Walter Eufinger, Frankfurt am Main<br>Henry Kissinger, New York<br>Aliza Olmert, Jerusalem<br>Simon de Pury, London<br>Kunstsammlung Landratsamt Hofheim am Taunus \/ Main-Taunus Galerie<br>Stiftung Prinz Albert II von Monaco<br>J\u00fcrg &amp; Ute Leipziger, Mallorca<br>Daniel Jammer<br>Diether Falkenhahn &amp; Marie Christine Lafosse-Falkenhahn<br>Sabine Kwasny-Grimminger &amp; Hans-Peter Kwasny<br>Chris Burggraeve<br>Vik Patel, Los Angeles<br>Rusbeh Toussi, Frankfurt am Main<br>Tim Latif, Tehran, Iran<br>Dechema, Frankfurt am Main<br>Dow Corning, Wiesbaden<br>Peter Kaus, Frankfurt am Main<br>J\u00fcrgen &amp; Claudia Ray Lehnus, Frankfurt am Main<br>Martina &amp; Thomas Kr\u00f6ll, Bad Soden<br>Dr. Manuela Rottmann, Frankfurt am Main\/Berlin<br>Laurence Desarzens, Z\u00fcrich\/Genf<br>Familie Meyermann, Bad Homburg<br>Moses Pelham, Frankfurt am Main<br>Stadt Frankfurt am Main, Alte Oper, Zoo-Gesellschaftshaus<br>Mainova, Frankfurt am Main<br>Prof. Dr. Michael H. Grote, Niedernhausen<br>MOMEM \u2013 Museum of Modern Electronic Music, Frankfurt am Main<br>Thomas Kypta, Bad Orb<br>Michael Kapaun, Frankfurt<\/p>\n","protected":false},"excerpt":{"rendered":"<p>Bomber (eigentlich Helge Steinmann, * 1969 in Hofheim am Taunus) ist ein deutscher Graffiti-Writing-K\u00fcnstler, Designer, Street Artist und Illustrator. Website BOMBERBildquelle: \u00a9 Dieter Roosen 1993 Ausstellungen\/Exhibitions:2024 Beratung Milestones of Hip Hop (Frankfurt-Part) Ausstellung, MOMEM in Kooperation mit der Schirn2023 Tape Art IMAX, Frankfurt am Main2022 Gespendetes Artwork auf Keilrahmen-Leinwand Stuart4kids, Kinderhaus Bethanien, Eltville2022 Taunus-Kunst-Triennale 2, [&hellip;]<\/p>\n","protected":false},"author":1,"featured_media":0,"parent":0,"menu_order":0,"comment_status":"closed","ping_status":"closed","template":"templates\/fullwidth.php","meta":{"ngg_post_thumbnail":0,"footnotes":""},"_links":{"self":[{"href":"https:\/\/heynekunstfabrik.de\/home\/wp-json\/wp\/v2\/pages\/3695"}],"collection":[{"href":"https:\/\/heynekunstfabrik.de\/home\/wp-json\/wp\/v2\/pages"}],"about":[{"href":"https:\/\/heynekunstfabrik.de\/home\/wp-json\/wp\/v2\/types\/page"}],"author":[{"embeddable":true,"href":"https:\/\/heynekunstfabrik.de\/home\/wp-json\/wp\/v2\/users\/1"}],"replies":[{"embeddable":true,"href":"https:\/\/heynekunstfabrik.de\/home\/wp-json\/wp\/v2\/comments?post=3695"}],"version-history":[{"count":2,"href":"https:\/\/heynekunstfabrik.de\/home\/wp-json\/wp\/v2\/pages\/3695\/revisions"}],"predecessor-version":[{"id":3711,"href":"https:\/\/heynekunstfabrik.de\/home\/wp-json\/wp\/v2\/pages\/3695\/revisions\/3711"}],"wp:attachment":[{"href":"https:\/\/heynekunstfabrik.de\/home\/wp-json\/wp\/v2\/media?parent=3695"}],"curies":[{"name":"wp","href":"https:\/\/api.w.org\/{rel}","templated":true}]}}