{"id":3713,"date":"2024-07-16T09:51:01","date_gmt":"2024-07-16T09:51:01","guid":{"rendered":"https:\/\/heynekunstfabrik.de\/home\/?page_id=3713"},"modified":"2024-07-16T09:55:23","modified_gmt":"2024-07-16T09:55:23","slug":"monsieur-chat-ueber-den-kuenstler","status":"publish","type":"page","link":"https:\/\/heynekunstfabrik.de\/home\/monsieur-chat-ueber-den-kuenstler\/","title":{"rendered":"Monsieur Chat \u2013 \u00dcber den K\u00fcnstler"},"content":{"rendered":"\n<div class=\"wp-block-columns is-layout-flex wp-container-core-columns-is-layout-1 wp-block-columns-is-layout-flex\">\n<div class=\"wp-block-column is-layout-flow wp-block-column-is-layout-flow\" style=\"flex-basis:50%\">\n<div class=\"wp-block-group is-nowrap is-layout-flex wp-container-core-group-is-layout-1 wp-block-group-is-layout-flex\">\n<figure class=\"wp-block-image size-full is-resized\"><a href=\"https:\/\/heynekunstfabrik.de\/home\/wp-content\/uploads\/2024\/07\/1120.jpg\"><img loading=\"lazy\" decoding=\"async\" width=\"750\" height=\"500\" src=\"https:\/\/heynekunstfabrik.de\/home\/wp-content\/uploads\/2024\/07\/1120.jpg\" alt=\"\" class=\"wp-image-3716\" style=\"width:498px;height:auto\" srcset=\"https:\/\/heynekunstfabrik.de\/home\/wp-content\/uploads\/2024\/07\/1120.jpg 750w, https:\/\/heynekunstfabrik.de\/home\/wp-content\/uploads\/2024\/07\/1120-300x200.jpg 300w, https:\/\/heynekunstfabrik.de\/home\/wp-content\/uploads\/2024\/07\/1120-150x100.jpg 150w, https:\/\/heynekunstfabrik.de\/home\/wp-content\/uploads\/2024\/07\/1120-400x267.jpg 400w\" sizes=\"(max-width: 750px) 100vw, 750px\" \/><\/a><\/figure>\n<\/div>\n<\/div>\n\n\n\n<div class=\"wp-block-column is-layout-flow wp-block-column-is-layout-flow\" style=\"flex-basis:50%\">\n<p>Thomas Vuille, geboren am 16. Juli 1977 im Kanton Neuenburg, ist ein franz\u00f6sisch-schweizerischer K\u00fcnstler, der f\u00fcr seine symboltr\u00e4chtige Figur Mr. Cat bekannt ist. Er begann mit zu malen Im Alter von 15 Jahren verwendete er Acrylfarben , inspiriert von seinem Maler-Gro\u00dfvater. Nach seinem Studium am Institut des Arts Visuels d&#8217;Orl\u00e9ans von 1995 bis 2001 schuf Vuille 1997 M. Cat, eine gelb-orangefarbene Katze , gl\u00fccklich und f\u00fcrsorglich mit einem breiten L\u00e4cheln.<\/p>\n\n\n\n<p>Die Idee zu Mr. Cat entstand w\u00e4hrend eines Workshops mit Kindern, bei dem ein kleines M\u00e4dchen eine Katze zeichnete, die Vuille inspirierte. Diese Katze wurde zu seinem Wahrzeichen und er begann, sie auf die W\u00e4nde von Orl\u00e9ans und dann in anderen St\u00e4dten wie Paris, London, Genf und New York zu malen. Mr. Cat wurde schnell zu einer Street-Art-Ikone und symbolisierte Freude und urbanen Optimismus.<\/p>\n\n\n\n<p>Quelle: www.artsper.com<\/p>\n\n\n\n<p><br><br><br><br><\/p>\n<\/div>\n<\/div>\n\n\n\n<p><br><\/p>\n","protected":false},"excerpt":{"rendered":"<p>Thomas Vuille, geboren am 16. Juli 1977 im Kanton Neuenburg, ist ein franz\u00f6sisch-schweizerischer K\u00fcnstler, der f\u00fcr seine symboltr\u00e4chtige Figur Mr. Cat bekannt ist. Er begann mit zu malen Im Alter von 15 Jahren verwendete er Acrylfarben , inspiriert von seinem Maler-Gro\u00dfvater. Nach seinem Studium am Institut des Arts Visuels d&#8217;Orl\u00e9ans von 1995 bis 2001 schuf [&hellip;]<\/p>\n","protected":false},"author":1,"featured_media":0,"parent":0,"menu_order":0,"comment_status":"closed","ping_status":"closed","template":"templates\/fullwidth.php","meta":{"ngg_post_thumbnail":0,"footnotes":""},"_links":{"self":[{"href":"https:\/\/heynekunstfabrik.de\/home\/wp-json\/wp\/v2\/pages\/3713"}],"collection":[{"href":"https:\/\/heynekunstfabrik.de\/home\/wp-json\/wp\/v2\/pages"}],"about":[{"href":"https:\/\/heynekunstfabrik.de\/home\/wp-json\/wp\/v2\/types\/page"}],"author":[{"embeddable":true,"href":"https:\/\/heynekunstfabrik.de\/home\/wp-json\/wp\/v2\/users\/1"}],"replies":[{"embeddable":true,"href":"https:\/\/heynekunstfabrik.de\/home\/wp-json\/wp\/v2\/comments?post=3713"}],"version-history":[{"count":5,"href":"https:\/\/heynekunstfabrik.de\/home\/wp-json\/wp\/v2\/pages\/3713\/revisions"}],"predecessor-version":[{"id":3719,"href":"https:\/\/heynekunstfabrik.de\/home\/wp-json\/wp\/v2\/pages\/3713\/revisions\/3719"}],"wp:attachment":[{"href":"https:\/\/heynekunstfabrik.de\/home\/wp-json\/wp\/v2\/media?parent=3713"}],"curies":[{"name":"wp","href":"https:\/\/api.w.org\/{rel}","templated":true}]}}