{"id":3831,"date":"2025-07-15T15:35:01","date_gmt":"2025-07-15T15:35:01","guid":{"rendered":"https:\/\/heynekunstfabrik.de\/home\/?page_id=3831"},"modified":"2025-10-16T09:49:34","modified_gmt":"2025-10-16T09:49:34","slug":"blackwater","status":"publish","type":"page","link":"https:\/\/heynekunstfabrik.de\/home\/blackwater\/","title":{"rendered":"BLACK WATER"},"content":{"rendered":"\n<p><strong>PRINCESS<\/strong><\/p>\n\n\n\n<p>Die Prinzezessin gleitet als geheimnisvolle Gestalt durch das fl\u00fcssige Dunkel von Black Water. Wo Malerei und Fotografie ineinanderflie\u00dfen, zeigt sie sich zerflie\u00dfend, zerbrechlich und wandelbar. Sie tanzt zwischen Licht und Schatten,\u00a0 ein fl\u00fcchtiges Wesen voller Widerspr\u00fcche, das sich der Kontrolle entzieht und gerade darin seine Sch\u00f6nheit findet.<\/p>\n\n\n\n<p>Wasser wird hier zum lebendigen Spiegel der Verg\u00e4nglichkeit \u2013 unberechenbar, chaotisch, voller Magie. Es formt und zerrt, verwischt und enth\u00fcllt. In einem einzigen, kostbaren Augenblick h\u00e4lt die Hochgeschwindigkeitskamera das Zerfallen und Neuwerden fest \u2013 ein Moment der Unvorhersehbarkeit, in dem sich das Bekannte in etwas Fremdes verwandelt. Kein Algorithmus, keine k\u00fcnstliche Intelligenz kann diesen Tanz der Formen nachahmen, denn er lebt vom Zufall, von der Unberechenbarkeit und dem Zauber des Augenblicks.<\/p>\n\n\n\n<p>Die Gem\u00e4lde bilden den Ursprung, sind die erste Spur einer Geschichte, die sich im Wasser entfaltet. Das Bild zerflie\u00dft, zerbricht, verschiebt sich und wird neu zusammengesetzt. Die Prinzessin ist keine statische Figur, sondern ein Wesen im ewigen Wandel, das mit jeder Wellenbewegung neue Facetten seiner Existenz offenbart.&nbsp;<\/p>\n\n\n\n<p>Der Entstehungsprozess ist ein Zusammenspiel von analogen und digitalen Welten. Aus der expressiven, in Acryl gemalten Vorlage l\u00e4sst Walter Gerstung die Princess im schwarzen Wasserbecken lebendig werden.&nbsp;<\/p>\n\n\n\n<p>Das Wasser ist der entscheidende Akteur: Es formt, verwirbelt und zerrei\u00dft, ohne planbare Struktur, ein reines Naturchaos. Die Kamera friert in der tausendstel Sekunde die fl\u00fcchtige Bewegung ein \u2013 ein einmaliger Moment, der sich niemals wiederholen l\u00e4sst.<\/p>\n\n\n\n<p>Erst danach vollendet der K\u00fcnstler seine Arbeit mit einer digitalen Nachbearbeitung.Dabei bleibt die Urkraft der Aufnahme erhalten, nichts wird \u00fcbermalt oder verf\u00e4lscht.&nbsp;<\/p>\n\n\n\n<p>So entstehen einzigartige Fotounikate \u2013 pure Zeugnisse eines Augenblicks, die ihre Eigenst\u00e4ndigkeit nicht verlieren, sondern als fragile Momentaufnahme den Betrachter in eine andere Dimension entf\u00fchren.<\/p>\n\n\n\n<p><strong>Unikateditionen<br><\/strong>Die selektierten Motive werden in streng limitierten, numerierten und signierten Auflagen, inkl. Echtheitszertifikaten angeboten.&nbsp;<\/p>\n\n\n\n<p><strong>Herstellungsprozess<br><\/strong>Die Werke werden im Labor auf 235 g\/qm Fujiflex PET Highend-Fotopapier belichtet. (75 Jahre Hersteller-garantierte Farbbrillanz)<\/p>\n\n\n\n<p><strong>Formate und Auflagen<br><\/strong>Masterformat 120 x 160 cm, Auflage 5 Stck&nbsp;<\/p>\n\n\n\n<p>Premiumformat 70 x 100 cm, Auflage 7 Stck<\/p>\n\n\n\n<p>Offene Edition &#8211; Kleinformate bis 20&#215;30 cm zum schnellen Abverkauf unsigniert.<\/p>\n\n\n\n<p><strong>Finishing<\/strong><\/p>\n\n\n\n<p>Der Premium-Fuji-Fotoabzug wird auf AluDibond kaschiert, mit r\u00fcckseitig umlaufenden Aufh\u00e4ngeprofilen. Auf Wunsch kann das Werk mit einem&nbsp; minimalistischen 6mm breiten und 50mm tiefen Alu-Schatten-<\/p>\n\n\n\n<p>fugenrahmen ausgestattet werden.<\/p>\n\n\n\n<p>Als Einzel-Unikate je Motiv in Auflage 1 Stck sind die Motive bis 200 cm H\u00f6he mit individuellem, z.B. Acrylfinish m\u00f6glich.<\/p>\n","protected":false},"excerpt":{"rendered":"<p>PRINCESS Die Prinzezessin gleitet als geheimnisvolle Gestalt durch das fl\u00fcssige Dunkel von Black Water. Wo Malerei und Fotografie ineinanderflie\u00dfen, zeigt sie sich zerflie\u00dfend, zerbrechlich und wandelbar. Sie tanzt zwischen Licht und Schatten,\u00a0 ein fl\u00fcchtiges Wesen voller Widerspr\u00fcche, das sich der Kontrolle entzieht und gerade darin seine Sch\u00f6nheit findet. Wasser wird hier zum lebendigen Spiegel der [&hellip;]<\/p>\n","protected":false},"author":1,"featured_media":3860,"parent":0,"menu_order":0,"comment_status":"closed","ping_status":"closed","template":"","meta":{"ngg_post_thumbnail":0,"footnotes":""},"_links":{"self":[{"href":"https:\/\/heynekunstfabrik.de\/home\/wp-json\/wp\/v2\/pages\/3831"}],"collection":[{"href":"https:\/\/heynekunstfabrik.de\/home\/wp-json\/wp\/v2\/pages"}],"about":[{"href":"https:\/\/heynekunstfabrik.de\/home\/wp-json\/wp\/v2\/types\/page"}],"author":[{"embeddable":true,"href":"https:\/\/heynekunstfabrik.de\/home\/wp-json\/wp\/v2\/users\/1"}],"replies":[{"embeddable":true,"href":"https:\/\/heynekunstfabrik.de\/home\/wp-json\/wp\/v2\/comments?post=3831"}],"version-history":[{"count":3,"href":"https:\/\/heynekunstfabrik.de\/home\/wp-json\/wp\/v2\/pages\/3831\/revisions"}],"predecessor-version":[{"id":3864,"href":"https:\/\/heynekunstfabrik.de\/home\/wp-json\/wp\/v2\/pages\/3831\/revisions\/3864"}],"wp:featuredmedia":[{"embeddable":true,"href":"https:\/\/heynekunstfabrik.de\/home\/wp-json\/wp\/v2\/media\/3860"}],"wp:attachment":[{"href":"https:\/\/heynekunstfabrik.de\/home\/wp-json\/wp\/v2\/media?parent=3831"}],"curies":[{"name":"wp","href":"https:\/\/api.w.org\/{rel}","templated":true}]}}