{"id":3890,"date":"2026-01-07T16:20:41","date_gmt":"2026-01-07T16:20:41","guid":{"rendered":"https:\/\/heynekunstfabrik.de\/home\/?page_id=3890"},"modified":"2026-01-22T16:21:34","modified_gmt":"2026-01-22T16:21:34","slug":"tier-editionen","status":"publish","type":"page","link":"https:\/\/heynekunstfabrik.de\/home\/tier-editionen\/","title":{"rendered":"Tier-Editionen Walter Gerstung"},"content":{"rendered":"\n<p><strong>HAUSTIER ODER KR\u00dcMELMONSTER<\/strong><br>Der kleine Zoo des Walter Gerstung<\/p>\n\n\n\n<p>Neben seinen wechselnden Werkzyklen besch\u00e4ftigt&nbsp;Walter Gerstung seit Jahren das Thema Tierdarstellungen.<br><br>Ob Haustier, Wildtier oder Kr\u00fcmelmonster, die Tiermotive des K\u00fcnstlers haben es in sich. Gerstung malt die Motive nach Pl\u00fcschfiguren in seinem Fundus oder Abbildern aus der wilden Natur.<br><br>Dabei gibt es zwei Seiten der Medaille. Einige der Motive sind lieblich und harmlos, andere k\u00f6nnte man als bedrohlich wahrnehmen, w\u00e4ren sie nicht eigentlich Stofftiere, aber im unverwechselbaren Gerstung-Style.<\/p>\n\n\n\n<figure class=\"wp-block-table is-style-stripes\"><table><tbody><tr><td><strong>Titel<\/strong><\/td><td><strong>Format<\/strong><\/td><td><strong><strong>Beschreibung<\/strong><\/strong><\/td><td><strong>Preis<\/strong><\/td><\/tr><tr><td>Schaf<\/td><td>120&#215;160 cm<\/td><td>Originalgem\u00e4lde Acryl auf Canvas<\/td><td>2.800 \u20ac<\/td><\/tr><tr><td>Papagei<\/td><td>100&#215;140 cm<\/td><td>Originalgem\u00e4lde Acryl auf Canvas<\/td><td>2.600 \u20ac<\/td><\/tr><tr><td>Riss (mit Kopf) &nbsp;&nbsp;&nbsp;&nbsp;&nbsp;&nbsp;<\/td><td>100&#215;120 cm<\/td><td>Originalgem\u00e4lde Acryl auf Canvas<\/td><td>2.800 \u20ac<\/td><\/tr><tr><td>Nashorn&nbsp;<\/td><td>40 x 50 cm<\/td><td> Edition auf Fineart-Papier&nbsp;<\/td><td>340 \u20ac<\/td><\/tr><tr><td>Zebra\/Hase&nbsp;&nbsp;<\/td><td>40 x 50 cm<\/td><td> Edition auf Fineart-Papier&nbsp;<\/td><td>340 \u20ac<\/td><\/tr><tr><td>Kleines Monster<\/td><td>30 x 40 cm<\/td><td> Edition auf Fineart-Papier&nbsp;<\/td><td>280 \u20ac<\/td><\/tr><tr><td>Dachs<\/td><td> 30 x 40 cm<\/td><td> Edition auf Fineart-Papier&nbsp;<\/td><td>280 \u20ac<\/td><\/tr><tr><td>Papagei&nbsp;<\/td><td> 30 x 40 cm<\/td><td> Edition auf Fineart-Papier&nbsp;<\/td><td>280 \u20ac<\/td><\/tr><tr><td>Hase<\/td><td> 30 x 40 cm<\/td><td> Edition auf Fineart-Papier&nbsp;<\/td><td>280 \u20ac<\/td><\/tr><tr><td>B\u00e4rchen&nbsp;<\/td><td> 30 x 40 cm<\/td><td> Edition auf Fineart-Papier&nbsp;<\/td><td>280 \u20ac<\/td><\/tr><tr><td>Eule&nbsp;&nbsp;&nbsp;<\/td><td> 30 x 40 cm<\/td><td> Edition auf Fineart-Papier&nbsp;<\/td><td>280 \u20ac<\/td><\/tr><\/tbody><\/table><\/figure>\n\n\n\n<div style=\"height:56px\" aria-hidden=\"true\" class=\"wp-block-spacer\"><\/div>\n\n\n\n<figure class=\"wp-block-image size-large\"><a href=\"https:\/\/heynekunstfabrik.de\/home\/wp-content\/uploads\/2026\/01\/070126_HKF_Gerstung_Tiere_Leporello.jpg\"><img loading=\"lazy\" decoding=\"async\" width=\"1024\" height=\"256\" src=\"https:\/\/heynekunstfabrik.de\/home\/wp-content\/uploads\/2026\/01\/070126_HKF_Gerstung_Tiere_Leporello-1024x256.jpg\" alt=\"\" class=\"wp-image-3978\" srcset=\"https:\/\/heynekunstfabrik.de\/home\/wp-content\/uploads\/2026\/01\/070126_HKF_Gerstung_Tiere_Leporello-1024x256.jpg 1024w, https:\/\/heynekunstfabrik.de\/home\/wp-content\/uploads\/2026\/01\/070126_HKF_Gerstung_Tiere_Leporello-300x75.jpg 300w, https:\/\/heynekunstfabrik.de\/home\/wp-content\/uploads\/2026\/01\/070126_HKF_Gerstung_Tiere_Leporello-768x192.jpg 768w, https:\/\/heynekunstfabrik.de\/home\/wp-content\/uploads\/2026\/01\/070126_HKF_Gerstung_Tiere_Leporello-1536x384.jpg 1536w, https:\/\/heynekunstfabrik.de\/home\/wp-content\/uploads\/2026\/01\/070126_HKF_Gerstung_Tiere_Leporello-2048x512.jpg 2048w, https:\/\/heynekunstfabrik.de\/home\/wp-content\/uploads\/2026\/01\/070126_HKF_Gerstung_Tiere_Leporello-150x38.jpg 150w, https:\/\/heynekunstfabrik.de\/home\/wp-content\/uploads\/2026\/01\/070126_HKF_Gerstung_Tiere_Leporello-400x100.jpg 400w\" sizes=\"(max-width: 1024px) 100vw, 1024px\" \/><\/a><\/figure>\n\n\n\n<p><a href=\"https:\/\/heynekunstfabrik.de\/home\/wp-content\/uploads\/2026\/01\/070126_HKF_Gerstung_Tiere_Leporello_Web-1.pdf\" data-type=\"page\" data-id=\"3890\">Flyer Download<\/a><\/p>\n\n\n\n<figure class=\"wp-block-image size-full\"><a href=\"https:\/\/heynekunstfabrik.de\/home\/wp-content\/uploads\/2026\/01\/070126_HKF_Gerstung_Tiere_Leporello_Web-1.pdf\"><img decoding=\"async\" src=\"https:\/\/heynekunstfabrik.de\/home\/wp-content\/uploads\/2026\/01\/070126_HKF_Gerstung_Tiere_Leporello_Web-1.pdf\" alt=\"\" class=\"wp-image-3943\"\/><\/a><\/figure>\n","protected":false},"excerpt":{"rendered":"<p>HAUSTIER ODER KR\u00dcMELMONSTERDer kleine Zoo des Walter Gerstung Neben seinen wechselnden Werkzyklen besch\u00e4ftigt&nbsp;Walter Gerstung seit Jahren das Thema Tierdarstellungen. Ob Haustier, Wildtier oder Kr\u00fcmelmonster, die Tiermotive des K\u00fcnstlers haben es in sich. Gerstung malt die Motive nach Pl\u00fcschfiguren in seinem Fundus oder Abbildern aus der wilden Natur. Dabei gibt es zwei Seiten der Medaille. Einige [&hellip;]<\/p>\n","protected":false},"author":1,"featured_media":0,"parent":0,"menu_order":0,"comment_status":"closed","ping_status":"closed","template":"","meta":{"ngg_post_thumbnail":0,"footnotes":""},"_links":{"self":[{"href":"https:\/\/heynekunstfabrik.de\/home\/wp-json\/wp\/v2\/pages\/3890"}],"collection":[{"href":"https:\/\/heynekunstfabrik.de\/home\/wp-json\/wp\/v2\/pages"}],"about":[{"href":"https:\/\/heynekunstfabrik.de\/home\/wp-json\/wp\/v2\/types\/page"}],"author":[{"embeddable":true,"href":"https:\/\/heynekunstfabrik.de\/home\/wp-json\/wp\/v2\/users\/1"}],"replies":[{"embeddable":true,"href":"https:\/\/heynekunstfabrik.de\/home\/wp-json\/wp\/v2\/comments?post=3890"}],"version-history":[{"count":17,"href":"https:\/\/heynekunstfabrik.de\/home\/wp-json\/wp\/v2\/pages\/3890\/revisions"}],"predecessor-version":[{"id":3979,"href":"https:\/\/heynekunstfabrik.de\/home\/wp-json\/wp\/v2\/pages\/3890\/revisions\/3979"}],"wp:attachment":[{"href":"https:\/\/heynekunstfabrik.de\/home\/wp-json\/wp\/v2\/media?parent=3890"}],"curies":[{"name":"wp","href":"https:\/\/api.w.org\/{rel}","templated":true}]}}