{"id":4035,"date":"2026-03-30T10:50:53","date_gmt":"2026-03-30T10:50:53","guid":{"rendered":"https:\/\/heynekunstfabrik.de\/home\/?page_id=4035"},"modified":"2026-03-30T10:50:53","modified_gmt":"2026-03-30T10:50:53","slug":"studio-q10","status":"publish","type":"page","link":"https:\/\/heynekunstfabrik.de\/home\/studio-q10\/","title":{"rendered":"studio Q10"},"content":{"rendered":"\n<p>Concept Store &#8211; Opening Sommer\/Herbst 2026<br>Der Concept Store f\u00fcr Design, Kunst, M\u00f6bel, Objekte, Retro und andere sch\u00f6ne Dinge ist eine Shop-Kooperative mehrerer K\u00fcnstler und Kunsthandwerker, die den Shop gemeinsam betreiben werden.<\/p>\n\n\n\n<p>Aktuell k\u00f6nnen sich interessierte als Shop-Partner f\u00fcr Fl\u00e4chen (Wandfl\u00e4chen oder Stellfl\u00e4chen) bewerben unter Angabe des Produktsortiments, das sie anbieten m\u00f6chten . <\/p>\n\n\n\n<p>Das kann sein: <\/p>\n\n\n\n<p><\/p>\n\n\n\n<p>SORTIMENT: Kunstwerke \/ Cooles oder edles Kunsthandwerk wie \u00e4sthetische Gebrauchs-Keramik, Glas, dekorative Metallobjekte u.a.. Kunst wie Malerei, Skulpturen, Videokunst, Recycling-Kunst, Fotografie u.a.. Vintage-M\u00f6bel und Objekte, Lampen, Accessoires und moderne Souvenirs. Lebensmittel-Spezialit\u00e4ten (ohne K\u00fchlung) und BadOrb-Erinnerungsst\u00fccke. <\/p>\n\n\n\n<p>EINRICHTUNG\/AUSSTATTUNG: Der Laden wird sehr kreativ eingerichtet. Derzeit ist alles wei\u00df-grau, das wird sich \u00e4ndern durch Vintage-Mobiliar, neuen Holzboden, Wandvert\u00e4felungen und andere. Es soll eine Fundgrube werden, ohne Kitsch, Design-orientiert und immer auch mit Kunst zum Entdecken. Damit passt der Concept-Store optimal in das aufstrebende BadOrb-Kreativquartier. <\/p>\n\n\n\n<p>siehe auch <a href=\"http:\/\/www.badorb-kreativquartier.de\" target=\"_blank\" rel=\"noreferrer noopener\">www.badorb-kreativquartier.de<\/a><\/p>\n\n\n\n<p><\/p>\n\n\n\n<p>BETRIEBSKONZEPT: Mindestanwesenheit jedes Beteiligten an einem Tag im Monat (Freitag-Sonntag) und optional gerne weitere Tage zur Shopaufsicht. Ziel ist, es, 8-10 Beteiligte zu finden um mindestens 8 \u00d6ffnungstage im Monat plus freiwillig weitere Tage den Shop ge\u00f6ffnet zu haben. Als Anreiz f\u00fcr die Aufsichtspersonen kann ein Beteiligungsmodell bei Verk\u00e4ufen der Produkte der anderen von ca. 5 oder 10% Erfolgsprovision diskutiert werden &#8211; das ist noch offen. Dadurch, dass es mehrere Aufsichten gibt, k\u00f6nnen Aufsichtsdienste auch z.B. bei Urlauben mit anderen getauscht werden.<\/p>\n\n\n\n<p>VERF\u00dcGBARE FL\u00c4CHEN: Wandfl\u00e4che, Regalfl\u00e4che, Stellfl\u00e4che. Wechselweise Schaufensterbelegungen, z.B. Monatlich mit jeweils 2 Beteiligten oder Arrangements verschiedener Produkte zu Themen-Schaufenstern.<\/p>\n\n\n\n<p>Der Laden ist beheizbar und hat auch eine abgeschlossene Toilette mit Waschbecken. Eine Teek\u00fcche wird noch in den Laden integriert. <\/p>\n\n\n\n<p>\u00dcber die Ladenfl\u00e4che hinaus gibt es einen Werkstattanbau im Hof, eher als Arbeits- und Ausstellungsraum f\u00fcr Kunst, wie Skulpturen aus Holz\/Stein oder Metall. Dieser Raum ist derzeit ungeheizt.<br>Als weitere Fl\u00e4che gibt es einen Gew\u00f6lbekeller, der z.B. zum Weinkeller ausbaubar ist. Nicht f\u00fcr gastronomische Nutzung, aber f\u00fcr den Weinverkauf z.B. <\/p>\n\n\n\n<p><\/p>\n\n\n\n<p>Der Laden ist im Mai ger\u00e4umt und steht dann f\u00fcr Gespr\u00e4che und Besichtigungen zur Verf\u00fcgung. <\/p>\n\n\n\n<p>Ihr Ansprechpartner: <\/p>\n\n\n\n<p>Thomas Kypta,  kypta@heynekunstfabrik.de oder 069\/8570840<\/p>\n\n\n\n<p> <\/p>\n\n\n\n<p><\/p>\n","protected":false},"excerpt":{"rendered":"<p>Concept Store &#8211; Opening Sommer\/Herbst 2026Der Concept Store f\u00fcr Design, Kunst, M\u00f6bel, Objekte, Retro und andere sch\u00f6ne Dinge ist eine Shop-Kooperative mehrerer K\u00fcnstler und Kunsthandwerker, die den Shop gemeinsam betreiben werden. Aktuell k\u00f6nnen sich interessierte als Shop-Partner f\u00fcr Fl\u00e4chen (Wandfl\u00e4chen oder Stellfl\u00e4chen) bewerben unter Angabe des Produktsortiments, das sie anbieten m\u00f6chten . Das kann sein: [&hellip;]<\/p>\n","protected":false},"author":1,"featured_media":0,"parent":0,"menu_order":0,"comment_status":"closed","ping_status":"closed","template":"","meta":{"ngg_post_thumbnail":0,"footnotes":""},"_links":{"self":[{"href":"https:\/\/heynekunstfabrik.de\/home\/wp-json\/wp\/v2\/pages\/4035"}],"collection":[{"href":"https:\/\/heynekunstfabrik.de\/home\/wp-json\/wp\/v2\/pages"}],"about":[{"href":"https:\/\/heynekunstfabrik.de\/home\/wp-json\/wp\/v2\/types\/page"}],"author":[{"embeddable":true,"href":"https:\/\/heynekunstfabrik.de\/home\/wp-json\/wp\/v2\/users\/1"}],"replies":[{"embeddable":true,"href":"https:\/\/heynekunstfabrik.de\/home\/wp-json\/wp\/v2\/comments?post=4035"}],"version-history":[{"count":1,"href":"https:\/\/heynekunstfabrik.de\/home\/wp-json\/wp\/v2\/pages\/4035\/revisions"}],"predecessor-version":[{"id":4037,"href":"https:\/\/heynekunstfabrik.de\/home\/wp-json\/wp\/v2\/pages\/4035\/revisions\/4037"}],"wp:attachment":[{"href":"https:\/\/heynekunstfabrik.de\/home\/wp-json\/wp\/v2\/media?parent=4035"}],"curies":[{"name":"wp","href":"https:\/\/api.w.org\/{rel}","templated":true}]}}