{"id":4044,"date":"2026-04-13T14:02:36","date_gmt":"2026-04-13T14:02:36","guid":{"rendered":"https:\/\/heynekunstfabrik.de\/home\/?page_id=4044"},"modified":"2026-04-13T14:24:28","modified_gmt":"2026-04-13T14:24:28","slug":"ruediger-krenkel","status":"publish","type":"page","link":"https:\/\/heynekunstfabrik.de\/home\/ruediger-krenkel\/","title":{"rendered":"R\u00fcdiger Krenkel \u2013 K\u00fcnstler Vita"},"content":{"rendered":"\n<div class=\"wp-block-columns is-layout-flex wp-container-core-columns-is-layout-1 wp-block-columns-is-layout-flex\">\n<div class=\"wp-block-column is-layout-flow wp-block-column-is-layout-flow\" style=\"flex-basis:50%\">\n<div class=\"wp-block-group is-nowrap is-layout-flex wp-container-core-group-is-layout-1 wp-block-group-is-layout-flex\">\n<figure class=\"wp-block-image size-full is-resized\"><a href=\"https:\/\/heynekunstfabrik.de\/home\/wp-content\/uploads\/2026\/04\/Portrait-Ruediger-Krenkel-Foto-Thomas-Brenner-Kopie.jpg\"><img loading=\"lazy\" decoding=\"async\" width=\"1797\" height=\"1198\" src=\"https:\/\/heynekunstfabrik.de\/home\/wp-content\/uploads\/2026\/04\/Portrait-Ruediger-Krenkel-Foto-Thomas-Brenner-Kopie.jpg\" alt=\"\" class=\"wp-image-4055\" style=\"width:536px;height:auto\" srcset=\"https:\/\/heynekunstfabrik.de\/home\/wp-content\/uploads\/2026\/04\/Portrait-Ruediger-Krenkel-Foto-Thomas-Brenner-Kopie.jpg 1797w, https:\/\/heynekunstfabrik.de\/home\/wp-content\/uploads\/2026\/04\/Portrait-Ruediger-Krenkel-Foto-Thomas-Brenner-Kopie-300x200.jpg 300w, https:\/\/heynekunstfabrik.de\/home\/wp-content\/uploads\/2026\/04\/Portrait-Ruediger-Krenkel-Foto-Thomas-Brenner-Kopie-1024x683.jpg 1024w, https:\/\/heynekunstfabrik.de\/home\/wp-content\/uploads\/2026\/04\/Portrait-Ruediger-Krenkel-Foto-Thomas-Brenner-Kopie-768x512.jpg 768w, https:\/\/heynekunstfabrik.de\/home\/wp-content\/uploads\/2026\/04\/Portrait-Ruediger-Krenkel-Foto-Thomas-Brenner-Kopie-1536x1024.jpg 1536w, https:\/\/heynekunstfabrik.de\/home\/wp-content\/uploads\/2026\/04\/Portrait-Ruediger-Krenkel-Foto-Thomas-Brenner-Kopie-150x100.jpg 150w, https:\/\/heynekunstfabrik.de\/home\/wp-content\/uploads\/2026\/04\/Portrait-Ruediger-Krenkel-Foto-Thomas-Brenner-Kopie-400x267.jpg 400w\" sizes=\"(max-width: 1797px) 100vw, 1797px\" \/><\/a><\/figure>\n<\/div>\n<\/div>\n\n\n\n<div class=\"wp-block-column is-layout-flow wp-block-column-is-layout-flow\" style=\"flex-basis:50%\">\n<p>R\u00fcdiger Krenkel geboren 1962 in Stuttgart <br>lebt und arbeitet seit 2007 in Mannheim<\/p>\n\n\n\n<p><a href=\"https:\/\/krenkel.kafb.de\" data-type=\"link\" data-id=\"https:\/\/www.katharina-krenkel.de\">Website R\u00fcdiger Krenkel<\/a><\/p>\n<\/div>\n<\/div>\n\n\n\n<p><br><\/p>\n\n\n\n<h1 class=\"wp-block-heading\">AUSSTELLUNGEN \/ PROJEKTE (AUSWAHL)<strong><\/strong><\/h1>\n\n\n\n<p><strong>2022<\/strong><br>\u2013 Listening in Wild Places Tanztheaterprojekt von Amelia Eisen<br>\u2013 Kunstspaziergang Mannheim K\u00e4fertal<\/p>\n\n\n\n<p><strong>2021\/22<\/strong><br>Rollendes Museum\/ Pfannoptikum zusammen mit Katharina Krenkel<br>www.instagram.com\/pfann.optikum<br><br><strong>2021<\/strong><br>Sommerausstellung, Museum, St. Wendel<\/p>\n\n\n\n<p><strong>2018<\/strong><br>No Pain Big Gain \u2013 Tanztheaterprojekt von Miriam Markl<br>und Stahlplastik K\u00e4psele, Felina-Theater, Mannheim<\/p>\n\n\n\n<p><strong>2016-22<\/strong><br>\u2013 Altes Kl\u00e4rwerk Mannheim, Aufbau und Pflege des Gel\u00e4ndes als Begegnungsst\u00e4tte von Natur, Kunst u. Denkmal<br>\u2013 F\u00fchrungen f\u00fcr Gruppen auch mit Rhein-Neckar-Industriekultur e.V.<br>\u2013 Auff\u00fchrungen von Theater Carnivore, Heidelberg<\/p>\n\n\n\n<p><strong>2015<\/strong><br>\u2013 KRUSTE, Gro\u00dfplastik, Mannheimer Kunstverein, Mannheim<br>\u2013 BEINSTEIN, Symposium, Stempelpark, Mannheim-K\u00e4fertal<\/p>\n\n\n\n<p><strong>2013<\/strong><br>Strudel, Skulpturen-Symposium, Hemsbach<\/p>\n\n\n\n<p><strong>2012<\/strong><br>\u2013 aussichtKUNST, versch. Plastiken, Schlossberg, Freiburg<br>\u2013 artort012 , Projekt mit unterwegstheater Heidelberg<br>\u2013 Nebenort, Gemeinschaftsprojekt, Historische Kl\u00e4ranlage, Mannheim<\/p>\n\n\n\n<p><strong>2011<\/strong><br>\u2013 Glut glimme, Atelier Pumpenhaus, Mannheim<br>\u2013 A9 \u2013 Gemeinschaftsausstellung, Mannheim-K\u00e4fertal<br>\u2013 Bogenb\u00fcndel, Gro\u00dfplastik, Bildhauersymposium, Skulpturen-Rheinland-Pfalz e.V.<\/p>\n\n\n\n<p><strong>2010<\/strong><br>\u2013 Lichtwirbel \u2013 Illumination, Atelier Pumpenhaus, Mannheim<br>\u2013 historia y flores, Atelier Pumpenhaus, Mannheim<\/p>\n\n\n\n<p><strong>2009\/10<\/strong><br>Atelier und K\u00fcnstler, Kreiskulturwochen Rhein-Neckar<\/p>\n\n\n\n<p><strong>2009<\/strong><br>\u2013 Schwebend, Kunstverein, Lingenfeld<br>\u2013 Wirbelwesen \u2013 Objekte am Ursprung, Atelier Pumpenhaus, Mannheim<\/p>\n\n\n\n<p><strong>2008<\/strong><br>\u2013 Im Wege stehend, Schwetzingen<br>\u2013 Kulturapostel, Kunstverein Viernheim<br>\u2013 Artverwandt 03, G\u00f6nnheim<br>\u2013 Atelier Pumpenhaus, Mannheim<\/p>\n\n\n\n<p><strong>2007<\/strong><br>Park Weingut Fitz-Ritter, Kunstverein, Bad D\u00fcrkheim<\/p>\n\n\n\n<p><strong>2006<\/strong><br>\u2013 Blickachse Worms<br>\u2013 Alles Fu\u00dfball \u2013 oder was?, Museum St. Wendel<\/p>\n\n\n\n<p><strong>2005<\/strong><br>\u2013 Drei Gro\u00dfplastiken, Kunstgalerie Alte Nahebr\u00fccke, Bad Kreuznach<br>\u2013 Kunst im Landtag des Landes Rheinland-Pfalz, Mainz<\/p>\n\n\n\n<p><strong>2003<\/strong><br>\u2013 Spross, Gro\u00dfplastik, Bildhauersymposium G\u00f6llheim<\/p>\n\n\n\n<p><strong>2002<\/strong><br>Ausstellung von F\u00f6rderpreis Tr\u00e4gern des Landes Rheinland-Pfalz, Schloss Waldthausen, Mainz<\/p>\n\n\n\n<p><strong>1998<\/strong><br>Weinbergdrahttraube, Das Bad D\u00fcrkheim Projekt,<br>Kunstverein Bad D\u00fcrkheim<\/p>\n\n\n\n<p><strong>1991-93<\/strong><br>2167 Steine \u2013 Mahnmal gegen Rassismus, Projekt von Jochen Gerz und Studenten, Saarbr\u00fccken<\/p>\n\n\n\n<h1 class=\"wp-block-heading\">AUSBILDUNG<\/h1>\n\n\n\n<p><strong>1980-89 <\/strong><br>Steinmetzlehre, Berufsjahre, Meisterpr\u00fcfung<\/p>\n\n\n\n<p><strong>1989-92 <\/strong><br>freies Kunststudium, in der Klasse von Prof. Wolfgang Nestler und<br>Prof. Helmut Reichmann, Hochschule der Bildenden K\u00fcnste, Saarbr\u00fccken<\/p>\n\n\n\n<p><strong>1992-95 <\/strong><br>Diplom, Bildhauerei, in der Klasse von Prof. Hiromi Akiyama,<br>Akademie der Bildenden K\u00fcnste, Karlsruhe<\/p>\n\n\n\n<p><strong>1995-2007 <\/strong><br>freischaffender Bildhauer, Niederkirchen, Landkreis Kaiserslautern<\/p>\n\n\n\n<h1 class=\"wp-block-heading\">PUBLIKATIONEN<\/h1>\n\n\n\n<p><strong>2021<\/strong><br>Sommerausstellung, Museum, St. Wendel<\/p>\n\n\n\n<p><strong>2013<\/strong><br>miteinander bewegen, Skulpturen Symposium, Hemsbach<\/p>\n\n\n\n<p><strong>2012<\/strong><br>aussichtKunst, Skulpturen u. Objekte, auf dem Freiburger Schlossberg<\/p>\n\n\n\n<p><strong>2011<\/strong><br>Bildhauersymposium, Skulpturen Rheinland-Pfalz e.V.<\/p>\n\n\n\n<p><strong>2009\/10<\/strong><br>Atelier und K\u00fcnstler, 20. Kreiskulturwoche 2009\/10, Rhein-Neckar-Kreis<\/p>\n\n\n\n<p><strong>2008<\/strong><br>\u2013 kunstwege \u2013 wegekunst, Die Kunst in G\u00f6llheim<br>\u2013 Im Wege stehend V., 10 x Kunst in Schwetzingen<\/p>\n\n\n\n<p><strong>2006<\/strong><br>\u2013 Blickachse Dokumentation, Kunst 2006, Worms<br>\u2013 Alles Fu\u00dfball \u2013 oder was?, Museum St. Wendel<\/p>\n\n\n\n<p><strong>2003<\/strong><br>\u2013 Windfahnen und Wetterh\u00e4hne, Kunst-Projekt des Unnerhaus Kulturclub e.V., Landstuhl<\/p>\n\n\n\n<p><strong>1998<\/strong><br>Das Bad D\u00fcrkheimprojekt, mit dem Kunstverein Bad D\u00fcrkheim<\/p>\n\n\n\n<h1 class=\"wp-block-heading\">PREISE \/ F\u00d6RDERUNGEN<\/h1>\n\n\n\n<p><strong>1995<\/strong>&nbsp;&nbsp;&nbsp;&nbsp; &nbsp;&nbsp;&nbsp;&nbsp;&nbsp;<br>F\u00f6rderpreis des Landes Rheinland-Pfalz<\/p>\n","protected":false},"excerpt":{"rendered":"<p>R\u00fcdiger Krenkel geboren 1962 in Stuttgart lebt und arbeitet seit 2007 in Mannheim Website R\u00fcdiger Krenkel AUSSTELLUNGEN \/ PROJEKTE (AUSWAHL) 2022\u2013 Listening in Wild Places Tanztheaterprojekt von Amelia Eisen\u2013 Kunstspaziergang Mannheim K\u00e4fertal 2021\/22Rollendes Museum\/ Pfannoptikum zusammen mit Katharina Krenkelwww.instagram.com\/pfann.optikum 2021Sommerausstellung, Museum, St. Wendel 2018No Pain Big Gain \u2013 Tanztheaterprojekt von Miriam Marklund Stahlplastik K\u00e4psele, Felina-Theater, [&hellip;]<\/p>\n","protected":false},"author":1,"featured_media":0,"parent":0,"menu_order":0,"comment_status":"closed","ping_status":"closed","template":"templates\/fullwidth.php","meta":{"ngg_post_thumbnail":0,"footnotes":""},"_links":{"self":[{"href":"https:\/\/heynekunstfabrik.de\/home\/wp-json\/wp\/v2\/pages\/4044"}],"collection":[{"href":"https:\/\/heynekunstfabrik.de\/home\/wp-json\/wp\/v2\/pages"}],"about":[{"href":"https:\/\/heynekunstfabrik.de\/home\/wp-json\/wp\/v2\/types\/page"}],"author":[{"embeddable":true,"href":"https:\/\/heynekunstfabrik.de\/home\/wp-json\/wp\/v2\/users\/1"}],"replies":[{"embeddable":true,"href":"https:\/\/heynekunstfabrik.de\/home\/wp-json\/wp\/v2\/comments?post=4044"}],"version-history":[{"count":10,"href":"https:\/\/heynekunstfabrik.de\/home\/wp-json\/wp\/v2\/pages\/4044\/revisions"}],"predecessor-version":[{"id":4065,"href":"https:\/\/heynekunstfabrik.de\/home\/wp-json\/wp\/v2\/pages\/4044\/revisions\/4065"}],"wp:attachment":[{"href":"https:\/\/heynekunstfabrik.de\/home\/wp-json\/wp\/v2\/media?parent=4044"}],"curies":[{"name":"wp","href":"https:\/\/api.w.org\/{rel}","templated":true}]}}